{"id":716,"date":"2021-04-06T11:58:03","date_gmt":"2021-04-06T08:58:03","guid":{"rendered":"https:\/\/www.kuninkaanportti.fi\/?page_id=716"},"modified":"2025-01-22T14:34:35","modified_gmt":"2025-01-22T12:34:35","slug":"ajankohtaista","status":"publish","type":"page","link":"https:\/\/www.kuninkaanportti.fi\/en\/ajankohtaista\/","title":{"rendered":"Current events"},"content":{"rendered":"<div data-elementor-type=\"wp-page\" data-elementor-id=\"716\" class=\"elementor elementor-716\">\n\t\t\t\t\t\t<section class=\"elementor-section elementor-top-section elementor-element elementor-element-0d38995 elementor-section-stretched elementor-section-boxed elementor-section-height-default elementor-section-height-default\" data-id=\"0d38995\" data-element_type=\"section\" data-e-type=\"section\" data-settings=\"{&quot;stretch_section&quot;:&quot;section-stretched&quot;}\">\n\t\t\t\t\t\t<div class=\"elementor-container elementor-column-gap-default\">\n\t\t\t\t\t<div class=\"elementor-column elementor-col-100 elementor-top-column elementor-element elementor-element-ebde620\" data-id=\"ebde620\" data-element_type=\"column\" data-e-type=\"column\">\n\t\t\t<div class=\"elementor-widget-wrap elementor-element-populated\">\n\t\t\t\t\t\t<div class=\"elementor-element elementor-element-180c53f elementor-widget elementor-widget-wp-widget-recent-posts\" data-id=\"180c53f\" data-element_type=\"widget\" data-e-type=\"widget\" data-widget_type=\"wp-widget-recent-posts.default\">\n\t\t\t\t<div class=\"elementor-widget-container\">\n\t\t\t\t\t\n\t\t\n\t\t<h5>Latest news:<\/h5>\n\t\t<ul>\n\t\t\t\t\t\t\t\t\t\t\t<li>\n\t\t\t\t\t<a href=\"https:\/\/www.kuninkaanportti.fi\/en\/helpon-joulun-evaat-saat-meilta\/\">Get easy Christmas picnics from us!<\/a>\n\t\t\t\t\t\t\t\t\t\t\t<span class=\"post-date\">2.12.2025<\/span>\n\t\t\t\t\t\t\t\t\t<\/li>\n\t\t\t\t\t\t\t\t\t\t\t<li>\n\t\t\t\t\t<a href=\"https:\/\/www.kuninkaanportti.fi\/en\/vastuullinen-kuninkaan-portti\/\">King's Gate has been awarded the Sustainable Travel Finland (STF) label for its responsible operations<\/a>\n\t\t\t\t\t\t\t\t\t\t\t<span class=\"post-date\">15.11.2025<\/span>\n\t\t\t\t\t\t\t\t\t<\/li>\n\t\t\t\t\t\t\t\t\t\t\t<li>\n\t\t\t\t\t<a href=\"https:\/\/www.kuninkaanportti.fi\/en\/tulossa-isanpaivana-9-11-2025\/\">Father's Day lunch downstairs 9.11. at 11-16<\/a>\n\t\t\t\t\t\t\t\t\t\t\t<span class=\"post-date\">21.10.2025<\/span>\n\t\t\t\t\t\t\t\t\t<\/li>\n\t\t\t\t\t\t\t\t\t\t\t<li>\n\t\t\t\t\t<a href=\"https:\/\/www.kuninkaanportti.fi\/en\/tilausmenut-ovat-uudistuneet\/\">The order menus have been renewed!<\/a>\n\t\t\t\t\t\t\t\t\t\t\t<span class=\"post-date\">17.4.2024<\/span>\n\t\t\t\t\t\t\t\t\t<\/li>\n\t\t\t\t\t\t\t\t\t\t\t<li>\n\t\t\t\t\t<a href=\"https:\/\/www.kuninkaanportti.fi\/en\/tulossa-portin-perinteinen-vappubrunssi-1-5\/\">Coming: the traditional Port's May Day brunch on 1.5.!<\/a>\n\t\t\t\t\t\t\t\t\t\t\t<span class=\"post-date\">17.4.2024<\/span>\n\t\t\t\t\t\t\t\t\t<\/li>\n\t\t\t\t\t<\/ul>\n\n\t\t\t\t\t\t<\/div>\n\t\t\t\t<\/div>\n\t\t\t\t\t<\/div>\n\t\t<\/div>\n\t\t\t\t\t<\/div>\n\t\t<\/section>\n\t\t\t\t<\/div>","protected":false},"excerpt":{"rendered":"","protected":false},"author":1,"featured_media":742,"parent":0,"menu_order":0,"comment_status":"closed","ping_status":"closed","template":"page-templates\/template-pagebuilder-full-width.php","meta":{"footnotes":""},"class_list":["post-716","page","type-page","status-publish","has-post-thumbnail","hentry"],"yoast_head":"<!-- This site is optimized with the Yoast SEO plugin v24.8.1 - https:\/\/yoast.com\/wordpress\/plugins\/seo\/ -->\n<title>Ajankohtaista Kuninkaan Portilla, Tiedot tulevista tapahtumista<\/title>\n<meta name=\"description\" content=\"Tarkista viimeisimm\u00e4t tiedotteet ja t\u00e4rkeimm\u00e4t p\u00e4iv\u00e4m\u00e4\u00e4r\u00e4t Ajankohtaista -sivustolta. T\u00e4\u00e4lt\u00e4 l\u00f6yd\u00e4t tiedot tulevista tapahtumista\" \/>\n<meta name=\"robots\" content=\"index, follow, max-snippet:-1, max-image-preview:large, max-video-preview:-1\" \/>\n<link rel=\"canonical\" href=\"https:\/\/www.kuninkaanportti.fi\/en\/ajankohtaista\/\" \/>\n<meta property=\"og:locale\" content=\"en_GB\" \/>\n<meta property=\"og:type\" content=\"article\" \/>\n<meta property=\"og:title\" content=\"Ajankohtaista Kuninkaan Portilla, Tiedot tulevista tapahtumista\" \/>\n<meta property=\"og:description\" content=\"Tarkista viimeisimm\u00e4t tiedotteet ja t\u00e4rkeimm\u00e4t p\u00e4iv\u00e4m\u00e4\u00e4r\u00e4t Ajankohtaista -sivustolta. T\u00e4\u00e4lt\u00e4 l\u00f6yd\u00e4t tiedot tulevista tapahtumista\" \/>\n<meta property=\"og:url\" content=\"https:\/\/www.kuninkaanportti.fi\/en\/ajankohtaista\/\" \/>\n<meta property=\"og:site_name\" content=\"Kuninkaanportti Hartola\" \/>\n<meta property=\"article:modified_time\" content=\"2025-01-22T12:34:35+00:00\" \/>\n<meta property=\"og:image\" content=\"https:\/\/www.kuninkaanportti.fi\/wp-content\/uploads\/2021\/04\/kalastus_hartola.jpg\" \/>\n\t<meta property=\"og:image:width\" content=\"1880\" \/>\n\t<meta property=\"og:image:height\" content=\"681\" \/>\n\t<meta property=\"og:image:type\" content=\"image\/jpeg\" \/>\n<meta name=\"twitter:card\" content=\"summary_large_image\" \/>\n<meta name=\"twitter:label1\" content=\"Estimated reading time\" \/>\n\t<meta name=\"twitter:data1\" content=\"1 minute\" \/>\n<script type=\"application\/ld+json\" class=\"yoast-schema-graph\">{\"@context\":\"https:\/\/schema.org\",\"@graph\":[{\"@type\":\"WebPage\",\"@id\":\"https:\/\/www.kuninkaanportti.fi\/ajankohtaista\/\",\"url\":\"https:\/\/www.kuninkaanportti.fi\/ajankohtaista\/\",\"name\":\"Ajankohtaista Kuninkaan Portilla, Tiedot tulevista tapahtumista\",\"isPartOf\":{\"@id\":\"https:\/\/www.kuninkaanportti.fi\/#website\"},\"primaryImageOfPage\":{\"@id\":\"https:\/\/www.kuninkaanportti.fi\/ajankohtaista\/#primaryimage\"},\"image\":{\"@id\":\"https:\/\/www.kuninkaanportti.fi\/ajankohtaista\/#primaryimage\"},\"thumbnailUrl\":\"https:\/\/www.kuninkaanportti.fi\/wp-content\/uploads\/2021\/04\/kalastus_hartola.jpg\",\"datePublished\":\"2021-04-06T08:58:03+00:00\",\"dateModified\":\"2025-01-22T12:34:35+00:00\",\"description\":\"Tarkista viimeisimm\u00e4t tiedotteet ja t\u00e4rkeimm\u00e4t p\u00e4iv\u00e4m\u00e4\u00e4r\u00e4t Ajankohtaista -sivustolta. T\u00e4\u00e4lt\u00e4 l\u00f6yd\u00e4t tiedot tulevista tapahtumista\",\"breadcrumb\":{\"@id\":\"https:\/\/www.kuninkaanportti.fi\/ajankohtaista\/#breadcrumb\"},\"inLanguage\":\"en-GB\",\"potentialAction\":[{\"@type\":\"ReadAction\",\"target\":[\"https:\/\/www.kuninkaanportti.fi\/ajankohtaista\/\"]}]},{\"@type\":\"ImageObject\",\"inLanguage\":\"en-GB\",\"@id\":\"https:\/\/www.kuninkaanportti.fi\/ajankohtaista\/#primaryimage\",\"url\":\"https:\/\/www.kuninkaanportti.fi\/wp-content\/uploads\/2021\/04\/kalastus_hartola.jpg\",\"contentUrl\":\"https:\/\/www.kuninkaanportti.fi\/wp-content\/uploads\/2021\/04\/kalastus_hartola.jpg\",\"width\":1880,\"height\":681},{\"@type\":\"BreadcrumbList\",\"@id\":\"https:\/\/www.kuninkaanportti.fi\/ajankohtaista\/#breadcrumb\",\"itemListElement\":[{\"@type\":\"ListItem\",\"position\":1,\"name\":\"Etusivu\",\"item\":\"https:\/\/www.kuninkaanportti.fi\/\"},{\"@type\":\"ListItem\",\"position\":2,\"name\":\"Ajankohtaista\"}]},{\"@type\":\"WebSite\",\"@id\":\"https:\/\/www.kuninkaanportti.fi\/#website\",\"url\":\"https:\/\/www.kuninkaanportti.fi\/\",\"name\":\"Kuninkaanportti Hartola\",\"description\":\"Lounasravintola &amp; kokous- ja juhlapalvelut\",\"publisher\":{\"@id\":\"https:\/\/www.kuninkaanportti.fi\/#organization\"},\"potentialAction\":[{\"@type\":\"SearchAction\",\"target\":{\"@type\":\"EntryPoint\",\"urlTemplate\":\"https:\/\/www.kuninkaanportti.fi\/?s={search_term_string}\"},\"query-input\":{\"@type\":\"PropertyValueSpecification\",\"valueRequired\":true,\"valueName\":\"search_term_string\"}}],\"inLanguage\":\"en-GB\"},{\"@type\":\"Organization\",\"@id\":\"https:\/\/www.kuninkaanportti.fi\/#organization\",\"name\":\"Kuninkaanportti Hartola\",\"url\":\"https:\/\/www.kuninkaanportti.fi\/\",\"logo\":{\"@type\":\"ImageObject\",\"inLanguage\":\"en-GB\",\"@id\":\"https:\/\/www.kuninkaanportti.fi\/#\/schema\/logo\/image\/\",\"url\":\"https:\/\/www.kuninkaanportti.fi\/wp-content\/uploads\/2021\/03\/cropped-kuninkaanportti_logo_512.png\",\"contentUrl\":\"https:\/\/www.kuninkaanportti.fi\/wp-content\/uploads\/2021\/03\/cropped-kuninkaanportti_logo_512.png\",\"width\":512,\"height\":512,\"caption\":\"Kuninkaanportti Hartola\"},\"image\":{\"@id\":\"https:\/\/www.kuninkaanportti.fi\/#\/schema\/logo\/image\/\"}}]}<\/script>\n<!-- \/ Yoast SEO plugin. -->","yoast_head_json":{"title":"News at the King's Gate, Information about upcoming events","description":"Check the latest releases and key dates on the News page. Here you can find information on upcoming events","robots":{"index":"index","follow":"follow","max-snippet":"max-snippet:-1","max-image-preview":"max-image-preview:large","max-video-preview":"max-video-preview:-1"},"canonical":"https:\/\/www.kuninkaanportti.fi\/en\/ajankohtaista\/","og_locale":"en_GB","og_type":"article","og_title":"Ajankohtaista Kuninkaan Portilla, Tiedot tulevista tapahtumista","og_description":"Tarkista viimeisimm\u00e4t tiedotteet ja t\u00e4rkeimm\u00e4t p\u00e4iv\u00e4m\u00e4\u00e4r\u00e4t Ajankohtaista -sivustolta. T\u00e4\u00e4lt\u00e4 l\u00f6yd\u00e4t tiedot tulevista tapahtumista","og_url":"https:\/\/www.kuninkaanportti.fi\/en\/ajankohtaista\/","og_site_name":"Kuninkaanportti Hartola","article_modified_time":"2025-01-22T12:34:35+00:00","og_image":[{"width":1880,"height":681,"url":"https:\/\/www.kuninkaanportti.fi\/wp-content\/uploads\/2021\/04\/kalastus_hartola.jpg","type":"image\/jpeg"}],"twitter_card":"summary_large_image","twitter_misc":{"Estimated reading time":"1 minute"},"schema":{"@context":"https:\/\/schema.org","@graph":[{"@type":"WebPage","@id":"https:\/\/www.kuninkaanportti.fi\/ajankohtaista\/","url":"https:\/\/www.kuninkaanportti.fi\/ajankohtaista\/","name":"News at the King's Gate, Information about upcoming events","isPartOf":{"@id":"https:\/\/www.kuninkaanportti.fi\/#website"},"primaryImageOfPage":{"@id":"https:\/\/www.kuninkaanportti.fi\/ajankohtaista\/#primaryimage"},"image":{"@id":"https:\/\/www.kuninkaanportti.fi\/ajankohtaista\/#primaryimage"},"thumbnailUrl":"https:\/\/www.kuninkaanportti.fi\/wp-content\/uploads\/2021\/04\/kalastus_hartola.jpg","datePublished":"2021-04-06T08:58:03+00:00","dateModified":"2025-01-22T12:34:35+00:00","description":"Check the latest releases and key dates on the News page. Here you can find information on upcoming events","breadcrumb":{"@id":"https:\/\/www.kuninkaanportti.fi\/ajankohtaista\/#breadcrumb"},"inLanguage":"en-GB","potentialAction":[{"@type":"ReadAction","target":["https:\/\/www.kuninkaanportti.fi\/ajankohtaista\/"]}]},{"@type":"ImageObject","inLanguage":"en-GB","@id":"https:\/\/www.kuninkaanportti.fi\/ajankohtaista\/#primaryimage","url":"https:\/\/www.kuninkaanportti.fi\/wp-content\/uploads\/2021\/04\/kalastus_hartola.jpg","contentUrl":"https:\/\/www.kuninkaanportti.fi\/wp-content\/uploads\/2021\/04\/kalastus_hartola.jpg","width":1880,"height":681},{"@type":"BreadcrumbList","@id":"https:\/\/www.kuninkaanportti.fi\/ajankohtaista\/#breadcrumb","itemListElement":[{"@type":"ListItem","position":1,"name":"Etusivu","item":"https:\/\/www.kuninkaanportti.fi\/"},{"@type":"ListItem","position":2,"name":"Ajankohtaista"}]},{"@type":"WebSite","@id":"https:\/\/www.kuninkaanportti.fi\/#website","url":"https:\/\/www.kuninkaanportti.fi\/","name":"King's Gate Hartola","description":"Lunch restaurant &amp; meeting and banqueting services","publisher":{"@id":"https:\/\/www.kuninkaanportti.fi\/#organization"},"potentialAction":[{"@type":"SearchAction","target":{"@type":"EntryPoint","urlTemplate":"https:\/\/www.kuninkaanportti.fi\/?s={search_term_string}"},"query-input":{"@type":"PropertyValueSpecification","valueRequired":true,"valueName":"search_term_string"}}],"inLanguage":"en-GB"},{"@type":"Organization","@id":"https:\/\/www.kuninkaanportti.fi\/#organization","name":"King's Gate Hartola","url":"https:\/\/www.kuninkaanportti.fi\/","logo":{"@type":"ImageObject","inLanguage":"en-GB","@id":"https:\/\/www.kuninkaanportti.fi\/#\/schema\/logo\/image\/","url":"https:\/\/www.kuninkaanportti.fi\/wp-content\/uploads\/2021\/03\/cropped-kuninkaanportti_logo_512.png","contentUrl":"https:\/\/www.kuninkaanportti.fi\/wp-content\/uploads\/2021\/03\/cropped-kuninkaanportti_logo_512.png","width":512,"height":512,"caption":"Kuninkaanportti Hartola"},"image":{"@id":"https:\/\/www.kuninkaanportti.fi\/#\/schema\/logo\/image\/"}}]}},"_links":{"self":[{"href":"https:\/\/www.kuninkaanportti.fi\/en\/wp-json\/wp\/v2\/pages\/716","targetHints":{"allow":["GET"]}}],"collection":[{"href":"https:\/\/www.kuninkaanportti.fi\/en\/wp-json\/wp\/v2\/pages"}],"about":[{"href":"https:\/\/www.kuninkaanportti.fi\/en\/wp-json\/wp\/v2\/types\/page"}],"author":[{"embeddable":true,"href":"https:\/\/www.kuninkaanportti.fi\/en\/wp-json\/wp\/v2\/users\/1"}],"replies":[{"embeddable":true,"href":"https:\/\/www.kuninkaanportti.fi\/en\/wp-json\/wp\/v2\/comments?post=716"}],"version-history":[{"count":93,"href":"https:\/\/www.kuninkaanportti.fi\/en\/wp-json\/wp\/v2\/pages\/716\/revisions"}],"predecessor-version":[{"id":1465,"href":"https:\/\/www.kuninkaanportti.fi\/en\/wp-json\/wp\/v2\/pages\/716\/revisions\/1465"}],"wp:featuredmedia":[{"embeddable":true,"href":"https:\/\/www.kuninkaanportti.fi\/en\/wp-json\/wp\/v2\/media\/742"}],"wp:attachment":[{"href":"https:\/\/www.kuninkaanportti.fi\/en\/wp-json\/wp\/v2\/media?parent=716"}],"curies":[{"name":"wp","href":"https:\/\/api.w.org\/{rel}","templated":true}]}}