{"id":550,"date":"2021-04-01T16:14:28","date_gmt":"2021-04-01T13:14:28","guid":{"rendered":"https:\/\/www.kuninkaanportti.fi\/?page_id=550"},"modified":"2025-01-23T09:23:00","modified_gmt":"2025-01-23T07:23:00","slug":"tarjouspyynto","status":"publish","type":"page","link":"https:\/\/www.kuninkaanportti.fi\/en\/tarjouspyynto\/","title":{"rendered":"Offer request"},"content":{"rendered":"\t\t<div data-elementor-type=\"wp-page\" data-elementor-id=\"550\" class=\"elementor elementor-550\">\n\t\t\t\t\t\t<section class=\"elementor-section elementor-top-section elementor-element elementor-element-51c34c5 elementor-section-boxed elementor-section-height-default elementor-section-height-default\" data-id=\"51c34c5\" data-element_type=\"section\" data-e-type=\"section\">\n\t\t\t\t\t\t<div class=\"elementor-container elementor-column-gap-default\">\n\t\t\t\t\t<div class=\"elementor-column elementor-col-100 elementor-top-column elementor-element elementor-element-07daede\" data-id=\"07daede\" data-element_type=\"column\" data-e-type=\"column\">\n\t\t\t<div class=\"elementor-widget-wrap elementor-element-populated\">\n\t\t\t\t\t\t<div class=\"elementor-element elementor-element-4b6229c elementor-widget elementor-widget-text-editor\" data-id=\"4b6229c\" data-element_type=\"widget\" data-e-type=\"widget\" data-widget_type=\"text-editor.default\">\n\t\t\t\t<div class=\"elementor-widget-container\">\n\t\t\t\t\t\t\t\t\t<p style=\"text-align: center;\"><strong>Tilaukset, tiedustelut ja tarjouspyynn\u00f6t<\/strong><br \/>Mit\u00e4 tarkemmat tiedot ilmoitat, sit\u00e4 varmemmin saat tarpeisiisi sopivan tarjouksen. Katsothan ensin l\u00f6ytyyk\u00f6 sivuiltamme mit\u00e4\u00e4n teille sopivaa.<\/p><p style=\"text-align: center;\"><b>Muistathan ettei tarjouspyynt\u00f6 ole lopullinen varaus<\/b>.<\/p>\t\t\t\t\t\t\t\t<\/div>\n\t\t\t\t<\/div>\n\t\t\t\t\t<\/div>\n\t\t<\/div>\n\t\t\t\t\t<\/div>\n\t\t<\/section>\n\t\t\t\t<section class=\"elementor-section elementor-top-section elementor-element elementor-element-1813956 elementor-section-full_width elementor-section-height-default elementor-section-height-default\" data-id=\"1813956\" data-element_type=\"section\" data-e-type=\"section\">\n\t\t\t\t\t\t<div class=\"elementor-container elementor-column-gap-no\">\n\t\t\t\t\t<div class=\"elementor-column elementor-col-100 elementor-top-column elementor-element elementor-element-c9703c6\" data-id=\"c9703c6\" data-element_type=\"column\" data-e-type=\"column\">\n\t\t\t<div class=\"elementor-widget-wrap elementor-element-populated\">\n\t\t\t\t\t\t<div class=\"elementor-element elementor-element-355e5bc elementor-widget-divider--view-line_icon elementor-view-default elementor-widget-divider--element-align-center elementor-widget elementor-widget-divider\" data-id=\"355e5bc\" data-element_type=\"widget\" data-e-type=\"widget\" data-widget_type=\"divider.default\">\n\t\t\t\t<div class=\"elementor-widget-container\">\n\t\t\t\t\t\t\t<div class=\"elementor-divider\">\n\t\t\t<span class=\"elementor-divider-separator\">\n\t\t\t\t\t\t\t<div class=\"elementor-icon elementor-divider__element\">\n\t\t\t\t\t<i aria-hidden=\"true\" class=\"fas fa-crown\"><\/i><\/div>\n\t\t\t\t\t\t<\/span>\n\t\t<\/div>\n\t\t\t\t\t\t<\/div>\n\t\t\t\t<\/div>\n\t\t\t\t\t<\/div>\n\t\t<\/div>\n\t\t\t\t\t<\/div>\n\t\t<\/section>\n\t\t\t\t<section class=\"elementor-section elementor-top-section elementor-element elementor-element-6b824863 elementor-section-boxed elementor-section-height-default elementor-section-height-default\" data-id=\"6b824863\" data-element_type=\"section\" data-e-type=\"section\">\n\t\t\t\t\t\t\t<div class=\"elementor-background-overlay\"><\/div>\n\t\t\t\t\t\t\t<div class=\"elementor-container elementor-column-gap-default\">\n\t\t\t\t\t<div class=\"elementor-column elementor-col-100 elementor-top-column elementor-element elementor-element-3c7627e7\" data-id=\"3c7627e7\" data-element_type=\"column\" data-e-type=\"column\">\n\t\t\t<div class=\"elementor-widget-wrap elementor-element-populated\">\n\t\t\t\t\t\t<div class=\"elementor-element elementor-element-e0ef5f9 elementor-widget elementor-widget-wpforms\" data-id=\"e0ef5f9\" data-element_type=\"widget\" data-e-type=\"widget\" data-widget_type=\"wpforms.default\">\n\t\t\t\t<div class=\"elementor-widget-container\">\n\t\t\t\t\t<div class=\"wpforms-container wpforms-container-full\" id=\"wpforms-548\"><form id=\"wpforms-form-548\" class=\"wpforms-validate wpforms-form wpforms-ajax-form\" data-formid=\"548\" method=\"post\" enctype=\"multipart\/form-data\" action=\"\/en\/wp-json\/wp\/v2\/pages\/550\" data-token=\"d9e5aed2da37b063a266f7180dcd2774\" data-token-time=\"1775245874\"><noscript class=\"wpforms-error-noscript\">Please enable JavaScript in your browser to complete this form.<\/noscript><div class=\"wpforms-field-container\"><div id=\"wpforms-548-field_0-container\" class=\"wpforms-field wpforms-field-name\" data-field-id=\"0\"><label class=\"wpforms-field-label\" for=\"wpforms-548-field_0\">Nimi <span class=\"wpforms-required-label\">*<\/span><\/label><input type=\"text\" id=\"wpforms-548-field_0\" class=\"wpforms-field-medium wpforms-field-required\" name=\"wpforms[fields][0]\" required><\/div><div id=\"wpforms-548-field_5-container\" class=\"wpforms-field wpforms-field-text\" data-field-id=\"5\"><label class=\"wpforms-field-label\" for=\"wpforms-548-field_5\">Puhelinnumero <span class=\"wpforms-required-label\">*<\/span><\/label><input type=\"text\" id=\"wpforms-548-field_5\" class=\"wpforms-field-small wpforms-field-required\" name=\"wpforms[fields][5]\" required><\/div><div id=\"wpforms-548-field_1-container\" class=\"wpforms-field wpforms-field-email\" data-field-id=\"1\"><label class=\"wpforms-field-label\" for=\"wpforms-548-field_1\">S\u00e4hk\u00f6postiosoite<\/label><input type=\"email\" id=\"wpforms-548-field_1\" class=\"wpforms-field-small\" name=\"wpforms[fields][1]\" spellcheck=\"false\" ><\/div><div id=\"wpforms-548-field_6-container\" class=\"wpforms-field wpforms-field-text\" data-field-id=\"6\"><label class=\"wpforms-field-label\" for=\"wpforms-548-field_6\">Tilaisuuden p\u00e4iv\u00e4m\u00e4\u00e4r\u00e4 ja kellonaika <span class=\"wpforms-required-label\">*<\/span><\/label><input type=\"text\" id=\"wpforms-548-field_6\" class=\"wpforms-field-medium wpforms-field-required\" name=\"wpforms[fields][6]\" required><\/div><div id=\"wpforms-548-field_14-container\" class=\"wpforms-field wpforms-field-text\" data-field-id=\"14\"><label class=\"wpforms-field-label\" for=\"wpforms-548-field_14\">Henkil\u00f6m\u00e4\u00e4r\u00e4<\/label><input type=\"text\" id=\"wpforms-548-field_14\" class=\"wpforms-field-medium\" name=\"wpforms[fields][14]\" ><div class=\"wpforms-field-description\">Aikuisia \/ Lapsia<\/div><\/div><div id=\"wpforms-548-field_8-container\" class=\"wpforms-field wpforms-field-text\" data-field-id=\"8\"><label class=\"wpforms-field-label\" for=\"wpforms-548-field_8\">Tilaisuuden luonne<\/label><input type=\"text\" id=\"wpforms-548-field_8\" class=\"wpforms-field-medium\" name=\"wpforms[fields][8]\" ><div class=\"wpforms-field-description\">Esim. h\u00e4\u00e4t, yrityksen juhlat, edustustilaisuus, teatteriseurue, pikkujoulut, joku muu<\/div><\/div><div id=\"wpforms-548-field_9-container\" class=\"wpforms-field wpforms-field-textarea\" data-field-id=\"9\"><label class=\"wpforms-field-label\" for=\"wpforms-548-field_9\">Ruokatoiveet<\/label><textarea id=\"wpforms-548-field_9\" class=\"wpforms-field-medium\" name=\"wpforms[fields][9]\" ><\/textarea><div class=\"wpforms-field-description\">Kuvaile t\u00e4h\u00e4n ruokatoiveitasi tai kirjoita t\u00e4h\u00e4n sivuiltamme l\u00f6ytyv\u00e4 menuvaihtoehto.<\/div><\/div><div id=\"wpforms-548-field_10-container\" class=\"wpforms-field wpforms-field-checkbox\" data-field-id=\"10\"><label class=\"wpforms-field-label\">Juomatoiveet<\/label><ul id=\"wpforms-548-field_10\"><li class=\"choice-1 depth-1\"><input type=\"checkbox\" id=\"wpforms-548-field_10_1\" name=\"wpforms[fields][10][]\" value=\"Punaviini\"  ><label class=\"wpforms-field-label-inline\" for=\"wpforms-548-field_10_1\">Punaviini<\/label><\/li><li class=\"choice-2 depth-1\"><input type=\"checkbox\" id=\"wpforms-548-field_10_2\" name=\"wpforms[fields][10][]\" value=\"Valkoviini\"  ><label class=\"wpforms-field-label-inline\" for=\"wpforms-548-field_10_2\">Valkoviini<\/label><\/li><li class=\"choice-3 depth-1\"><input type=\"checkbox\" id=\"wpforms-548-field_10_3\" name=\"wpforms[fields][10][]\" value=\"Miedot juomat\"  ><label class=\"wpforms-field-label-inline\" for=\"wpforms-548-field_10_3\">Miedot juomat<\/label><\/li><li class=\"choice-6 depth-1\"><input type=\"checkbox\" id=\"wpforms-548-field_10_6\" name=\"wpforms[fields][10][]\" value=\"Olut\"  ><label class=\"wpforms-field-label-inline\" for=\"wpforms-548-field_10_6\">Olut<\/label><\/li><li class=\"choice-5 depth-1\"><input type=\"checkbox\" id=\"wpforms-548-field_10_5\" name=\"wpforms[fields][10][]\" value=\"Booli\"  ><label class=\"wpforms-field-label-inline\" for=\"wpforms-548-field_10_5\">Booli<\/label><\/li><li class=\"choice-4 depth-1\"><input type=\"checkbox\" id=\"wpforms-548-field_10_4\" name=\"wpforms[fields][10][]\" value=\"Yms\"  ><label class=\"wpforms-field-label-inline\" for=\"wpforms-548-field_10_4\">Yms<\/label><\/li><\/ul><div class=\"wpforms-field-description\">Valitse niin monta kuin haluat<\/div><\/div><div id=\"wpforms-548-field_2-container\" class=\"wpforms-field wpforms-field-textarea\" data-field-id=\"2\"><label class=\"wpforms-field-label\" for=\"wpforms-548-field_2\">Muut tiedot<\/label><textarea id=\"wpforms-548-field_2\" class=\"wpforms-field-medium\" name=\"wpforms[fields][2]\" ><\/textarea><div class=\"wpforms-field-description\">Esim. haluttu juhlatila tai muuta<\/div><\/div><\/div><!-- .wpforms-field-container --><div class=\"wpforms-submit-container\" ><input type=\"hidden\" name=\"wpforms[id]\" value=\"548\"><input type=\"hidden\" name=\"page_title\" value=\"\"><input type=\"hidden\" name=\"page_url\" value=\"https:\/\/www.kuninkaanportti.fi\/en\/wp-json\/wp\/v2\/pages\/550\"><input type=\"hidden\" name=\"url_referer\" value=\"\"><button type=\"submit\" name=\"wpforms[submit]\" id=\"wpforms-submit-548\" class=\"wpforms-submit\" data-alt-text=\"L\u00e4hetet\u00e4\u00e4n..\" data-submit-text=\"L\u00e4het\u00e4\" aria-live=\"assertive\" value=\"wpforms-submit\">L\u00e4het\u00e4<\/button><img decoding=\"async\" src=\"https:\/\/www.kuninkaanportti.fi\/wp-content\/plugins\/wpforms-lite\/assets\/images\/submit-spin.svg\" class=\"wpforms-submit-spinner\" style=\"display: none;\" width=\"26\" height=\"26\" alt=\"Loading\"><\/div><\/form><\/div>  <!-- .wpforms-container -->\t\t\t\t<\/div>\n\t\t\t\t<\/div>\n\t\t\t\t\t<\/div>\n\t\t<\/div>\n\t\t\t\t\t<\/div>\n\t\t<\/section>\n\t\t\t\t<\/div>\n\t\t","protected":false},"excerpt":{"rendered":"<p>Orders, enquiries and requests for quotes The more detailed the information you provide, the more likely you are to receive a quote that meets your needs. Please check our website first to see if there is anything suitable for you. Please remember that a request for quotation is not a definitive booking.<\/p>","protected":false},"author":1,"featured_media":242,"parent":0,"menu_order":0,"comment_status":"closed","ping_status":"closed","template":"","meta":{"footnotes":""},"class_list":["post-550","page","type-page","status-publish","has-post-thumbnail","hentry"],"yoast_head":"<!-- This site is optimized with the Yoast SEO plugin v24.8.1 - https:\/\/yoast.com\/wordpress\/plugins\/seo\/ -->\n<title>Tarjouspyynt\u00f6 Kuninkaan Portille, Tee se t\u00e4st\u00e4!<\/title>\n<meta name=\"description\" content=\"T\u00e4\u00e4lt\u00e4 p\u00e4\u00e4set tarjouspyynt\u00f6\u00f6n Kuninkaan Portille. Mit\u00e4 tarkemmat tiedot ilmoitat, sit\u00e4 varmemmin saat tarpeisiisi sopivan tarjouksen.\" \/>\n<meta name=\"robots\" content=\"index, follow, max-snippet:-1, max-image-preview:large, max-video-preview:-1\" \/>\n<link rel=\"canonical\" href=\"https:\/\/www.kuninkaanportti.fi\/en\/tarjouspyynto\/\" \/>\n<meta property=\"og:locale\" content=\"en_GB\" \/>\n<meta property=\"og:type\" content=\"article\" \/>\n<meta property=\"og:title\" content=\"Tarjouspyynt\u00f6 Kuninkaan Portille, Tee se t\u00e4st\u00e4!\" \/>\n<meta property=\"og:description\" content=\"T\u00e4\u00e4lt\u00e4 p\u00e4\u00e4set tarjouspyynt\u00f6\u00f6n Kuninkaan Portille. Mit\u00e4 tarkemmat tiedot ilmoitat, sit\u00e4 varmemmin saat tarpeisiisi sopivan tarjouksen.\" \/>\n<meta property=\"og:url\" content=\"https:\/\/www.kuninkaanportti.fi\/en\/tarjouspyynto\/\" \/>\n<meta property=\"og:site_name\" content=\"Kuninkaanportti Hartola\" \/>\n<meta property=\"article:modified_time\" content=\"2025-01-23T07:23:00+00:00\" \/>\n<meta property=\"og:image\" content=\"https:\/\/www.kuninkaanportti.fi\/wp-content\/uploads\/2021\/03\/kabinetti-1.jpg\" \/>\n\t<meta property=\"og:image:width\" content=\"2048\" \/>\n\t<meta property=\"og:image:height\" content=\"1365\" \/>\n\t<meta property=\"og:image:type\" content=\"image\/jpeg\" \/>\n<meta name=\"twitter:card\" content=\"summary_large_image\" \/>\n<meta name=\"twitter:label1\" content=\"Estimated reading time\" \/>\n\t<meta name=\"twitter:data1\" content=\"1 minute\" \/>\n<script type=\"application\/ld+json\" class=\"yoast-schema-graph\">{\"@context\":\"https:\/\/schema.org\",\"@graph\":[{\"@type\":\"WebPage\",\"@id\":\"https:\/\/www.kuninkaanportti.fi\/tarjouspyynto\/\",\"url\":\"https:\/\/www.kuninkaanportti.fi\/tarjouspyynto\/\",\"name\":\"Tarjouspyynt\u00f6 Kuninkaan Portille, Tee se t\u00e4st\u00e4!\",\"isPartOf\":{\"@id\":\"https:\/\/www.kuninkaanportti.fi\/#website\"},\"primaryImageOfPage\":{\"@id\":\"https:\/\/www.kuninkaanportti.fi\/tarjouspyynto\/#primaryimage\"},\"image\":{\"@id\":\"https:\/\/www.kuninkaanportti.fi\/tarjouspyynto\/#primaryimage\"},\"thumbnailUrl\":\"https:\/\/www.kuninkaanportti.fi\/wp-content\/uploads\/2021\/03\/kabinetti-1.jpg\",\"datePublished\":\"2021-04-01T13:14:28+00:00\",\"dateModified\":\"2025-01-23T07:23:00+00:00\",\"description\":\"T\u00e4\u00e4lt\u00e4 p\u00e4\u00e4set tarjouspyynt\u00f6\u00f6n Kuninkaan Portille. Mit\u00e4 tarkemmat tiedot ilmoitat, sit\u00e4 varmemmin saat tarpeisiisi sopivan tarjouksen.\",\"breadcrumb\":{\"@id\":\"https:\/\/www.kuninkaanportti.fi\/tarjouspyynto\/#breadcrumb\"},\"inLanguage\":\"en-GB\",\"potentialAction\":[{\"@type\":\"ReadAction\",\"target\":[\"https:\/\/www.kuninkaanportti.fi\/tarjouspyynto\/\"]}]},{\"@type\":\"ImageObject\",\"inLanguage\":\"en-GB\",\"@id\":\"https:\/\/www.kuninkaanportti.fi\/tarjouspyynto\/#primaryimage\",\"url\":\"https:\/\/www.kuninkaanportti.fi\/wp-content\/uploads\/2021\/03\/kabinetti-1.jpg\",\"contentUrl\":\"https:\/\/www.kuninkaanportti.fi\/wp-content\/uploads\/2021\/03\/kabinetti-1.jpg\",\"width\":2048,\"height\":1365},{\"@type\":\"BreadcrumbList\",\"@id\":\"https:\/\/www.kuninkaanportti.fi\/tarjouspyynto\/#breadcrumb\",\"itemListElement\":[{\"@type\":\"ListItem\",\"position\":1,\"name\":\"Etusivu\",\"item\":\"https:\/\/www.kuninkaanportti.fi\/\"},{\"@type\":\"ListItem\",\"position\":2,\"name\":\"Tarjouspyynt\u00f6\"}]},{\"@type\":\"WebSite\",\"@id\":\"https:\/\/www.kuninkaanportti.fi\/#website\",\"url\":\"https:\/\/www.kuninkaanportti.fi\/\",\"name\":\"Kuninkaanportti Hartola\",\"description\":\"Lounasravintola &amp; kokous- ja juhlapalvelut\",\"publisher\":{\"@id\":\"https:\/\/www.kuninkaanportti.fi\/#organization\"},\"potentialAction\":[{\"@type\":\"SearchAction\",\"target\":{\"@type\":\"EntryPoint\",\"urlTemplate\":\"https:\/\/www.kuninkaanportti.fi\/?s={search_term_string}\"},\"query-input\":{\"@type\":\"PropertyValueSpecification\",\"valueRequired\":true,\"valueName\":\"search_term_string\"}}],\"inLanguage\":\"en-GB\"},{\"@type\":\"Organization\",\"@id\":\"https:\/\/www.kuninkaanportti.fi\/#organization\",\"name\":\"Kuninkaanportti Hartola\",\"url\":\"https:\/\/www.kuninkaanportti.fi\/\",\"logo\":{\"@type\":\"ImageObject\",\"inLanguage\":\"en-GB\",\"@id\":\"https:\/\/www.kuninkaanportti.fi\/#\/schema\/logo\/image\/\",\"url\":\"https:\/\/www.kuninkaanportti.fi\/wp-content\/uploads\/2021\/03\/cropped-kuninkaanportti_logo_512.png\",\"contentUrl\":\"https:\/\/www.kuninkaanportti.fi\/wp-content\/uploads\/2021\/03\/cropped-kuninkaanportti_logo_512.png\",\"width\":512,\"height\":512,\"caption\":\"Kuninkaanportti Hartola\"},\"image\":{\"@id\":\"https:\/\/www.kuninkaanportti.fi\/#\/schema\/logo\/image\/\"}}]}<\/script>\n<!-- \/ Yoast SEO plugin. -->","yoast_head_json":{"title":"Request for proposal for the King's Gate, Make it here!","description":"Click here to access the request for quote for the King's Gate. The more detailed the information you provide, the more likely you are to receive a quote that meets your needs.","robots":{"index":"index","follow":"follow","max-snippet":"max-snippet:-1","max-image-preview":"max-image-preview:large","max-video-preview":"max-video-preview:-1"},"canonical":"https:\/\/www.kuninkaanportti.fi\/en\/tarjouspyynto\/","og_locale":"en_GB","og_type":"article","og_title":"Tarjouspyynt\u00f6 Kuninkaan Portille, Tee se t\u00e4st\u00e4!","og_description":"T\u00e4\u00e4lt\u00e4 p\u00e4\u00e4set tarjouspyynt\u00f6\u00f6n Kuninkaan Portille. Mit\u00e4 tarkemmat tiedot ilmoitat, sit\u00e4 varmemmin saat tarpeisiisi sopivan tarjouksen.","og_url":"https:\/\/www.kuninkaanportti.fi\/en\/tarjouspyynto\/","og_site_name":"Kuninkaanportti Hartola","article_modified_time":"2025-01-23T07:23:00+00:00","og_image":[{"width":2048,"height":1365,"url":"https:\/\/www.kuninkaanportti.fi\/wp-content\/uploads\/2021\/03\/kabinetti-1.jpg","type":"image\/jpeg"}],"twitter_card":"summary_large_image","twitter_misc":{"Estimated reading time":"1 minute"},"schema":{"@context":"https:\/\/schema.org","@graph":[{"@type":"WebPage","@id":"https:\/\/www.kuninkaanportti.fi\/tarjouspyynto\/","url":"https:\/\/www.kuninkaanportti.fi\/tarjouspyynto\/","name":"Request for proposal for the King's Gate, Make it here!","isPartOf":{"@id":"https:\/\/www.kuninkaanportti.fi\/#website"},"primaryImageOfPage":{"@id":"https:\/\/www.kuninkaanportti.fi\/tarjouspyynto\/#primaryimage"},"image":{"@id":"https:\/\/www.kuninkaanportti.fi\/tarjouspyynto\/#primaryimage"},"thumbnailUrl":"https:\/\/www.kuninkaanportti.fi\/wp-content\/uploads\/2021\/03\/kabinetti-1.jpg","datePublished":"2021-04-01T13:14:28+00:00","dateModified":"2025-01-23T07:23:00+00:00","description":"Click here to access the request for quote for the King's Gate. The more detailed the information you provide, the more likely you are to receive a quote that meets your needs.","breadcrumb":{"@id":"https:\/\/www.kuninkaanportti.fi\/tarjouspyynto\/#breadcrumb"},"inLanguage":"en-GB","potentialAction":[{"@type":"ReadAction","target":["https:\/\/www.kuninkaanportti.fi\/tarjouspyynto\/"]}]},{"@type":"ImageObject","inLanguage":"en-GB","@id":"https:\/\/www.kuninkaanportti.fi\/tarjouspyynto\/#primaryimage","url":"https:\/\/www.kuninkaanportti.fi\/wp-content\/uploads\/2021\/03\/kabinetti-1.jpg","contentUrl":"https:\/\/www.kuninkaanportti.fi\/wp-content\/uploads\/2021\/03\/kabinetti-1.jpg","width":2048,"height":1365},{"@type":"BreadcrumbList","@id":"https:\/\/www.kuninkaanportti.fi\/tarjouspyynto\/#breadcrumb","itemListElement":[{"@type":"ListItem","position":1,"name":"Etusivu","item":"https:\/\/www.kuninkaanportti.fi\/"},{"@type":"ListItem","position":2,"name":"Tarjouspyynt\u00f6"}]},{"@type":"WebSite","@id":"https:\/\/www.kuninkaanportti.fi\/#website","url":"https:\/\/www.kuninkaanportti.fi\/","name":"King's Gate Hartola","description":"Lunch restaurant &amp; meeting and banqueting services","publisher":{"@id":"https:\/\/www.kuninkaanportti.fi\/#organization"},"potentialAction":[{"@type":"SearchAction","target":{"@type":"EntryPoint","urlTemplate":"https:\/\/www.kuninkaanportti.fi\/?s={search_term_string}"},"query-input":{"@type":"PropertyValueSpecification","valueRequired":true,"valueName":"search_term_string"}}],"inLanguage":"en-GB"},{"@type":"Organization","@id":"https:\/\/www.kuninkaanportti.fi\/#organization","name":"King's Gate Hartola","url":"https:\/\/www.kuninkaanportti.fi\/","logo":{"@type":"ImageObject","inLanguage":"en-GB","@id":"https:\/\/www.kuninkaanportti.fi\/#\/schema\/logo\/image\/","url":"https:\/\/www.kuninkaanportti.fi\/wp-content\/uploads\/2021\/03\/cropped-kuninkaanportti_logo_512.png","contentUrl":"https:\/\/www.kuninkaanportti.fi\/wp-content\/uploads\/2021\/03\/cropped-kuninkaanportti_logo_512.png","width":512,"height":512,"caption":"Kuninkaanportti Hartola"},"image":{"@id":"https:\/\/www.kuninkaanportti.fi\/#\/schema\/logo\/image\/"}}]}},"_links":{"self":[{"href":"https:\/\/www.kuninkaanportti.fi\/en\/wp-json\/wp\/v2\/pages\/550","targetHints":{"allow":["GET"]}}],"collection":[{"href":"https:\/\/www.kuninkaanportti.fi\/en\/wp-json\/wp\/v2\/pages"}],"about":[{"href":"https:\/\/www.kuninkaanportti.fi\/en\/wp-json\/wp\/v2\/types\/page"}],"author":[{"embeddable":true,"href":"https:\/\/www.kuninkaanportti.fi\/en\/wp-json\/wp\/v2\/users\/1"}],"replies":[{"embeddable":true,"href":"https:\/\/www.kuninkaanportti.fi\/en\/wp-json\/wp\/v2\/comments?post=550"}],"version-history":[{"count":30,"href":"https:\/\/www.kuninkaanportti.fi\/en\/wp-json\/wp\/v2\/pages\/550\/revisions"}],"predecessor-version":[{"id":1576,"href":"https:\/\/www.kuninkaanportti.fi\/en\/wp-json\/wp\/v2\/pages\/550\/revisions\/1576"}],"wp:featuredmedia":[{"embeddable":true,"href":"https:\/\/www.kuninkaanportti.fi\/en\/wp-json\/wp\/v2\/media\/242"}],"wp:attachment":[{"href":"https:\/\/www.kuninkaanportti.fi\/en\/wp-json\/wp\/v2\/media?parent=550"}],"curies":[{"name":"wp","href":"https:\/\/api.w.org\/{rel}","templated":true}]}}