{"id":4987,"date":"2025-03-06T16:38:41","date_gmt":"2025-03-06T14:38:41","guid":{"rendered":"https:\/\/www.kuninkaanportti.fi\/?page_id=4987"},"modified":"2025-03-06T16:40:00","modified_gmt":"2025-03-06T14:40:00","slug":"kokouspaketti-2","status":"publish","type":"page","link":"https:\/\/www.kuninkaanportti.fi\/en\/kokouspaketti-2\/","title":{"rendered":"Meetings"},"content":{"rendered":"<div data-elementor-type=\"wp-page\" data-elementor-id=\"4987\" class=\"elementor elementor-4987\">\n\t\t\t\t\t\t<section class=\"elementor-section elementor-top-section elementor-element elementor-element-78e18b7 elementor-section-stretched elementor-section-boxed elementor-section-height-default elementor-section-height-default\" data-id=\"78e18b7\" data-element_type=\"section\" data-e-type=\"section\" data-settings=\"{&quot;stretch_section&quot;:&quot;section-stretched&quot;}\">\n\t\t\t\t\t\t<div class=\"elementor-container elementor-column-gap-default\">\n\t\t\t\t\t<div class=\"elementor-column elementor-col-33 elementor-top-column elementor-element elementor-element-df3ae43\" data-id=\"df3ae43\" data-element_type=\"column\" data-e-type=\"column\">\n\t\t\t<div class=\"elementor-widget-wrap elementor-element-populated\">\n\t\t\t\t\t\t<div class=\"elementor-element elementor-element-e6e0448 elementor-widget elementor-widget-wp-widget-nav_menu\" data-id=\"e6e0448\" data-element_type=\"widget\" data-e-type=\"widget\" data-widget_type=\"wp-widget-nav_menu.default\">\n\t\t\t\t<div class=\"elementor-widget-container\">\n\t\t\t\t\t<h5>Introductions<\/h5><div class=\"menu-juhlapalvelut-container\"><ul id=\"menu-juhlapalvelut\" class=\"menu\"><li id=\"menu-item-993\" class=\"menu-item menu-item-type-custom menu-item-object-custom menu-item-993\"><a href=\"\/en\/sauna-ja-pesutilat\/\">Sauna and washroom<\/a><\/li>\n<li id=\"menu-item-994\" class=\"menu-item menu-item-type-custom menu-item-object-custom menu-item-994\"><a href=\"\/en\/takkakabinetti\/\">Cabinet<\/a><\/li>\n<li id=\"menu-item-995\" class=\"menu-item menu-item-type-custom menu-item-object-custom menu-item-995\"><a href=\"\/en\/juhlasali\/\">Ballroom<\/a><\/li>\n<\/ul><\/div>\t\t\t\t<\/div>\n\t\t\t\t<\/div>\n\t\t\t\t<div class=\"elementor-element elementor-element-3e6afa6 elementor-widget elementor-widget-wp-widget-nav_menu\" data-id=\"3e6afa6\" data-element_type=\"widget\" data-e-type=\"widget\" data-widget_type=\"wp-widget-nav_menu.default\">\n\t\t\t\t<div class=\"elementor-widget-container\">\n\t\t\t\t\t<h5>Printable menus<\/h5><div class=\"menu-tulostettavat-menut-container\"><ul id=\"menu-tulostettavat-menut\" class=\"menu\"><li id=\"menu-item-1808\" class=\"menu-item menu-item-type-custom menu-item-object-custom menu-item-1808\"><a href=\"https:\/\/www.kuninkaanportti.fi\/wp-content\/uploads\/2025\/03\/Portti-Tilausmenut-noutopoydasta.pdf\">Menu for parties<\/a><\/li>\n<li id=\"menu-item-1809\" class=\"menu-item menu-item-type-custom menu-item-object-custom menu-item-1809\"><a href=\"https:\/\/www.kuninkaanportti.fi\/wp-content\/uploads\/2025\/03\/Portti-Kokoustarjoilut.pdf\">Menu for meetings<\/a><\/li>\n<li id=\"menu-item-1810\" class=\"menu-item menu-item-type-custom menu-item-object-custom menu-item-1810\"><a href=\"https:\/\/www.kuninkaanportti.fi\/wp-content\/uploads\/2024\/04\/Portti-Saunamenut2024.pdf\">Menu for sauna evenings<\/a><\/li>\n<\/ul><\/div>\t\t\t\t<\/div>\n\t\t\t\t<\/div>\n\t\t\t\t\t<\/div>\n\t\t<\/div>\n\t\t\t\t<div class=\"elementor-column elementor-col-66 elementor-top-column elementor-element elementor-element-d0ce89d\" data-id=\"d0ce89d\" data-element_type=\"column\" data-e-type=\"column\">\n\t\t\t<div class=\"elementor-widget-wrap elementor-element-populated\">\n\t\t\t\t\t\t<div class=\"elementor-element elementor-element-26ad962 elementor-widget elementor-widget-heading\" data-id=\"26ad962\" data-element_type=\"widget\" data-e-type=\"widget\" data-widget_type=\"heading.default\">\n\t\t\t\t<div class=\"elementor-widget-container\">\n\t\t\t\t\t<h2 class=\"elementor-heading-title elementor-size-default\">Meetings<\/h2>\t\t\t\t<\/div>\n\t\t\t\t<\/div>\n\t\t\t\t<div class=\"elementor-element elementor-element-6429912 elementor-widget-divider--view-line_icon elementor-view-default elementor-widget-divider--element-align-center elementor-widget elementor-widget-divider\" data-id=\"6429912\" data-element_type=\"widget\" data-e-type=\"widget\" data-widget_type=\"divider.default\">\n\t\t\t\t<div class=\"elementor-widget-container\">\n\t\t\t\t\t\t\t<div class=\"elementor-divider\">\n\t\t\t<span class=\"elementor-divider-separator\">\n\t\t\t\t\t\t\t<div class=\"elementor-icon elementor-divider__element\">\n\t\t\t\t\t<i aria-hidden=\"true\" class=\"fas fa-crown\"><\/i><\/div>\n\t\t\t\t\t\t<\/span>\n\t\t<\/div>\n\t\t\t\t\t\t<\/div>\n\t\t\t\t<\/div>\n\t\t\t\t<div class=\"elementor-element elementor-element-701d366 elementor-widget elementor-widget-text-editor\" data-id=\"701d366\" data-element_type=\"widget\" data-e-type=\"widget\" data-widget_type=\"text-editor.default\">\n\t\t\t\t<div class=\"elementor-widget-container\">\n\t\t\t\t\t\t\t\t\t<blockquote><div style=\"text-align: left;\">Our meeting package includes serving, space and required technology for the whole day. <strong>34\u20ac\/person<\/strong><\/div><div style=\"text-align: left;\"><strong>\u00a0<\/strong><\/div><div><\/div><p><strong>WELCOME<\/strong>- morning coffee<br \/>coffee\/tea, savoury pastry and fresh juice<\/p><div><\/div><p><strong>LUNCH<br \/><\/strong>From upstairs lunch table<\/p><div><\/div><p><strong>AFTERNOON TEA\/COFFEE<br \/><\/strong>Coffee or tea along with Kuninkaan Portti's pastry<\/p><\/blockquote>\t\t\t\t\t\t\t\t<\/div>\n\t\t\t\t<\/div>\n\t\t\t\t<div class=\"elementor-element elementor-element-1384212 elementor-widget-divider--view-line_icon elementor-view-default elementor-widget-divider--element-align-center elementor-widget elementor-widget-divider\" data-id=\"1384212\" data-element_type=\"widget\" data-e-type=\"widget\" data-widget_type=\"divider.default\">\n\t\t\t\t<div class=\"elementor-widget-container\">\n\t\t\t\t\t\t\t<div class=\"elementor-divider\">\n\t\t\t<span class=\"elementor-divider-separator\">\n\t\t\t\t\t\t\t<div class=\"elementor-icon elementor-divider__element\">\n\t\t\t\t\t<i aria-hidden=\"true\" class=\"fas fa-crown\"><\/i><\/div>\n\t\t\t\t\t\t<\/span>\n\t\t<\/div>\n\t\t\t\t\t\t<\/div>\n\t\t\t\t<\/div>\n\t\t\t\t<div class=\"elementor-element elementor-element-efdf33d elementor-widget elementor-widget-heading\" data-id=\"efdf33d\" data-element_type=\"widget\" data-e-type=\"widget\" data-widget_type=\"heading.default\">\n\t\t\t\t<div class=\"elementor-widget-container\">\n\t\t\t\t\t<h4 class=\"elementor-heading-title elementor-size-default\">Menu for meetings<\/h4>\t\t\t\t<\/div>\n\t\t\t\t<\/div>\n\t\t\t\t<div class=\"elementor-element elementor-element-c94a2d3 elementor-widget elementor-widget-text-editor\" data-id=\"c94a2d3\" data-element_type=\"widget\" data-e-type=\"widget\" data-widget_type=\"text-editor.default\">\n\t\t\t\t<div class=\"elementor-widget-container\">\n\t\t\t\t\t\t\t\t\t<p><em>Meeting catering tailored to your wishes, <\/em><em>set-up in the restaurant downstairs.<br \/><\/em><\/p>\t\t\t\t\t\t\t\t<\/div>\n\t\t\t\t<\/div>\n\t\t\t\t<div class=\"elementor-element elementor-element-c5553fa elementor-widget elementor-widget-image\" data-id=\"c5553fa\" data-element_type=\"widget\" data-e-type=\"widget\" data-widget_type=\"image.default\">\n\t\t\t\t<div class=\"elementor-widget-container\">\n\t\t\t\t\t\t\t\t\t\t\t\t\t\t\t<img fetchpriority=\"high\" decoding=\"async\" width=\"750\" height=\"299\" src=\"https:\/\/www.kuninkaanportti.fi\/wp-content\/uploads\/2021\/03\/Kuvakollaasi_isosali-1024x408.jpg\" class=\"attachment-large size-large wp-image-161\" alt=\"\" srcset=\"https:\/\/www.kuninkaanportti.fi\/wp-content\/uploads\/2021\/03\/Kuvakollaasi_isosali-1024x408.jpg 1024w, https:\/\/www.kuninkaanportti.fi\/wp-content\/uploads\/2021\/03\/Kuvakollaasi_isosali-300x120.jpg 300w, https:\/\/www.kuninkaanportti.fi\/wp-content\/uploads\/2021\/03\/Kuvakollaasi_isosali-768x306.jpg 768w, https:\/\/www.kuninkaanportti.fi\/wp-content\/uploads\/2021\/03\/Kuvakollaasi_isosali-1536x612.jpg 1536w, https:\/\/www.kuninkaanportti.fi\/wp-content\/uploads\/2021\/03\/Kuvakollaasi_isosali.jpg 1566w\" sizes=\"(max-width: 750px) 100vw, 750px\" \/>\t\t\t\t\t\t\t\t\t\t\t\t\t\t\t<\/div>\n\t\t\t\t<\/div>\n\t\t\t\t\t<\/div>\n\t\t<\/div>\n\t\t\t\t\t<\/div>\n\t\t<\/section>\n\t\t\t\t<\/div>","protected":false},"excerpt":{"rendered":"<p>Meeting package Our meeting package includes catering, space and technology for the whole day.34\u20ac\/person WELCOME - morning coffee\/tea, savoury pastry and fresh juice from the LOUNA upstairs buffet DAILY COFFEE\/tea + Port pastry Meeting catering Meeting catering tailored to the customer's wishes, set-up in the downstairs restaurant.<\/p>","protected":false},"author":4,"featured_media":0,"parent":0,"menu_order":0,"comment_status":"closed","ping_status":"closed","template":"","meta":{"footnotes":""},"class_list":["post-4987","page","type-page","status-publish","hentry"],"yoast_head":"<!-- This site is optimized with the Yoast SEO plugin v24.8.1 - https:\/\/yoast.com\/wordpress\/plugins\/seo\/ -->\n<title>Kuninkaan Portin alakerrassa kokoustila, av-laitteet ja tarjoilut<\/title>\n<meta name=\"description\" content=\"Kokouspakettimme sis\u00e4lt\u00e4\u00e4 tarjoilut, tilan sek\u00e4 tekniikan koko p\u00e4iv\u00e4ksi. Varaa heti oma kokouksesi meilt\u00e4 Kuninkaan Portilta.\" \/>\n<meta name=\"robots\" content=\"index, follow, max-snippet:-1, max-image-preview:large, max-video-preview:-1\" \/>\n<link rel=\"canonical\" href=\"https:\/\/www.kuninkaanportti.fi\/en\/kokouspaketti-2\/\" \/>\n<meta property=\"og:locale\" content=\"en_GB\" \/>\n<meta property=\"og:type\" content=\"article\" \/>\n<meta property=\"og:title\" content=\"Kuninkaan Portin alakerrassa kokoustila, av-laitteet ja tarjoilut\" \/>\n<meta property=\"og:description\" content=\"Kokouspakettimme sis\u00e4lt\u00e4\u00e4 tarjoilut, tilan sek\u00e4 tekniikan koko p\u00e4iv\u00e4ksi. Varaa heti oma kokouksesi meilt\u00e4 Kuninkaan Portilta.\" \/>\n<meta property=\"og:url\" content=\"https:\/\/www.kuninkaanportti.fi\/en\/kokouspaketti-2\/\" \/>\n<meta property=\"og:site_name\" content=\"Kuninkaanportti Hartola\" \/>\n<meta property=\"article:modified_time\" content=\"2025-03-06T14:40:00+00:00\" \/>\n<meta property=\"og:image\" content=\"https:\/\/www.kuninkaanportti.fi\/wp-content\/uploads\/2021\/03\/Kuvakollaasi_isosali.jpg\" \/>\n\t<meta property=\"og:image:width\" content=\"1566\" \/>\n\t<meta property=\"og:image:height\" content=\"624\" \/>\n\t<meta property=\"og:image:type\" content=\"image\/jpeg\" \/>\n<meta name=\"twitter:card\" content=\"summary_large_image\" \/>\n<meta name=\"twitter:label1\" content=\"Estimated reading time\" \/>\n\t<meta name=\"twitter:data1\" content=\"1 minute\" \/>\n<script type=\"application\/ld+json\" class=\"yoast-schema-graph\">{\"@context\":\"https:\/\/schema.org\",\"@graph\":[{\"@type\":\"WebPage\",\"@id\":\"https:\/\/www.kuninkaanportti.fi\/kokouspaketti-2\/\",\"url\":\"https:\/\/www.kuninkaanportti.fi\/kokouspaketti-2\/\",\"name\":\"Kuninkaan Portin alakerrassa kokoustila, av-laitteet ja tarjoilut\",\"isPartOf\":{\"@id\":\"https:\/\/www.kuninkaanportti.fi\/#website\"},\"primaryImageOfPage\":{\"@id\":\"https:\/\/www.kuninkaanportti.fi\/kokouspaketti-2\/#primaryimage\"},\"image\":{\"@id\":\"https:\/\/www.kuninkaanportti.fi\/kokouspaketti-2\/#primaryimage\"},\"thumbnailUrl\":\"https:\/\/www.kuninkaanportti.fi\/wp-content\/uploads\/2021\/03\/Kuvakollaasi_isosali-1024x408.jpg\",\"datePublished\":\"2025-03-06T14:38:41+00:00\",\"dateModified\":\"2025-03-06T14:40:00+00:00\",\"description\":\"Kokouspakettimme sis\u00e4lt\u00e4\u00e4 tarjoilut, tilan sek\u00e4 tekniikan koko p\u00e4iv\u00e4ksi. Varaa heti oma kokouksesi meilt\u00e4 Kuninkaan Portilta.\",\"breadcrumb\":{\"@id\":\"https:\/\/www.kuninkaanportti.fi\/kokouspaketti-2\/#breadcrumb\"},\"inLanguage\":\"en-GB\",\"potentialAction\":[{\"@type\":\"ReadAction\",\"target\":[\"https:\/\/www.kuninkaanportti.fi\/kokouspaketti-2\/\"]}]},{\"@type\":\"ImageObject\",\"inLanguage\":\"en-GB\",\"@id\":\"https:\/\/www.kuninkaanportti.fi\/kokouspaketti-2\/#primaryimage\",\"url\":\"https:\/\/www.kuninkaanportti.fi\/wp-content\/uploads\/2021\/03\/Kuvakollaasi_isosali-1024x408.jpg\",\"contentUrl\":\"https:\/\/www.kuninkaanportti.fi\/wp-content\/uploads\/2021\/03\/Kuvakollaasi_isosali-1024x408.jpg\"},{\"@type\":\"BreadcrumbList\",\"@id\":\"https:\/\/www.kuninkaanportti.fi\/kokouspaketti-2\/#breadcrumb\",\"itemListElement\":[{\"@type\":\"ListItem\",\"position\":1,\"name\":\"Etusivu\",\"item\":\"https:\/\/www.kuninkaanportti.fi\/\"},{\"@type\":\"ListItem\",\"position\":2,\"name\":\"Kokouspaketti\"}]},{\"@type\":\"WebSite\",\"@id\":\"https:\/\/www.kuninkaanportti.fi\/#website\",\"url\":\"https:\/\/www.kuninkaanportti.fi\/\",\"name\":\"Kuninkaanportti Hartola\",\"description\":\"Lounasravintola &amp; kokous- ja juhlapalvelut\",\"publisher\":{\"@id\":\"https:\/\/www.kuninkaanportti.fi\/#organization\"},\"potentialAction\":[{\"@type\":\"SearchAction\",\"target\":{\"@type\":\"EntryPoint\",\"urlTemplate\":\"https:\/\/www.kuninkaanportti.fi\/?s={search_term_string}\"},\"query-input\":{\"@type\":\"PropertyValueSpecification\",\"valueRequired\":true,\"valueName\":\"search_term_string\"}}],\"inLanguage\":\"en-GB\"},{\"@type\":\"Organization\",\"@id\":\"https:\/\/www.kuninkaanportti.fi\/#organization\",\"name\":\"Kuninkaanportti Hartola\",\"url\":\"https:\/\/www.kuninkaanportti.fi\/\",\"logo\":{\"@type\":\"ImageObject\",\"inLanguage\":\"en-GB\",\"@id\":\"https:\/\/www.kuninkaanportti.fi\/#\/schema\/logo\/image\/\",\"url\":\"https:\/\/www.kuninkaanportti.fi\/wp-content\/uploads\/2021\/03\/cropped-kuninkaanportti_logo_512.png\",\"contentUrl\":\"https:\/\/www.kuninkaanportti.fi\/wp-content\/uploads\/2021\/03\/cropped-kuninkaanportti_logo_512.png\",\"width\":512,\"height\":512,\"caption\":\"Kuninkaanportti Hartola\"},\"image\":{\"@id\":\"https:\/\/www.kuninkaanportti.fi\/#\/schema\/logo\/image\/\"}}]}<\/script>\n<!-- \/ Yoast SEO plugin. -->","yoast_head_json":{"title":"Meeting room, audiovisual equipment and catering downstairs at the King's Gate","description":"Our meeting package includes catering, space and technology for the whole day. Book your meeting with us at the King's Gate now.","robots":{"index":"index","follow":"follow","max-snippet":"max-snippet:-1","max-image-preview":"max-image-preview:large","max-video-preview":"max-video-preview:-1"},"canonical":"https:\/\/www.kuninkaanportti.fi\/en\/kokouspaketti-2\/","og_locale":"en_GB","og_type":"article","og_title":"Kuninkaan Portin alakerrassa kokoustila, av-laitteet ja tarjoilut","og_description":"Kokouspakettimme sis\u00e4lt\u00e4\u00e4 tarjoilut, tilan sek\u00e4 tekniikan koko p\u00e4iv\u00e4ksi. Varaa heti oma kokouksesi meilt\u00e4 Kuninkaan Portilta.","og_url":"https:\/\/www.kuninkaanportti.fi\/en\/kokouspaketti-2\/","og_site_name":"Kuninkaanportti Hartola","article_modified_time":"2025-03-06T14:40:00+00:00","og_image":[{"width":1566,"height":624,"url":"https:\/\/www.kuninkaanportti.fi\/wp-content\/uploads\/2021\/03\/Kuvakollaasi_isosali.jpg","type":"image\/jpeg"}],"twitter_card":"summary_large_image","twitter_misc":{"Estimated reading time":"1 minute"},"schema":{"@context":"https:\/\/schema.org","@graph":[{"@type":"WebPage","@id":"https:\/\/www.kuninkaanportti.fi\/kokouspaketti-2\/","url":"https:\/\/www.kuninkaanportti.fi\/kokouspaketti-2\/","name":"Meeting room, audiovisual equipment and catering downstairs at the King's Gate","isPartOf":{"@id":"https:\/\/www.kuninkaanportti.fi\/#website"},"primaryImageOfPage":{"@id":"https:\/\/www.kuninkaanportti.fi\/kokouspaketti-2\/#primaryimage"},"image":{"@id":"https:\/\/www.kuninkaanportti.fi\/kokouspaketti-2\/#primaryimage"},"thumbnailUrl":"https:\/\/www.kuninkaanportti.fi\/wp-content\/uploads\/2021\/03\/Kuvakollaasi_isosali-1024x408.jpg","datePublished":"2025-03-06T14:38:41+00:00","dateModified":"2025-03-06T14:40:00+00:00","description":"Our meeting package includes catering, space and technology for the whole day. Book your meeting with us at the King's Gate now.","breadcrumb":{"@id":"https:\/\/www.kuninkaanportti.fi\/kokouspaketti-2\/#breadcrumb"},"inLanguage":"en-GB","potentialAction":[{"@type":"ReadAction","target":["https:\/\/www.kuninkaanportti.fi\/kokouspaketti-2\/"]}]},{"@type":"ImageObject","inLanguage":"en-GB","@id":"https:\/\/www.kuninkaanportti.fi\/kokouspaketti-2\/#primaryimage","url":"https:\/\/www.kuninkaanportti.fi\/wp-content\/uploads\/2021\/03\/Kuvakollaasi_isosali-1024x408.jpg","contentUrl":"https:\/\/www.kuninkaanportti.fi\/wp-content\/uploads\/2021\/03\/Kuvakollaasi_isosali-1024x408.jpg"},{"@type":"BreadcrumbList","@id":"https:\/\/www.kuninkaanportti.fi\/kokouspaketti-2\/#breadcrumb","itemListElement":[{"@type":"ListItem","position":1,"name":"Etusivu","item":"https:\/\/www.kuninkaanportti.fi\/"},{"@type":"ListItem","position":2,"name":"Kokouspaketti"}]},{"@type":"WebSite","@id":"https:\/\/www.kuninkaanportti.fi\/#website","url":"https:\/\/www.kuninkaanportti.fi\/","name":"King's Gate Hartola","description":"Lunch restaurant &amp; meeting and banqueting services","publisher":{"@id":"https:\/\/www.kuninkaanportti.fi\/#organization"},"potentialAction":[{"@type":"SearchAction","target":{"@type":"EntryPoint","urlTemplate":"https:\/\/www.kuninkaanportti.fi\/?s={search_term_string}"},"query-input":{"@type":"PropertyValueSpecification","valueRequired":true,"valueName":"search_term_string"}}],"inLanguage":"en-GB"},{"@type":"Organization","@id":"https:\/\/www.kuninkaanportti.fi\/#organization","name":"King's Gate Hartola","url":"https:\/\/www.kuninkaanportti.fi\/","logo":{"@type":"ImageObject","inLanguage":"en-GB","@id":"https:\/\/www.kuninkaanportti.fi\/#\/schema\/logo\/image\/","url":"https:\/\/www.kuninkaanportti.fi\/wp-content\/uploads\/2021\/03\/cropped-kuninkaanportti_logo_512.png","contentUrl":"https:\/\/www.kuninkaanportti.fi\/wp-content\/uploads\/2021\/03\/cropped-kuninkaanportti_logo_512.png","width":512,"height":512,"caption":"Kuninkaanportti Hartola"},"image":{"@id":"https:\/\/www.kuninkaanportti.fi\/#\/schema\/logo\/image\/"}}]}},"_links":{"self":[{"href":"https:\/\/www.kuninkaanportti.fi\/en\/wp-json\/wp\/v2\/pages\/4987","targetHints":{"allow":["GET"]}}],"collection":[{"href":"https:\/\/www.kuninkaanportti.fi\/en\/wp-json\/wp\/v2\/pages"}],"about":[{"href":"https:\/\/www.kuninkaanportti.fi\/en\/wp-json\/wp\/v2\/types\/page"}],"author":[{"embeddable":true,"href":"https:\/\/www.kuninkaanportti.fi\/en\/wp-json\/wp\/v2\/users\/4"}],"replies":[{"embeddable":true,"href":"https:\/\/www.kuninkaanportti.fi\/en\/wp-json\/wp\/v2\/comments?post=4987"}],"version-history":[{"count":6,"href":"https:\/\/www.kuninkaanportti.fi\/en\/wp-json\/wp\/v2\/pages\/4987\/revisions"}],"predecessor-version":[{"id":4993,"href":"https:\/\/www.kuninkaanportti.fi\/en\/wp-json\/wp\/v2\/pages\/4987\/revisions\/4993"}],"wp:attachment":[{"href":"https:\/\/www.kuninkaanportti.fi\/en\/wp-json\/wp\/v2\/media?parent=4987"}],"curies":[{"name":"wp","href":"https:\/\/api.w.org\/{rel}","templated":true}]}}