{"id":4982,"date":"2025-03-06T16:34:46","date_gmt":"2025-03-06T14:34:46","guid":{"rendered":"https:\/\/www.kuninkaanportti.fi\/?page_id=4982"},"modified":"2025-03-06T16:36:31","modified_gmt":"2025-03-06T14:36:31","slug":"tilausmenut-noutopoydasta","status":"publish","type":"page","link":"https:\/\/www.kuninkaanportti.fi\/en\/tilausmenut-noutopoydasta\/","title":{"rendered":"Offer items from Menu"},"content":{"rendered":"<div data-elementor-type=\"wp-page\" data-elementor-id=\"4982\" class=\"elementor elementor-4982\">\n\t\t\t\t\t\t<section class=\"elementor-section elementor-top-section elementor-element elementor-element-b796ec2 elementor-section-boxed elementor-section-height-default elementor-section-height-default\" data-id=\"b796ec2\" data-element_type=\"section\" data-e-type=\"section\">\n\t\t\t\t\t\t<div class=\"elementor-container elementor-column-gap-default\">\n\t\t\t\t\t<div class=\"elementor-column elementor-col-100 elementor-top-column elementor-element elementor-element-2d987601\" data-id=\"2d987601\" data-element_type=\"column\" data-e-type=\"column\">\n\t\t\t<div class=\"elementor-widget-wrap elementor-element-populated\">\n\t\t\t\t\t\t<div class=\"elementor-element elementor-element-e3c6913 elementor-widget elementor-widget-text-editor\" data-id=\"e3c6913\" data-element_type=\"widget\" data-e-type=\"widget\" data-widget_type=\"text-editor.default\">\n\t\t\t\t<div class=\"elementor-widget-container\">\n\t\t\t\t\t\t\t\t\t<p><em>Set up in the restaurant downstairs.<\/em><br \/><em>Group size min. 10 persons.<\/em><\/p>\t\t\t\t\t\t\t\t<\/div>\n\t\t\t\t<\/div>\n\t\t\t\t<div class=\"elementor-element elementor-element-7b084039 elementor-widget elementor-widget-text-editor\" data-id=\"7b084039\" data-element_type=\"widget\" data-e-type=\"widget\" data-widget_type=\"text-editor.default\">\n\t\t\t\t<div class=\"elementor-widget-container\">\n\t\t\t\t\t\t\t\t\t<div>\n<p><\/p>\n<div>\n<p><\/p>\n<div>\n<p><\/p>\n<p><strong>Menu 1<\/strong><\/p>\n<p>Delicious seasonal salad combo, house herb oil and salad dressing (M,G)<\/p>\n<p>Selection of cold cuts (Gouda cheese, turkey cutlet, ham, tomato, cucumber, iceberg lettuce)<\/p>\n<p>Creamy salmon soup or Colourful beef soup (M,G) of your choice and taste.<\/p>\n<p><strong>24,90\u20ac\/person<\/strong><\/p>\n<p><\/p>\n<\/div>\n<p><\/p>\n<p><\/p>\n<div>\n<p><\/p>\n<\/div>\n<div><br \/>\n<p><\/p>\n<\/div>\n<p><\/p>\n<\/div>\n<\/div>\n<p><!-- \/wp:themeisle-blocks\/advanced-columns --><\/p>\n<p><!-- wp:columns --><\/p>\n<div>\n<p><!-- wp:column --><\/p>\n<div>\n<p><!-- wp:freeform --><\/p>\n<p><strong>Menu 2<\/strong><\/p>\n<p>Fresh green salad, house herb oil and salad dressing (M,G)<\/p>\n<p>Leafy cabbage Caesar salad (L,G)<\/p>\n<p>Roast chicken and fruity salsa salad (M,G)<\/p>\n<p>Rye snaps (M) &amp; sillikavari (L,G)<\/p>\n<p>Overcooked beef in garlic-rosemary sauce (M,G)<\/p>\n<p>Potato and root cake (L,G)<\/p>\n<p><strong>38,90\u20ac\/person<\/strong><\/p>\n<p><strong>\u00a0<\/strong><\/p>\n<p><strong>Menu 3<\/strong><\/p>\n<p>Fresh green salad, house herb oil and salad dressing (M,G)<br \/>Colourful chicken and cottage cheese salad (L,G)<br \/>Quinoa salad (M,G)<\/p>\n<p>Rye snaps (M) and caviar (L,G)<\/p>\n<p>Pike wallenbergs in lemon-herb butter sauce (L,G)<\/p>\n<p>Honey glazed pork tenderloin (M,G)<\/p>\n<p>Potato and root cake (L,G)<\/p>\n<p><strong>48,90\u20ac\/person<\/strong><\/p>\n<p><!-- \/wp:freeform --><\/p>\n<\/div>\n<p><!-- \/wp:column --><\/p>\n<p><!-- wp:column --><\/p>\n<div>\n<p><!-- wp:freeform --><\/p>\n<p><!-- \/wp:freeform --><\/p>\n<\/div>\n<p><!-- \/wp:column --><\/p>\n<\/div>\n<p><!-- \/wp:columns --><\/p>\n<p><em>All menus include:<\/em><br \/><em>Drinks; water, home brew<\/em><br \/><em>House bread and spreads <\/em><br \/><em>Dessert with coffee or tea and a filling cake OR pannacotta and raspberry macoulis (according to your wishes)<\/em><br \/><em>Room rental, decoration, setting and serving.<\/em><br \/><em>Children under 3 years - free of charge<\/em><br \/><em>Children 3-11 years - half price<\/em><br \/><em>Please note that the menus are always adaptable according to your wishes.<\/em><\/p>\t\t\t\t\t\t\t\t<\/div>\n\t\t\t\t<\/div>\n\t\t\t\t\t<\/div>\n\t\t<\/div>\n\t\t\t\t\t<\/div>\n\t\t<\/section>\n\t\t\t\t<\/div>","protected":false},"excerpt":{"rendered":"<p>Kattaus alakerran tilausravintolassa.Ryhm\u00e4koko min. 10 henkil\u00f6\u00e4. Menu 2 Raikasta vihersalaattia, Talon yrtti\u00f6ljy\u00e4 ja salaatinkastiketta (M,G) Lehtikaali-Caesarsalaattia (L,G) Paahdettua kanaa ja hedelm\u00e4ist\u00e4 salsasalaattia (M,G) Ruisnappeja (M) &amp; sillikaviaaria (L,G) Ylikyps\u00e4\u00e4 h\u00e4rk\u00e4\u00e4 valkosipuli-rosmariinikastikkeessa (M,G) Peruna-juureskakkua (L,G) 38,90\u20ac\/hl\u00f6 \u00a0 Menu 3 Raikasta Vihersalaattia, Talon yrtti\u00f6ljy\u00e4 ja salaatinkastiketta (M,G)V\u00e4rik\u00e4st\u00e4 kana-hallajuustosalaattia (L,G)Kvinoasalaattia (M,G) Ruisnappeja (M) [&hellip;]<\/p>\n","protected":false},"author":4,"featured_media":0,"parent":0,"menu_order":0,"comment_status":"closed","ping_status":"closed","template":"","meta":{"footnotes":""},"class_list":["post-4982","page","type-page","status-publish","hentry"],"yoast_head":"<!-- This site is optimized with the Yoast SEO plugin v24.8.1 - https:\/\/yoast.com\/wordpress\/plugins\/seo\/ -->\n<title>Kuninkaan Portin tilausmenut - Katso t\u00e4st\u00e4 tilausmenut juhliin<\/title>\n<meta name=\"description\" content=\"T\u00e4\u00e4lt\u00e4 l\u00f6yd\u00e4t meilt\u00e4 valmiita tilausmenuja juhliin tai voimme r\u00e4\u00e4t\u00e4l\u00f6id\u00e4 juuri Sinunlaisesi tilaisuuden tarjoiluineen.\" \/>\n<meta name=\"robots\" content=\"index, follow, max-snippet:-1, max-image-preview:large, max-video-preview:-1\" \/>\n<link rel=\"canonical\" href=\"https:\/\/www.kuninkaanportti.fi\/en\/tilausmenut-noutopoydasta\/\" \/>\n<meta property=\"og:locale\" content=\"en_GB\" \/>\n<meta property=\"og:type\" content=\"article\" \/>\n<meta property=\"og:title\" content=\"Kuninkaan Portin tilausmenut - Katso t\u00e4st\u00e4 tilausmenut juhliin\" \/>\n<meta property=\"og:description\" content=\"T\u00e4\u00e4lt\u00e4 l\u00f6yd\u00e4t meilt\u00e4 valmiita tilausmenuja juhliin tai voimme r\u00e4\u00e4t\u00e4l\u00f6id\u00e4 juuri Sinunlaisesi tilaisuuden tarjoiluineen.\" \/>\n<meta property=\"og:url\" content=\"https:\/\/www.kuninkaanportti.fi\/en\/tilausmenut-noutopoydasta\/\" \/>\n<meta property=\"og:site_name\" content=\"Kuninkaanportti Hartola\" \/>\n<meta property=\"article:modified_time\" content=\"2025-03-06T14:36:31+00:00\" \/>\n<meta name=\"twitter:card\" content=\"summary_large_image\" \/>\n<meta name=\"twitter:label1\" content=\"Estimated reading time\" \/>\n\t<meta name=\"twitter:data1\" content=\"1 minute\" \/>\n<script type=\"application\/ld+json\" class=\"yoast-schema-graph\">{\"@context\":\"https:\/\/schema.org\",\"@graph\":[{\"@type\":\"WebPage\",\"@id\":\"https:\/\/www.kuninkaanportti.fi\/tilausmenut-noutopoydasta\/\",\"url\":\"https:\/\/www.kuninkaanportti.fi\/tilausmenut-noutopoydasta\/\",\"name\":\"Kuninkaan Portin tilausmenut - Katso t\u00e4st\u00e4 tilausmenut juhliin\",\"isPartOf\":{\"@id\":\"https:\/\/www.kuninkaanportti.fi\/#website\"},\"datePublished\":\"2025-03-06T14:34:46+00:00\",\"dateModified\":\"2025-03-06T14:36:31+00:00\",\"description\":\"T\u00e4\u00e4lt\u00e4 l\u00f6yd\u00e4t meilt\u00e4 valmiita tilausmenuja juhliin tai voimme r\u00e4\u00e4t\u00e4l\u00f6id\u00e4 juuri Sinunlaisesi tilaisuuden tarjoiluineen.\",\"breadcrumb\":{\"@id\":\"https:\/\/www.kuninkaanportti.fi\/tilausmenut-noutopoydasta\/#breadcrumb\"},\"inLanguage\":\"en-GB\",\"potentialAction\":[{\"@type\":\"ReadAction\",\"target\":[\"https:\/\/www.kuninkaanportti.fi\/tilausmenut-noutopoydasta\/\"]}]},{\"@type\":\"BreadcrumbList\",\"@id\":\"https:\/\/www.kuninkaanportti.fi\/tilausmenut-noutopoydasta\/#breadcrumb\",\"itemListElement\":[{\"@type\":\"ListItem\",\"position\":1,\"name\":\"Etusivu\",\"item\":\"https:\/\/www.kuninkaanportti.fi\/\"},{\"@type\":\"ListItem\",\"position\":2,\"name\":\"Tilausmenut noutop\u00f6yd\u00e4st\u00e4\"}]},{\"@type\":\"WebSite\",\"@id\":\"https:\/\/www.kuninkaanportti.fi\/#website\",\"url\":\"https:\/\/www.kuninkaanportti.fi\/\",\"name\":\"Kuninkaanportti Hartola\",\"description\":\"Lounasravintola &amp; kokous- ja juhlapalvelut\",\"publisher\":{\"@id\":\"https:\/\/www.kuninkaanportti.fi\/#organization\"},\"potentialAction\":[{\"@type\":\"SearchAction\",\"target\":{\"@type\":\"EntryPoint\",\"urlTemplate\":\"https:\/\/www.kuninkaanportti.fi\/?s={search_term_string}\"},\"query-input\":{\"@type\":\"PropertyValueSpecification\",\"valueRequired\":true,\"valueName\":\"search_term_string\"}}],\"inLanguage\":\"en-GB\"},{\"@type\":\"Organization\",\"@id\":\"https:\/\/www.kuninkaanportti.fi\/#organization\",\"name\":\"Kuninkaanportti Hartola\",\"url\":\"https:\/\/www.kuninkaanportti.fi\/\",\"logo\":{\"@type\":\"ImageObject\",\"inLanguage\":\"en-GB\",\"@id\":\"https:\/\/www.kuninkaanportti.fi\/#\/schema\/logo\/image\/\",\"url\":\"https:\/\/www.kuninkaanportti.fi\/wp-content\/uploads\/2021\/03\/cropped-kuninkaanportti_logo_512.png\",\"contentUrl\":\"https:\/\/www.kuninkaanportti.fi\/wp-content\/uploads\/2021\/03\/cropped-kuninkaanportti_logo_512.png\",\"width\":512,\"height\":512,\"caption\":\"Kuninkaanportti Hartola\"},\"image\":{\"@id\":\"https:\/\/www.kuninkaanportti.fi\/#\/schema\/logo\/image\/\"}}]}<\/script>\n<!-- \/ Yoast SEO plugin. -->","yoast_head_json":{"title":"King's Gate menus - See here for menus for parties","description":"Here you can find ready-made menus for parties or we can tailor-make an event just for you, complete with catering.","robots":{"index":"index","follow":"follow","max-snippet":"max-snippet:-1","max-image-preview":"max-image-preview:large","max-video-preview":"max-video-preview:-1"},"canonical":"https:\/\/www.kuninkaanportti.fi\/en\/tilausmenut-noutopoydasta\/","og_locale":"en_GB","og_type":"article","og_title":"Kuninkaan Portin tilausmenut - Katso t\u00e4st\u00e4 tilausmenut juhliin","og_description":"T\u00e4\u00e4lt\u00e4 l\u00f6yd\u00e4t meilt\u00e4 valmiita tilausmenuja juhliin tai voimme r\u00e4\u00e4t\u00e4l\u00f6id\u00e4 juuri Sinunlaisesi tilaisuuden tarjoiluineen.","og_url":"https:\/\/www.kuninkaanportti.fi\/en\/tilausmenut-noutopoydasta\/","og_site_name":"Kuninkaanportti Hartola","article_modified_time":"2025-03-06T14:36:31+00:00","twitter_card":"summary_large_image","twitter_misc":{"Estimated reading time":"1 minute"},"schema":{"@context":"https:\/\/schema.org","@graph":[{"@type":"WebPage","@id":"https:\/\/www.kuninkaanportti.fi\/tilausmenut-noutopoydasta\/","url":"https:\/\/www.kuninkaanportti.fi\/tilausmenut-noutopoydasta\/","name":"King's Gate menus - See here for menus for parties","isPartOf":{"@id":"https:\/\/www.kuninkaanportti.fi\/#website"},"datePublished":"2025-03-06T14:34:46+00:00","dateModified":"2025-03-06T14:36:31+00:00","description":"Here you can find ready-made menus for parties or we can tailor-make an event just for you, complete with catering.","breadcrumb":{"@id":"https:\/\/www.kuninkaanportti.fi\/tilausmenut-noutopoydasta\/#breadcrumb"},"inLanguage":"en-GB","potentialAction":[{"@type":"ReadAction","target":["https:\/\/www.kuninkaanportti.fi\/tilausmenut-noutopoydasta\/"]}]},{"@type":"BreadcrumbList","@id":"https:\/\/www.kuninkaanportti.fi\/tilausmenut-noutopoydasta\/#breadcrumb","itemListElement":[{"@type":"ListItem","position":1,"name":"Etusivu","item":"https:\/\/www.kuninkaanportti.fi\/"},{"@type":"ListItem","position":2,"name":"Tilausmenut noutop\u00f6yd\u00e4st\u00e4"}]},{"@type":"WebSite","@id":"https:\/\/www.kuninkaanportti.fi\/#website","url":"https:\/\/www.kuninkaanportti.fi\/","name":"King's Gate Hartola","description":"Lunch restaurant &amp; meeting and banqueting services","publisher":{"@id":"https:\/\/www.kuninkaanportti.fi\/#organization"},"potentialAction":[{"@type":"SearchAction","target":{"@type":"EntryPoint","urlTemplate":"https:\/\/www.kuninkaanportti.fi\/?s={search_term_string}"},"query-input":{"@type":"PropertyValueSpecification","valueRequired":true,"valueName":"search_term_string"}}],"inLanguage":"en-GB"},{"@type":"Organization","@id":"https:\/\/www.kuninkaanportti.fi\/#organization","name":"King's Gate Hartola","url":"https:\/\/www.kuninkaanportti.fi\/","logo":{"@type":"ImageObject","inLanguage":"en-GB","@id":"https:\/\/www.kuninkaanportti.fi\/#\/schema\/logo\/image\/","url":"https:\/\/www.kuninkaanportti.fi\/wp-content\/uploads\/2021\/03\/cropped-kuninkaanportti_logo_512.png","contentUrl":"https:\/\/www.kuninkaanportti.fi\/wp-content\/uploads\/2021\/03\/cropped-kuninkaanportti_logo_512.png","width":512,"height":512,"caption":"Kuninkaanportti Hartola"},"image":{"@id":"https:\/\/www.kuninkaanportti.fi\/#\/schema\/logo\/image\/"}}]}},"_links":{"self":[{"href":"https:\/\/www.kuninkaanportti.fi\/en\/wp-json\/wp\/v2\/pages\/4982","targetHints":{"allow":["GET"]}}],"collection":[{"href":"https:\/\/www.kuninkaanportti.fi\/en\/wp-json\/wp\/v2\/pages"}],"about":[{"href":"https:\/\/www.kuninkaanportti.fi\/en\/wp-json\/wp\/v2\/types\/page"}],"author":[{"embeddable":true,"href":"https:\/\/www.kuninkaanportti.fi\/en\/wp-json\/wp\/v2\/users\/4"}],"replies":[{"embeddable":true,"href":"https:\/\/www.kuninkaanportti.fi\/en\/wp-json\/wp\/v2\/comments?post=4982"}],"version-history":[{"count":4,"href":"https:\/\/www.kuninkaanportti.fi\/en\/wp-json\/wp\/v2\/pages\/4982\/revisions"}],"predecessor-version":[{"id":4986,"href":"https:\/\/www.kuninkaanportti.fi\/en\/wp-json\/wp\/v2\/pages\/4982\/revisions\/4986"}],"wp:attachment":[{"href":"https:\/\/www.kuninkaanportti.fi\/en\/wp-json\/wp\/v2\/media?parent=4982"}],"curies":[{"name":"wp","href":"https:\/\/api.w.org\/{rel}","templated":true}]}}