{"id":4735,"date":"2025-01-24T07:22:06","date_gmt":"2025-01-24T05:22:06","guid":{"rendered":"https:\/\/www.kuninkaanportti.fi\/?page_id=4735"},"modified":"2025-11-15T09:38:14","modified_gmt":"2025-11-15T07:38:14","slug":"vastuullisuus-meilla","status":"publish","type":"page","link":"https:\/\/www.kuninkaanportti.fi\/en\/vastuullisuus-meilla\/","title":{"rendered":"Responsibility in our country"},"content":{"rendered":"<div data-elementor-type=\"wp-page\" data-elementor-id=\"4735\" class=\"elementor elementor-4735\">\n\t\t\t\t\t\t<section class=\"elementor-section elementor-top-section elementor-element elementor-element-78f0d539 elementor-section-boxed elementor-section-height-default elementor-section-height-default\" data-id=\"78f0d539\" data-element_type=\"section\" data-e-type=\"section\">\n\t\t\t\t\t\t<div class=\"elementor-container elementor-column-gap-default\">\n\t\t\t\t\t<div class=\"elementor-column elementor-col-100 elementor-top-column elementor-element elementor-element-4f8abd2f\" data-id=\"4f8abd2f\" data-element_type=\"column\" data-e-type=\"column\">\n\t\t\t<div class=\"elementor-widget-wrap elementor-element-populated\">\n\t\t\t\t\t\t<div class=\"elementor-element elementor-element-17604c0 elementor-widget elementor-widget-text-editor\" data-id=\"17604c0\" data-element_type=\"widget\" data-e-type=\"widget\" data-widget_type=\"text-editor.default\">\n\t\t\t\t<div class=\"elementor-widget-container\">\n\t\t\t\t\t\t\t\t\t<figure class=\"wp-block-image size-full\"><img fetchpriority=\"high\" decoding=\"async\" width=\"683\" height=\"175\" src=\"https:\/\/www.kuninkaanportti.fi\/wp-content\/uploads\/2025\/01\/kuva.png\" alt=\"\" class=\"wp-image-4739\" srcset=\"https:\/\/www.kuninkaanportti.fi\/wp-content\/uploads\/2025\/01\/kuva.png 683w, https:\/\/www.kuninkaanportti.fi\/wp-content\/uploads\/2025\/01\/kuva-300x77.png 300w, https:\/\/www.kuninkaanportti.fi\/wp-content\/uploads\/2025\/01\/kuva-18x5.png 18w\" sizes=\"(max-width: 683px) 100vw, 683px\" \/><\/figure>\n<p><!-- \/wp:image --><!-- wp:paragraph --><\/p>\n<p>RESPONSIBLE SOURCING AND SUPPLY<\/p>\n<p><!-- \/wp:paragraph --><!-- wp:paragraph --><\/p>\n<p>Our purchasing practices focus on quality products and partners who respect the environment. The wholesalers we use are committed to environmental sustainability strategies. For wholesale orders, we favour domestic products for quality, but also for environmental reasons and to avoid long transport distances.<\/p>\n<p><\/p>\n<p>We choose to buy products that are more sustainable for nature's carrying capacity and produced nearby. We also buy responsibly harvested local berries and mushrooms, and local fish. The service providers used by the company are local. Our caf\u00e9-restaurant sells products from a range of local producers. Local products are regularly supplied to us by, for example, Kakra, an oatmeal bakery.  Other local products on sale include sweets, beers, honey products, herbs and spices, and various handicrafts.<\/p>\n<p><\/p>\n<p><!-- \/wp:paragraph --><!-- wp:paragraph --><\/p>\n<p><!-- \/wp:paragraph --><!-- wp:paragraph --><\/p>\n<p>The company's property is renovated and maintained using high-quality, durable products and, where possible, locally produced building materials. Suppliers are local professionals with a focus on quality. Properly done work saves environmental impact, both in the procurement of raw materials and in the generation of waste.<\/p>\n<p><\/p>\n<p><!-- \/wp:paragraph --><!-- wp:paragraph --><\/p>\n<p>RESPONSIBLE FOOD<\/p>\n<p><!-- \/wp:paragraph --><!-- wp:paragraph --><\/p>\n<p>Our company focuses on special diets and the growing demand for vegetarian food. We offer a vegetarian option at lunch every day. A dairy-free option is also available daily. We prepare all dishes containing dairy products from lactose-free products. The majority of the portion and lunch dishes we serve are gluten-free, as are our party platters. You can also choose between gluten-free and vegan options for the fast food we sell.<\/p>\n<p><\/p>\n<p><!-- \/wp:paragraph --><!-- wp:paragraph --><\/p>\n<p>Our caf\u00e9 menu offers a range of gluten-free options. Our line also caters for vegetarians and vegan products are also available. We listen to our customers' specific requests for different allergens and prepare dishes according to their wishes.<\/p>\n<p><\/p>\n<p><!-- \/wp:paragraph --><!-- wp:paragraph --><\/p>\n<p>In our lunch line, we focus on an attractive, generous salad bar and high-quality hot vegetables. In this way, we enable customers to choose more vegetables in their portions and reduce their intake of meat products. Our daily lunch options<br \/>include a vegetarian dish, either as a main course, in a soup or as an alternative to a portion. We avoid the use of endangered species.<\/p>\n<p><\/p>\n<p><!-- \/wp:paragraph --><!-- wp:paragraph --><\/p>\n<p>SOCIAL WELFARE AND RESPONSIBLE EMPLOYMENT<\/p>\n<p><!-- \/wp:paragraph --><!-- wp:paragraph --><\/p>\n<p>The King's Gate supports local entrepreneurs in developing and selling sustainable products and services based on the region's nature, history and culture. We offer internships to local students and several of our interns have also become employees.<\/p>\n<p><!-- \/wp:paragraph --><!-- wp:paragraph --><\/p>\n<p><\/p>\n<p><!-- \/wp:paragraph --><!-- wp:paragraph --><\/p>\n<p>We comply with the Equality Act and oppose all forms of harassment and discrimination. If we see situations of abuse or harassment among our customers, we will address them in accordance with the guidelines. We welcome all types of client groups. We have a special focus on children and have accessible facilities. Our staff also serves clients in English.<\/p>\n<p><\/p>\n<p><!-- \/wp:paragraph --><!-- wp:paragraph --><\/p>\n<p>We follow the collective agreement for the tourism and catering sector. Our employees have a safe working environment, their rights are respected and our working atmosphere is highly praised. We encourage our employees to learn new things and gain experience in new areas. We train our staff regularly.<\/p>\n<p><\/p>\n<p><!-- \/wp:paragraph --><!-- wp:paragraph --><\/p>\n<p>ENERGY, WATER AND CLIMATE<\/p>\n<p><!-- \/wp:paragraph --><!-- wp:paragraph --><\/p>\n<p>We have reduced energy consumption by using timed air conditioning and by keeping energy-intensive equipment on for only the time needed. It is our practice to turn on energy-consuming equipment only when it is needed, for example when the lofts are in use. The air conditioning is on a timer and is not on at night, for example.<\/p>\n<p><!-- \/wp:paragraph --><!-- wp:paragraph --><\/p>\n<p>We have water-saving water points in toilets, for example. We have a policy of washing only full machines with dishwashers and washing machines. We also reduce water consumption by instructing customers to reduce the use of trays.<\/p>\n<p><\/p>\n<p><!-- \/wp:paragraph --><!-- wp:paragraph --><\/p>\n<p>We will pay attention to reducing the amount of waste in order to reduce overall consumption. To reduce waste, orders are carefully planned. Best-before dates are monitored daily and, where necessary, products are sold in advance at a discount. Our waste is carefully sorted. Food waste is recycled and transformed into My Diesel, for example. Cardboard boxes are collected separately and are used to make new cardboard boxes. Empty cans and bottles are also returned. We also sort metal, glass, batteries and paper separately.<\/p>\n<p><!-- \/wp:paragraph --><!-- wp:paragraph --><\/p>\n<p><\/p>\n<p><!-- \/wp:paragraph --><!-- wp:paragraph --><\/p>\n<p>NATURE AND CULTURAL HERITAGE<\/p>\n<p><!-- \/wp:paragraph --><!-- wp:paragraph --><\/p>\n<p>We are located next to the beautiful Tainionvirta. We maintain the natural value of the area and have networked to increase nature tourism in the area.<\/p>\n<p><!-- \/wp:paragraph --><!-- wp:paragraph --><\/p>\n<p>For us, it is important to preserve the vitality of the area, its natural and cultural heritage. We work in partnership with other businesses, customers and associations in the area. We provide information on tourism and cultural services in the area. We also organise cultural events in cooperation with our facilities.<\/p>\n<p><!-- \/wp:paragraph --><!-- wp:paragraph --><\/p>\n<p><!-- \/wp:paragraph --><\/p>\t\t\t\t\t\t\t\t<\/div>\n\t\t\t\t<\/div>\n\t\t\t\t\t<\/div>\n\t\t<\/div>\n\t\t\t\t\t<\/div>\n\t\t<\/section>\n\t\t\t\t<section class=\"elementor-section elementor-top-section elementor-element elementor-element-e7b4f3a elementor-section-boxed elementor-section-height-default elementor-section-height-default\" data-id=\"e7b4f3a\" data-element_type=\"section\" data-e-type=\"section\">\n\t\t\t\t\t\t<div class=\"elementor-container elementor-column-gap-default\">\n\t\t\t\t\t<div class=\"elementor-column elementor-col-100 elementor-top-column elementor-element elementor-element-971bade\" data-id=\"971bade\" data-element_type=\"column\" data-e-type=\"column\">\n\t\t\t<div class=\"elementor-widget-wrap\">\n\t\t\t\t\t\t\t<\/div>\n\t\t<\/div>\n\t\t\t\t\t<\/div>\n\t\t<\/section>\n\t\t\t\t<\/div>","protected":false},"excerpt":{"rendered":"<p>VASTUULLINEN HANKINTA JA TARJONTA Ostok\u00e4yt\u00e4nn\u00f6iss\u00e4mme panostamme laadukkaisiin tuotteisiin ja ymp\u00e4rist\u00f6arvoja kunnioittaviin yhteisty\u00f6kumppaneihin. K\u00e4ytt\u00e4m\u00e4mme tukkukauppiaat ovat sitoutuneet kest\u00e4vyysstrategioissaan ymp\u00e4rist\u00f6yst\u00e4v\u00e4llisyyteen. Tukkutilauksissa suosimme kotimaisuutta laadun, mutta my\u00f6s ymp\u00e4rist\u00f6yst\u00e4v\u00e4llisyyden takia ja pitkien kuljetusmatkojen v\u00e4ltt\u00e4miseksi. Valitsemme ostoissamme luonnon kantokyvylle kest\u00e4v\u00e4mpi\u00e4 l\u00e4hell\u00e4 tuotettuja tuotteita. Ostamme my\u00f6s vastuullisesti ker\u00e4ttyj\u00e4 paikallisia marjoja ja sieni\u00e4, sek\u00e4 paikallista kalaa. Yrityksen [&hellip;]<\/p>\n","protected":false},"author":6,"featured_media":742,"parent":0,"menu_order":0,"comment_status":"closed","ping_status":"closed","template":"page-templates\/template-pagebuilder-full-width.php","meta":{"footnotes":""},"class_list":["post-4735","page","type-page","status-publish","has-post-thumbnail","hentry"],"yoast_head":"<!-- This site is optimized with the Yoast SEO plugin v24.8.1 - https:\/\/yoast.com\/wordpress\/plugins\/seo\/ -->\n<title>Vastuullisuus meill\u00e4 - Kuninkaanportti Hartola<\/title>\n<meta name=\"robots\" content=\"index, follow, max-snippet:-1, max-image-preview:large, max-video-preview:-1\" \/>\n<link rel=\"canonical\" href=\"https:\/\/www.kuninkaanportti.fi\/en\/vastuullisuus-meilla\/\" \/>\n<meta property=\"og:locale\" content=\"en_GB\" \/>\n<meta property=\"og:type\" content=\"article\" \/>\n<meta property=\"og:title\" content=\"Vastuullisuus meill\u00e4 - Kuninkaanportti Hartola\" \/>\n<meta property=\"og:description\" content=\"VASTUULLINEN HANKINTA JA TARJONTA Ostok\u00e4yt\u00e4nn\u00f6iss\u00e4mme panostamme laadukkaisiin tuotteisiin ja ymp\u00e4rist\u00f6arvoja kunnioittaviin yhteisty\u00f6kumppaneihin. K\u00e4ytt\u00e4m\u00e4mme tukkukauppiaat ovat sitoutuneet kest\u00e4vyysstrategioissaan ymp\u00e4rist\u00f6yst\u00e4v\u00e4llisyyteen. Tukkutilauksissa suosimme kotimaisuutta laadun, mutta my\u00f6s ymp\u00e4rist\u00f6yst\u00e4v\u00e4llisyyden takia ja pitkien kuljetusmatkojen v\u00e4ltt\u00e4miseksi. Valitsemme ostoissamme luonnon kantokyvylle kest\u00e4v\u00e4mpi\u00e4 l\u00e4hell\u00e4 tuotettuja tuotteita. Ostamme my\u00f6s vastuullisesti ker\u00e4ttyj\u00e4 paikallisia marjoja ja sieni\u00e4, sek\u00e4 paikallista kalaa. Yrityksen [&hellip;]\" \/>\n<meta property=\"og:url\" content=\"https:\/\/www.kuninkaanportti.fi\/en\/vastuullisuus-meilla\/\" \/>\n<meta property=\"og:site_name\" content=\"Kuninkaanportti Hartola\" \/>\n<meta property=\"article:modified_time\" content=\"2025-11-15T07:38:14+00:00\" \/>\n<meta property=\"og:image\" content=\"https:\/\/www.kuninkaanportti.fi\/wp-content\/uploads\/2021\/04\/kalastus_hartola.jpg\" \/>\n\t<meta property=\"og:image:width\" content=\"1880\" \/>\n\t<meta property=\"og:image:height\" content=\"681\" \/>\n\t<meta property=\"og:image:type\" content=\"image\/jpeg\" \/>\n<meta name=\"twitter:card\" content=\"summary_large_image\" \/>\n<meta name=\"twitter:label1\" content=\"Estimated reading time\" \/>\n\t<meta name=\"twitter:data1\" content=\"4 minutes\" \/>\n<script type=\"application\/ld+json\" class=\"yoast-schema-graph\">{\"@context\":\"https:\/\/schema.org\",\"@graph\":[{\"@type\":\"WebPage\",\"@id\":\"https:\/\/www.kuninkaanportti.fi\/vastuullisuus-meilla\/\",\"url\":\"https:\/\/www.kuninkaanportti.fi\/vastuullisuus-meilla\/\",\"name\":\"Vastuullisuus meill\u00e4 - Kuninkaanportti Hartola\",\"isPartOf\":{\"@id\":\"https:\/\/www.kuninkaanportti.fi\/#website\"},\"primaryImageOfPage\":{\"@id\":\"https:\/\/www.kuninkaanportti.fi\/vastuullisuus-meilla\/#primaryimage\"},\"image\":{\"@id\":\"https:\/\/www.kuninkaanportti.fi\/vastuullisuus-meilla\/#primaryimage\"},\"thumbnailUrl\":\"https:\/\/www.kuninkaanportti.fi\/wp-content\/uploads\/2021\/04\/kalastus_hartola.jpg\",\"datePublished\":\"2025-01-24T05:22:06+00:00\",\"dateModified\":\"2025-11-15T07:38:14+00:00\",\"breadcrumb\":{\"@id\":\"https:\/\/www.kuninkaanportti.fi\/vastuullisuus-meilla\/#breadcrumb\"},\"inLanguage\":\"en-GB\",\"potentialAction\":[{\"@type\":\"ReadAction\",\"target\":[\"https:\/\/www.kuninkaanportti.fi\/vastuullisuus-meilla\/\"]}]},{\"@type\":\"ImageObject\",\"inLanguage\":\"en-GB\",\"@id\":\"https:\/\/www.kuninkaanportti.fi\/vastuullisuus-meilla\/#primaryimage\",\"url\":\"https:\/\/www.kuninkaanportti.fi\/wp-content\/uploads\/2021\/04\/kalastus_hartola.jpg\",\"contentUrl\":\"https:\/\/www.kuninkaanportti.fi\/wp-content\/uploads\/2021\/04\/kalastus_hartola.jpg\",\"width\":1880,\"height\":681},{\"@type\":\"BreadcrumbList\",\"@id\":\"https:\/\/www.kuninkaanportti.fi\/vastuullisuus-meilla\/#breadcrumb\",\"itemListElement\":[{\"@type\":\"ListItem\",\"position\":1,\"name\":\"Etusivu\",\"item\":\"https:\/\/www.kuninkaanportti.fi\/\"},{\"@type\":\"ListItem\",\"position\":2,\"name\":\"Vastuullisuus meill\u00e4\"}]},{\"@type\":\"WebSite\",\"@id\":\"https:\/\/www.kuninkaanportti.fi\/#website\",\"url\":\"https:\/\/www.kuninkaanportti.fi\/\",\"name\":\"Kuninkaanportti Hartola\",\"description\":\"Lounasravintola &amp; kokous- ja juhlapalvelut\",\"publisher\":{\"@id\":\"https:\/\/www.kuninkaanportti.fi\/#organization\"},\"potentialAction\":[{\"@type\":\"SearchAction\",\"target\":{\"@type\":\"EntryPoint\",\"urlTemplate\":\"https:\/\/www.kuninkaanportti.fi\/?s={search_term_string}\"},\"query-input\":{\"@type\":\"PropertyValueSpecification\",\"valueRequired\":true,\"valueName\":\"search_term_string\"}}],\"inLanguage\":\"en-GB\"},{\"@type\":\"Organization\",\"@id\":\"https:\/\/www.kuninkaanportti.fi\/#organization\",\"name\":\"Kuninkaanportti Hartola\",\"url\":\"https:\/\/www.kuninkaanportti.fi\/\",\"logo\":{\"@type\":\"ImageObject\",\"inLanguage\":\"en-GB\",\"@id\":\"https:\/\/www.kuninkaanportti.fi\/#\/schema\/logo\/image\/\",\"url\":\"https:\/\/www.kuninkaanportti.fi\/wp-content\/uploads\/2021\/03\/cropped-kuninkaanportti_logo_512.png\",\"contentUrl\":\"https:\/\/www.kuninkaanportti.fi\/wp-content\/uploads\/2021\/03\/cropped-kuninkaanportti_logo_512.png\",\"width\":512,\"height\":512,\"caption\":\"Kuninkaanportti Hartola\"},\"image\":{\"@id\":\"https:\/\/www.kuninkaanportti.fi\/#\/schema\/logo\/image\/\"}}]}<\/script>\n<!-- \/ Yoast SEO plugin. -->","yoast_head_json":{"title":"Responsibility in our company - King's Gate Hartola","robots":{"index":"index","follow":"follow","max-snippet":"max-snippet:-1","max-image-preview":"max-image-preview:large","max-video-preview":"max-video-preview:-1"},"canonical":"https:\/\/www.kuninkaanportti.fi\/en\/vastuullisuus-meilla\/","og_locale":"en_GB","og_type":"article","og_title":"Vastuullisuus meill\u00e4 - Kuninkaanportti Hartola","og_description":"VASTUULLINEN HANKINTA JA TARJONTA Ostok\u00e4yt\u00e4nn\u00f6iss\u00e4mme panostamme laadukkaisiin tuotteisiin ja ymp\u00e4rist\u00f6arvoja kunnioittaviin yhteisty\u00f6kumppaneihin. K\u00e4ytt\u00e4m\u00e4mme tukkukauppiaat ovat sitoutuneet kest\u00e4vyysstrategioissaan ymp\u00e4rist\u00f6yst\u00e4v\u00e4llisyyteen. Tukkutilauksissa suosimme kotimaisuutta laadun, mutta my\u00f6s ymp\u00e4rist\u00f6yst\u00e4v\u00e4llisyyden takia ja pitkien kuljetusmatkojen v\u00e4ltt\u00e4miseksi. Valitsemme ostoissamme luonnon kantokyvylle kest\u00e4v\u00e4mpi\u00e4 l\u00e4hell\u00e4 tuotettuja tuotteita. Ostamme my\u00f6s vastuullisesti ker\u00e4ttyj\u00e4 paikallisia marjoja ja sieni\u00e4, sek\u00e4 paikallista kalaa. Yrityksen [&hellip;]","og_url":"https:\/\/www.kuninkaanportti.fi\/en\/vastuullisuus-meilla\/","og_site_name":"Kuninkaanportti Hartola","article_modified_time":"2025-11-15T07:38:14+00:00","og_image":[{"width":1880,"height":681,"url":"https:\/\/www.kuninkaanportti.fi\/wp-content\/uploads\/2021\/04\/kalastus_hartola.jpg","type":"image\/jpeg"}],"twitter_card":"summary_large_image","twitter_misc":{"Estimated reading time":"4 minutes"},"schema":{"@context":"https:\/\/schema.org","@graph":[{"@type":"WebPage","@id":"https:\/\/www.kuninkaanportti.fi\/vastuullisuus-meilla\/","url":"https:\/\/www.kuninkaanportti.fi\/vastuullisuus-meilla\/","name":"Responsibility in our company - King's Gate Hartola","isPartOf":{"@id":"https:\/\/www.kuninkaanportti.fi\/#website"},"primaryImageOfPage":{"@id":"https:\/\/www.kuninkaanportti.fi\/vastuullisuus-meilla\/#primaryimage"},"image":{"@id":"https:\/\/www.kuninkaanportti.fi\/vastuullisuus-meilla\/#primaryimage"},"thumbnailUrl":"https:\/\/www.kuninkaanportti.fi\/wp-content\/uploads\/2021\/04\/kalastus_hartola.jpg","datePublished":"2025-01-24T05:22:06+00:00","dateModified":"2025-11-15T07:38:14+00:00","breadcrumb":{"@id":"https:\/\/www.kuninkaanportti.fi\/vastuullisuus-meilla\/#breadcrumb"},"inLanguage":"en-GB","potentialAction":[{"@type":"ReadAction","target":["https:\/\/www.kuninkaanportti.fi\/vastuullisuus-meilla\/"]}]},{"@type":"ImageObject","inLanguage":"en-GB","@id":"https:\/\/www.kuninkaanportti.fi\/vastuullisuus-meilla\/#primaryimage","url":"https:\/\/www.kuninkaanportti.fi\/wp-content\/uploads\/2021\/04\/kalastus_hartola.jpg","contentUrl":"https:\/\/www.kuninkaanportti.fi\/wp-content\/uploads\/2021\/04\/kalastus_hartola.jpg","width":1880,"height":681},{"@type":"BreadcrumbList","@id":"https:\/\/www.kuninkaanportti.fi\/vastuullisuus-meilla\/#breadcrumb","itemListElement":[{"@type":"ListItem","position":1,"name":"Etusivu","item":"https:\/\/www.kuninkaanportti.fi\/"},{"@type":"ListItem","position":2,"name":"Vastuullisuus meill\u00e4"}]},{"@type":"WebSite","@id":"https:\/\/www.kuninkaanportti.fi\/#website","url":"https:\/\/www.kuninkaanportti.fi\/","name":"King's Gate Hartola","description":"Lunch restaurant &amp; meeting and banqueting services","publisher":{"@id":"https:\/\/www.kuninkaanportti.fi\/#organization"},"potentialAction":[{"@type":"SearchAction","target":{"@type":"EntryPoint","urlTemplate":"https:\/\/www.kuninkaanportti.fi\/?s={search_term_string}"},"query-input":{"@type":"PropertyValueSpecification","valueRequired":true,"valueName":"search_term_string"}}],"inLanguage":"en-GB"},{"@type":"Organization","@id":"https:\/\/www.kuninkaanportti.fi\/#organization","name":"King's Gate Hartola","url":"https:\/\/www.kuninkaanportti.fi\/","logo":{"@type":"ImageObject","inLanguage":"en-GB","@id":"https:\/\/www.kuninkaanportti.fi\/#\/schema\/logo\/image\/","url":"https:\/\/www.kuninkaanportti.fi\/wp-content\/uploads\/2021\/03\/cropped-kuninkaanportti_logo_512.png","contentUrl":"https:\/\/www.kuninkaanportti.fi\/wp-content\/uploads\/2021\/03\/cropped-kuninkaanportti_logo_512.png","width":512,"height":512,"caption":"Kuninkaanportti Hartola"},"image":{"@id":"https:\/\/www.kuninkaanportti.fi\/#\/schema\/logo\/image\/"}}]}},"_links":{"self":[{"href":"https:\/\/www.kuninkaanportti.fi\/en\/wp-json\/wp\/v2\/pages\/4735","targetHints":{"allow":["GET"]}}],"collection":[{"href":"https:\/\/www.kuninkaanportti.fi\/en\/wp-json\/wp\/v2\/pages"}],"about":[{"href":"https:\/\/www.kuninkaanportti.fi\/en\/wp-json\/wp\/v2\/types\/page"}],"author":[{"embeddable":true,"href":"https:\/\/www.kuninkaanportti.fi\/en\/wp-json\/wp\/v2\/users\/6"}],"replies":[{"embeddable":true,"href":"https:\/\/www.kuninkaanportti.fi\/en\/wp-json\/wp\/v2\/comments?post=4735"}],"version-history":[{"count":12,"href":"https:\/\/www.kuninkaanportti.fi\/en\/wp-json\/wp\/v2\/pages\/4735\/revisions"}],"predecessor-version":[{"id":5544,"href":"https:\/\/www.kuninkaanportti.fi\/en\/wp-json\/wp\/v2\/pages\/4735\/revisions\/5544"}],"wp:featuredmedia":[{"embeddable":true,"href":"https:\/\/www.kuninkaanportti.fi\/en\/wp-json\/wp\/v2\/media\/742"}],"wp:attachment":[{"href":"https:\/\/www.kuninkaanportti.fi\/en\/wp-json\/wp\/v2\/media?parent=4735"}],"curies":[{"name":"wp","href":"https:\/\/api.w.org\/{rel}","templated":true}]}}