{"id":47,"date":"2021-03-24T13:20:07","date_gmt":"2021-03-24T11:20:07","guid":{"rendered":"https:\/\/www.kuninkaanportti.fi\/?page_id=47"},"modified":"2025-11-06T14:37:36","modified_gmt":"2025-11-06T12:37:36","slug":"kokous-ja-juhlatilat","status":"publish","type":"page","link":"https:\/\/www.kuninkaanportti.fi\/en\/kokous-ja-juhlatilat\/","title":{"rendered":"Premises"},"content":{"rendered":"<div data-elementor-type=\"wp-page\" data-elementor-id=\"47\" class=\"elementor elementor-47\">\n\t\t\t\t\t\t<section class=\"elementor-section elementor-top-section elementor-element elementor-element-bc05074 elementor-section-stretched elementor-section-boxed elementor-section-height-default elementor-section-height-default\" data-id=\"bc05074\" data-element_type=\"section\" data-e-type=\"section\" data-settings=\"{&quot;stretch_section&quot;:&quot;section-stretched&quot;}\">\n\t\t\t\t\t\t<div class=\"elementor-container elementor-column-gap-default\">\n\t\t\t\t\t<div class=\"elementor-column elementor-col-33 elementor-top-column elementor-element elementor-element-0b3ca15\" data-id=\"0b3ca15\" data-element_type=\"column\" data-e-type=\"column\">\n\t\t\t<div class=\"elementor-widget-wrap elementor-element-populated\">\n\t\t\t\t\t\t<div class=\"elementor-element elementor-element-7062a65 elementor-widget elementor-widget-wp-widget-nav_menu\" data-id=\"7062a65\" data-element_type=\"widget\" data-e-type=\"widget\" data-widget_type=\"wp-widget-nav_menu.default\">\n\t\t\t\t<div class=\"elementor-widget-container\">\n\t\t\t\t\t<h5>Introductions<\/h5><div class=\"menu-juhlapalvelut-container\"><ul id=\"menu-juhlapalvelut\" class=\"menu\"><li id=\"menu-item-993\" class=\"menu-item menu-item-type-custom menu-item-object-custom menu-item-993\"><a href=\"\/en\/sauna-ja-pesutilat\/\">Sauna and washroom<\/a><\/li>\n<li id=\"menu-item-994\" class=\"menu-item menu-item-type-custom menu-item-object-custom menu-item-994\"><a href=\"\/en\/takkakabinetti\/\">Cabinet<\/a><\/li>\n<li id=\"menu-item-995\" class=\"menu-item menu-item-type-custom menu-item-object-custom menu-item-995\"><a href=\"\/en\/juhlasali\/\">Ballroom<\/a><\/li>\n<\/ul><\/div>\t\t\t\t<\/div>\n\t\t\t\t<\/div>\n\t\t\t\t<div class=\"elementor-element elementor-element-73a6f20 elementor-widget elementor-widget-wp-widget-nav_menu\" data-id=\"73a6f20\" data-element_type=\"widget\" data-e-type=\"widget\" data-widget_type=\"wp-widget-nav_menu.default\">\n\t\t\t\t<div class=\"elementor-widget-container\">\n\t\t\t\t\t<h5>Printable menus<\/h5><div class=\"menu-tulostettavat-menut-container\"><ul id=\"menu-tulostettavat-menut\" class=\"menu\"><li id=\"menu-item-1808\" class=\"menu-item menu-item-type-custom menu-item-object-custom menu-item-1808\"><a href=\"https:\/\/www.kuninkaanportti.fi\/wp-content\/uploads\/2025\/03\/Portti-Tilausmenut-noutopoydasta.pdf\">Menu for parties<\/a><\/li>\n<li id=\"menu-item-1809\" class=\"menu-item menu-item-type-custom menu-item-object-custom menu-item-1809\"><a href=\"https:\/\/www.kuninkaanportti.fi\/wp-content\/uploads\/2025\/03\/Portti-Kokoustarjoilut.pdf\">Menu for meetings<\/a><\/li>\n<li id=\"menu-item-1810\" class=\"menu-item menu-item-type-custom menu-item-object-custom menu-item-1810\"><a href=\"https:\/\/www.kuninkaanportti.fi\/wp-content\/uploads\/2024\/04\/Portti-Saunamenut2024.pdf\">Menu for sauna evenings<\/a><\/li>\n<\/ul><\/div>\t\t\t\t<\/div>\n\t\t\t\t<\/div>\n\t\t\t\t<section class=\"elementor-section elementor-inner-section elementor-element elementor-element-c0ea919 elementor-section-boxed elementor-section-height-default elementor-section-height-default\" data-id=\"c0ea919\" data-element_type=\"section\" data-e-type=\"section\">\n\t\t\t\t\t\t<div class=\"elementor-container elementor-column-gap-default\">\n\t\t\t\t\t<div class=\"elementor-column elementor-col-50 elementor-inner-column elementor-element elementor-element-32fe03a\" data-id=\"32fe03a\" data-element_type=\"column\" data-e-type=\"column\">\n\t\t\t<div class=\"elementor-widget-wrap\">\n\t\t\t\t\t\t\t<\/div>\n\t\t<\/div>\n\t\t\t\t<div class=\"elementor-column elementor-col-50 elementor-inner-column elementor-element elementor-element-4ce4dae\" data-id=\"4ce4dae\" data-element_type=\"column\" data-e-type=\"column\">\n\t\t\t<div class=\"elementor-widget-wrap\">\n\t\t\t\t\t\t\t<\/div>\n\t\t<\/div>\n\t\t\t\t\t<\/div>\n\t\t<\/section>\n\t\t\t\t\t<\/div>\n\t\t<\/div>\n\t\t\t\t<div class=\"elementor-column elementor-col-66 elementor-top-column elementor-element elementor-element-2aa1cf3\" data-id=\"2aa1cf3\" data-element_type=\"column\" data-e-type=\"column\">\n\t\t\t<div class=\"elementor-widget-wrap elementor-element-populated\">\n\t\t\t\t\t\t<div class=\"elementor-element elementor-element-c15e2a5 elementor-widget elementor-widget-heading\" data-id=\"c15e2a5\" data-element_type=\"widget\" data-e-type=\"widget\" data-widget_type=\"heading.default\">\n\t\t\t\t<div class=\"elementor-widget-container\">\n\t\t\t\t\t<h2 class=\"elementor-heading-title elementor-size-default\">Enjoy the beautiful Tainionvirra's beach!<\/h2>\t\t\t\t<\/div>\n\t\t\t\t<\/div>\n\t\t\t\t<div class=\"elementor-element elementor-element-ad6c26f elementor-widget-divider--view-line_icon elementor-view-default elementor-widget-divider--element-align-center elementor-widget elementor-widget-divider\" data-id=\"ad6c26f\" data-element_type=\"widget\" data-e-type=\"widget\" data-widget_type=\"divider.default\">\n\t\t\t\t<div class=\"elementor-widget-container\">\n\t\t\t\t\t\t\t<div class=\"elementor-divider\">\n\t\t\t<span class=\"elementor-divider-separator\">\n\t\t\t\t\t\t\t<div class=\"elementor-icon elementor-divider__element\">\n\t\t\t\t\t<i aria-hidden=\"true\" class=\"fas fa-crown\"><\/i><\/div>\n\t\t\t\t\t\t<\/span>\n\t\t<\/div>\n\t\t\t\t\t\t<\/div>\n\t\t\t\t<\/div>\n\t\t\t\t<div class=\"elementor-element elementor-element-a26a7bd elementor-widget elementor-widget-text-editor\" data-id=\"a26a7bd\" data-element_type=\"widget\" data-e-type=\"widget\" data-widget_type=\"text-editor.default\">\n\t\t\t\t<div class=\"elementor-widget-container\">\n\t\t\t\t\t\t\t\t\t<div><\/div><div>Are you looking for a place to host events, family parties or perhaps a sauna evening?<\/div><div>You'll find everything from Kuninkaan Portti!<\/div><div>And the best part is that the gorgeous courtyard area is at your disposal.<\/div><div>You can find ready-made packages from us or we can tailor an event like yours with catering.<\/div><div><\/div><div><\/div>\t\t\t\t\t\t\t\t<\/div>\n\t\t\t\t<\/div>\n\t\t\t\t<div class=\"elementor-element elementor-element-e96e2ec elementor-widget elementor-widget-text-editor\" data-id=\"e96e2ec\" data-element_type=\"widget\" data-e-type=\"widget\" data-widget_type=\"text-editor.default\">\n\t\t\t\t<div class=\"elementor-widget-container\">\n\t\t\t\t\t\t\t\t\t<p><a href=\"https:\/\/www.kuninkaanportti.fi\/en\/tilausmenut-noutopoydasta\/\"><strong>Options:<\/strong><\/a><\/p><p><a href=\"https:\/\/www.kuninkaanportti.fi\/en\/kokouspaketti-2\/\"><strong>Meeting packages<\/strong><\/a><\/p>\t\t\t\t\t\t\t\t<\/div>\n\t\t\t\t<\/div>\n\t\t\t\t\t<\/div>\n\t\t<\/div>\n\t\t\t\t\t<\/div>\n\t\t<\/section>\n\t\t\t\t<section class=\"elementor-section elementor-top-section elementor-element elementor-element-4ec455d elementor-section-boxed elementor-section-height-default elementor-section-height-default\" data-id=\"4ec455d\" data-element_type=\"section\" data-e-type=\"section\">\n\t\t\t\t\t\t<div class=\"elementor-container elementor-column-gap-default\">\n\t\t\t\t\t<div class=\"elementor-column elementor-col-100 elementor-top-column elementor-element elementor-element-340150a\" data-id=\"340150a\" data-element_type=\"column\" data-e-type=\"column\">\n\t\t\t<div class=\"elementor-widget-wrap elementor-element-populated\">\n\t\t\t\t\t\t<div class=\"elementor-element elementor-element-e85e856 elementor-invisible elementor-widget elementor-widget-image\" data-id=\"e85e856\" data-element_type=\"widget\" data-e-type=\"widget\" data-settings=\"{&quot;_animation&quot;:&quot;fadeInUp&quot;}\" data-widget_type=\"image.default\">\n\t\t\t\t<div class=\"elementor-widget-container\">\n\t\t\t\t\t\t\t\t\t\t\t\t\t\t\t<img fetchpriority=\"high\" decoding=\"async\" width=\"750\" height=\"431\" src=\"https:\/\/www.kuninkaanportti.fi\/wp-content\/uploads\/2024\/04\/cropped-takkakabinetti-scaled-1-1024x589.jpg\" class=\"attachment-large size-large wp-image-4172\" alt=\"\" srcset=\"https:\/\/www.kuninkaanportti.fi\/wp-content\/uploads\/2024\/04\/cropped-takkakabinetti-scaled-1-1024x589.jpg 1024w, https:\/\/www.kuninkaanportti.fi\/wp-content\/uploads\/2024\/04\/cropped-takkakabinetti-scaled-1-300x173.jpg 300w, https:\/\/www.kuninkaanportti.fi\/wp-content\/uploads\/2024\/04\/cropped-takkakabinetti-scaled-1-768x442.jpg 768w, https:\/\/www.kuninkaanportti.fi\/wp-content\/uploads\/2024\/04\/cropped-takkakabinetti-scaled-1-1536x883.jpg 1536w, https:\/\/www.kuninkaanportti.fi\/wp-content\/uploads\/2024\/04\/cropped-takkakabinetti-scaled-1-18x10.jpg 18w, https:\/\/www.kuninkaanportti.fi\/wp-content\/uploads\/2024\/04\/cropped-takkakabinetti-scaled-1.jpg 2000w\" sizes=\"(max-width: 750px) 100vw, 750px\" \/>\t\t\t\t\t\t\t\t\t\t\t\t\t\t\t<\/div>\n\t\t\t\t<\/div>\n\t\t\t\t\t<\/div>\n\t\t<\/div>\n\t\t\t\t\t<\/div>\n\t\t<\/section>\n\t\t\t\t<section class=\"elementor-section elementor-top-section elementor-element elementor-element-7bb68f3 elementor-section-boxed elementor-section-height-default elementor-section-height-default\" data-id=\"7bb68f3\" data-element_type=\"section\" data-e-type=\"section\">\n\t\t\t\t\t\t<div class=\"elementor-container elementor-column-gap-default\">\n\t\t\t\t\t<div class=\"elementor-column elementor-col-100 elementor-top-column elementor-element elementor-element-59ed2fa\" data-id=\"59ed2fa\" data-element_type=\"column\" data-e-type=\"column\">\n\t\t\t<div class=\"elementor-widget-wrap\">\n\t\t\t\t\t\t\t<\/div>\n\t\t<\/div>\n\t\t\t\t\t<\/div>\n\t\t<\/section>\n\t\t\t\t<section class=\"elementor-section elementor-top-section elementor-element elementor-element-e380e46 elementor-section-boxed elementor-section-height-default elementor-section-height-default\" data-id=\"e380e46\" data-element_type=\"section\" data-e-type=\"section\">\n\t\t\t\t\t\t<div class=\"elementor-container elementor-column-gap-default\">\n\t\t\t\t\t<div class=\"elementor-column elementor-col-100 elementor-top-column elementor-element elementor-element-40e305b\" data-id=\"40e305b\" data-element_type=\"column\" data-e-type=\"column\">\n\t\t\t<div class=\"elementor-widget-wrap elementor-element-populated\">\n\t\t\t\t\t\t<div class=\"elementor-element elementor-element-954118c elementor-widget elementor-widget-image\" data-id=\"954118c\" data-element_type=\"widget\" data-e-type=\"widget\" data-widget_type=\"image.default\">\n\t\t\t\t<div class=\"elementor-widget-container\">\n\t\t\t\t\t\t\t\t\t\t\t\t\t\t\t<img decoding=\"async\" width=\"750\" height=\"563\" src=\"https:\/\/www.kuninkaanportti.fi\/wp-content\/uploads\/2025\/01\/465373443_959603062853441_5673274698931190318_n-1024x768.jpg\" class=\"attachment-large size-large wp-image-4632\" alt=\"Alakerran juhlasali katettuna\" srcset=\"https:\/\/www.kuninkaanportti.fi\/wp-content\/uploads\/2025\/01\/465373443_959603062853441_5673274698931190318_n-1024x768.jpg 1024w, https:\/\/www.kuninkaanportti.fi\/wp-content\/uploads\/2025\/01\/465373443_959603062853441_5673274698931190318_n-300x225.jpg 300w, https:\/\/www.kuninkaanportti.fi\/wp-content\/uploads\/2025\/01\/465373443_959603062853441_5673274698931190318_n-768x576.jpg 768w, https:\/\/www.kuninkaanportti.fi\/wp-content\/uploads\/2025\/01\/465373443_959603062853441_5673274698931190318_n-1536x1152.jpg 1536w, https:\/\/www.kuninkaanportti.fi\/wp-content\/uploads\/2025\/01\/465373443_959603062853441_5673274698931190318_n-16x12.jpg 16w, https:\/\/www.kuninkaanportti.fi\/wp-content\/uploads\/2025\/01\/465373443_959603062853441_5673274698931190318_n.jpg 2048w\" sizes=\"(max-width: 750px) 100vw, 750px\" \/>\t\t\t\t\t\t\t\t\t\t\t\t\t\t\t<\/div>\n\t\t\t\t<\/div>\n\t\t\t\t\t<\/div>\n\t\t<\/div>\n\t\t\t\t\t<\/div>\n\t\t<\/section>\n\t\t\t\t<section class=\"elementor-section elementor-top-section elementor-element elementor-element-83081ad elementor-section-boxed elementor-section-height-default elementor-section-height-default\" data-id=\"83081ad\" data-element_type=\"section\" data-e-type=\"section\">\n\t\t\t\t\t\t<div class=\"elementor-container elementor-column-gap-default\">\n\t\t\t\t\t<div class=\"elementor-column elementor-col-100 elementor-top-column elementor-element elementor-element-786a6c3\" data-id=\"786a6c3\" data-element_type=\"column\" data-e-type=\"column\">\n\t\t\t<div class=\"elementor-widget-wrap elementor-element-populated\">\n\t\t\t\t\t\t<div class=\"elementor-element elementor-element-42cf356 elementor-widget elementor-widget-image\" data-id=\"42cf356\" data-element_type=\"widget\" data-e-type=\"widget\" data-widget_type=\"image.default\">\n\t\t\t\t<div class=\"elementor-widget-container\">\n\t\t\t\t\t\t\t\t\t\t\t\t\t\t\t<img decoding=\"async\" width=\"750\" height=\"563\" src=\"https:\/\/www.kuninkaanportti.fi\/wp-content\/uploads\/2025\/01\/468299882_970699038410510_2161220036863749088_n-1024x768.jpg\" class=\"attachment-large size-large wp-image-4634\" alt=\"\" srcset=\"https:\/\/www.kuninkaanportti.fi\/wp-content\/uploads\/2025\/01\/468299882_970699038410510_2161220036863749088_n-1024x768.jpg 1024w, https:\/\/www.kuninkaanportti.fi\/wp-content\/uploads\/2025\/01\/468299882_970699038410510_2161220036863749088_n-300x225.jpg 300w, https:\/\/www.kuninkaanportti.fi\/wp-content\/uploads\/2025\/01\/468299882_970699038410510_2161220036863749088_n-768x576.jpg 768w, https:\/\/www.kuninkaanportti.fi\/wp-content\/uploads\/2025\/01\/468299882_970699038410510_2161220036863749088_n-1536x1152.jpg 1536w, https:\/\/www.kuninkaanportti.fi\/wp-content\/uploads\/2025\/01\/468299882_970699038410510_2161220036863749088_n-16x12.jpg 16w, https:\/\/www.kuninkaanportti.fi\/wp-content\/uploads\/2025\/01\/468299882_970699038410510_2161220036863749088_n.jpg 2000w\" sizes=\"(max-width: 750px) 100vw, 750px\" \/>\t\t\t\t\t\t\t\t\t\t\t\t\t\t\t<\/div>\n\t\t\t\t<\/div>\n\t\t\t\t\t<\/div>\n\t\t<\/div>\n\t\t\t\t\t<\/div>\n\t\t<\/section>\n\t\t\t\t<section class=\"elementor-section elementor-top-section elementor-element elementor-element-db53b0a elementor-section-boxed elementor-section-height-default elementor-section-height-default\" data-id=\"db53b0a\" data-element_type=\"section\" data-e-type=\"section\">\n\t\t\t\t\t\t<div class=\"elementor-container elementor-column-gap-default\">\n\t\t\t\t\t<div class=\"elementor-column elementor-col-100 elementor-top-column elementor-element elementor-element-b0fdfd0\" data-id=\"b0fdfd0\" data-element_type=\"column\" data-e-type=\"column\">\n\t\t\t<div class=\"elementor-widget-wrap elementor-element-populated\">\n\t\t\t\t\t\t<div class=\"elementor-element elementor-element-1e9c3ef elementor-widget elementor-widget-button\" data-id=\"1e9c3ef\" data-element_type=\"widget\" data-e-type=\"widget\" data-widget_type=\"button.default\">\n\t\t\t\t<div class=\"elementor-widget-container\">\n\t\t\t\t\t\t\t\t\t<div class=\"elementor-button-wrapper\">\n\t\t\t\t\t<a class=\"elementor-button elementor-button-link elementor-size-sm\" href=\"https:\/\/www.kuninkaanportti.fi\/en\/yhteydenotto\/\">\n\t\t\t\t\t\t<span class=\"elementor-button-content-wrapper\">\n\t\t\t\t\t\t\t\t\t<span class=\"elementor-button-text\">Book here<\/span>\n\t\t\t\t\t<\/span>\n\t\t\t\t\t<\/a>\n\t\t\t\t<\/div>\n\t\t\t\t\t\t\t\t<\/div>\n\t\t\t\t<\/div>\n\t\t\t\t\t<\/div>\n\t\t<\/div>\n\t\t\t\t\t<\/div>\n\t\t<\/section>\n\t\t\t\t<\/div>","protected":false},"excerpt":{"rendered":"<p>Atmosphere on the banks of Tainionvirta! Are you looking for facilities for a training day, a meeting, a family celebration or a sauna evening?At King's Gate you will find facilities for all of these!And best of all, you can also use our beautiful courtyard.We offer ready-made packages or we can tailor-make an event just for you, complete with catering. Catering options for parties Meeting packages Book here<\/p>","protected":false},"author":1,"featured_media":4641,"parent":0,"menu_order":0,"comment_status":"closed","ping_status":"closed","template":"","meta":{"footnotes":""},"class_list":["post-47","page","type-page","status-publish","has-post-thumbnail","hentry"],"yoast_head":"<!-- This site is optimized with the Yoast SEO plugin v24.8.1 - https:\/\/yoast.com\/wordpress\/plugins\/seo\/ -->\n<title>Kuninkaan Portin alakerran kokous -ja juhlatilat - Katso t\u00e4st\u00e4<\/title>\n<meta name=\"description\" content=\"Etsitk\u00f6 tiloja koulutusp\u00e4iv\u00e4lle, kokouksille, perhejuhlille tai saunaillalle?Meilt\u00e4 Kuninkaan Portista l\u00f6yd\u00e4t tilat n\u00e4ihin kaikkiin!\" \/>\n<meta name=\"robots\" content=\"index, follow, max-snippet:-1, max-image-preview:large, max-video-preview:-1\" \/>\n<link rel=\"canonical\" href=\"https:\/\/www.kuninkaanportti.fi\/en\/kokous-ja-juhlatilat\/\" \/>\n<meta property=\"og:locale\" content=\"en_GB\" \/>\n<meta property=\"og:type\" content=\"article\" \/>\n<meta property=\"og:title\" content=\"Kuninkaan Portin alakerran kokous -ja juhlatilat - Katso t\u00e4st\u00e4\" \/>\n<meta property=\"og:description\" content=\"Etsitk\u00f6 tiloja koulutusp\u00e4iv\u00e4lle, kokouksille, perhejuhlille tai saunaillalle?Meilt\u00e4 Kuninkaan Portista l\u00f6yd\u00e4t tilat n\u00e4ihin kaikkiin!\" \/>\n<meta property=\"og:url\" content=\"https:\/\/www.kuninkaanportti.fi\/en\/kokous-ja-juhlatilat\/\" \/>\n<meta property=\"og:site_name\" content=\"Kuninkaanportti Hartola\" \/>\n<meta property=\"article:modified_time\" content=\"2025-11-06T12:37:36+00:00\" \/>\n<meta property=\"og:image\" content=\"https:\/\/www.kuninkaanportti.fi\/wp-content\/uploads\/2025\/01\/465653383_959602999520114_1476939396666236586_n-e1737543699127.jpg\" \/>\n\t<meta property=\"og:image:width\" content=\"1536\" \/>\n\t<meta property=\"og:image:height\" content=\"867\" \/>\n\t<meta property=\"og:image:type\" content=\"image\/jpeg\" \/>\n<meta name=\"twitter:card\" content=\"summary_large_image\" \/>\n<meta name=\"twitter:label1\" content=\"Estimated reading time\" \/>\n\t<meta name=\"twitter:data1\" content=\"1 minute\" \/>\n<script type=\"application\/ld+json\" class=\"yoast-schema-graph\">{\"@context\":\"https:\/\/schema.org\",\"@graph\":[{\"@type\":\"WebPage\",\"@id\":\"https:\/\/www.kuninkaanportti.fi\/kokous-ja-juhlatilat\/\",\"url\":\"https:\/\/www.kuninkaanportti.fi\/kokous-ja-juhlatilat\/\",\"name\":\"Kuninkaan Portin alakerran kokous -ja juhlatilat - Katso t\u00e4st\u00e4\",\"isPartOf\":{\"@id\":\"https:\/\/www.kuninkaanportti.fi\/#website\"},\"primaryImageOfPage\":{\"@id\":\"https:\/\/www.kuninkaanportti.fi\/kokous-ja-juhlatilat\/#primaryimage\"},\"image\":{\"@id\":\"https:\/\/www.kuninkaanportti.fi\/kokous-ja-juhlatilat\/#primaryimage\"},\"thumbnailUrl\":\"https:\/\/www.kuninkaanportti.fi\/wp-content\/uploads\/2025\/01\/465653383_959602999520114_1476939396666236586_n-e1737543699127.jpg\",\"datePublished\":\"2021-03-24T11:20:07+00:00\",\"dateModified\":\"2025-11-06T12:37:36+00:00\",\"description\":\"Etsitk\u00f6 tiloja koulutusp\u00e4iv\u00e4lle, kokouksille, perhejuhlille tai saunaillalle?Meilt\u00e4 Kuninkaan Portista l\u00f6yd\u00e4t tilat n\u00e4ihin kaikkiin!\",\"breadcrumb\":{\"@id\":\"https:\/\/www.kuninkaanportti.fi\/kokous-ja-juhlatilat\/#breadcrumb\"},\"inLanguage\":\"en-GB\",\"potentialAction\":[{\"@type\":\"ReadAction\",\"target\":[\"https:\/\/www.kuninkaanportti.fi\/kokous-ja-juhlatilat\/\"]}]},{\"@type\":\"ImageObject\",\"inLanguage\":\"en-GB\",\"@id\":\"https:\/\/www.kuninkaanportti.fi\/kokous-ja-juhlatilat\/#primaryimage\",\"url\":\"https:\/\/www.kuninkaanportti.fi\/wp-content\/uploads\/2025\/01\/465653383_959602999520114_1476939396666236586_n-e1737543699127.jpg\",\"contentUrl\":\"https:\/\/www.kuninkaanportti.fi\/wp-content\/uploads\/2025\/01\/465653383_959602999520114_1476939396666236586_n-e1737543699127.jpg\",\"width\":1536,\"height\":867},{\"@type\":\"BreadcrumbList\",\"@id\":\"https:\/\/www.kuninkaanportti.fi\/kokous-ja-juhlatilat\/#breadcrumb\",\"itemListElement\":[{\"@type\":\"ListItem\",\"position\":1,\"name\":\"Etusivu\",\"item\":\"https:\/\/www.kuninkaanportti.fi\/\"},{\"@type\":\"ListItem\",\"position\":2,\"name\":\"Kokous- ja juhlatilat\"}]},{\"@type\":\"WebSite\",\"@id\":\"https:\/\/www.kuninkaanportti.fi\/#website\",\"url\":\"https:\/\/www.kuninkaanportti.fi\/\",\"name\":\"Kuninkaanportti Hartola\",\"description\":\"Lounasravintola &amp; kokous- ja juhlapalvelut\",\"publisher\":{\"@id\":\"https:\/\/www.kuninkaanportti.fi\/#organization\"},\"potentialAction\":[{\"@type\":\"SearchAction\",\"target\":{\"@type\":\"EntryPoint\",\"urlTemplate\":\"https:\/\/www.kuninkaanportti.fi\/?s={search_term_string}\"},\"query-input\":{\"@type\":\"PropertyValueSpecification\",\"valueRequired\":true,\"valueName\":\"search_term_string\"}}],\"inLanguage\":\"en-GB\"},{\"@type\":\"Organization\",\"@id\":\"https:\/\/www.kuninkaanportti.fi\/#organization\",\"name\":\"Kuninkaanportti Hartola\",\"url\":\"https:\/\/www.kuninkaanportti.fi\/\",\"logo\":{\"@type\":\"ImageObject\",\"inLanguage\":\"en-GB\",\"@id\":\"https:\/\/www.kuninkaanportti.fi\/#\/schema\/logo\/image\/\",\"url\":\"https:\/\/www.kuninkaanportti.fi\/wp-content\/uploads\/2021\/03\/cropped-kuninkaanportti_logo_512.png\",\"contentUrl\":\"https:\/\/www.kuninkaanportti.fi\/wp-content\/uploads\/2021\/03\/cropped-kuninkaanportti_logo_512.png\",\"width\":512,\"height\":512,\"caption\":\"Kuninkaanportti Hartola\"},\"image\":{\"@id\":\"https:\/\/www.kuninkaanportti.fi\/#\/schema\/logo\/image\/\"}}]}<\/script>\n<!-- \/ Yoast SEO plugin. -->","yoast_head_json":{"title":"King's Gate downstairs meeting and banquet facilities - See here","description":"Are you looking for facilities for a training day, a meeting, a family celebration or a sauna evening?At King's Gate we have facilities for all of them!","robots":{"index":"index","follow":"follow","max-snippet":"max-snippet:-1","max-image-preview":"max-image-preview:large","max-video-preview":"max-video-preview:-1"},"canonical":"https:\/\/www.kuninkaanportti.fi\/en\/kokous-ja-juhlatilat\/","og_locale":"en_GB","og_type":"article","og_title":"Kuninkaan Portin alakerran kokous -ja juhlatilat - Katso t\u00e4st\u00e4","og_description":"Etsitk\u00f6 tiloja koulutusp\u00e4iv\u00e4lle, kokouksille, perhejuhlille tai saunaillalle?Meilt\u00e4 Kuninkaan Portista l\u00f6yd\u00e4t tilat n\u00e4ihin kaikkiin!","og_url":"https:\/\/www.kuninkaanportti.fi\/en\/kokous-ja-juhlatilat\/","og_site_name":"Kuninkaanportti Hartola","article_modified_time":"2025-11-06T12:37:36+00:00","og_image":[{"width":1536,"height":867,"url":"https:\/\/www.kuninkaanportti.fi\/wp-content\/uploads\/2025\/01\/465653383_959602999520114_1476939396666236586_n-e1737543699127.jpg","type":"image\/jpeg"}],"twitter_card":"summary_large_image","twitter_misc":{"Estimated reading time":"1 minute"},"schema":{"@context":"https:\/\/schema.org","@graph":[{"@type":"WebPage","@id":"https:\/\/www.kuninkaanportti.fi\/kokous-ja-juhlatilat\/","url":"https:\/\/www.kuninkaanportti.fi\/kokous-ja-juhlatilat\/","name":"King's Gate downstairs meeting and banquet facilities - See here","isPartOf":{"@id":"https:\/\/www.kuninkaanportti.fi\/#website"},"primaryImageOfPage":{"@id":"https:\/\/www.kuninkaanportti.fi\/kokous-ja-juhlatilat\/#primaryimage"},"image":{"@id":"https:\/\/www.kuninkaanportti.fi\/kokous-ja-juhlatilat\/#primaryimage"},"thumbnailUrl":"https:\/\/www.kuninkaanportti.fi\/wp-content\/uploads\/2025\/01\/465653383_959602999520114_1476939396666236586_n-e1737543699127.jpg","datePublished":"2021-03-24T11:20:07+00:00","dateModified":"2025-11-06T12:37:36+00:00","description":"Are you looking for facilities for a training day, a meeting, a family celebration or a sauna evening?At King's Gate we have facilities for all of them!","breadcrumb":{"@id":"https:\/\/www.kuninkaanportti.fi\/kokous-ja-juhlatilat\/#breadcrumb"},"inLanguage":"en-GB","potentialAction":[{"@type":"ReadAction","target":["https:\/\/www.kuninkaanportti.fi\/kokous-ja-juhlatilat\/"]}]},{"@type":"ImageObject","inLanguage":"en-GB","@id":"https:\/\/www.kuninkaanportti.fi\/kokous-ja-juhlatilat\/#primaryimage","url":"https:\/\/www.kuninkaanportti.fi\/wp-content\/uploads\/2025\/01\/465653383_959602999520114_1476939396666236586_n-e1737543699127.jpg","contentUrl":"https:\/\/www.kuninkaanportti.fi\/wp-content\/uploads\/2025\/01\/465653383_959602999520114_1476939396666236586_n-e1737543699127.jpg","width":1536,"height":867},{"@type":"BreadcrumbList","@id":"https:\/\/www.kuninkaanportti.fi\/kokous-ja-juhlatilat\/#breadcrumb","itemListElement":[{"@type":"ListItem","position":1,"name":"Etusivu","item":"https:\/\/www.kuninkaanportti.fi\/"},{"@type":"ListItem","position":2,"name":"Kokous- ja juhlatilat"}]},{"@type":"WebSite","@id":"https:\/\/www.kuninkaanportti.fi\/#website","url":"https:\/\/www.kuninkaanportti.fi\/","name":"King's Gate Hartola","description":"Lunch restaurant &amp; meeting and banqueting services","publisher":{"@id":"https:\/\/www.kuninkaanportti.fi\/#organization"},"potentialAction":[{"@type":"SearchAction","target":{"@type":"EntryPoint","urlTemplate":"https:\/\/www.kuninkaanportti.fi\/?s={search_term_string}"},"query-input":{"@type":"PropertyValueSpecification","valueRequired":true,"valueName":"search_term_string"}}],"inLanguage":"en-GB"},{"@type":"Organization","@id":"https:\/\/www.kuninkaanportti.fi\/#organization","name":"King's Gate Hartola","url":"https:\/\/www.kuninkaanportti.fi\/","logo":{"@type":"ImageObject","inLanguage":"en-GB","@id":"https:\/\/www.kuninkaanportti.fi\/#\/schema\/logo\/image\/","url":"https:\/\/www.kuninkaanportti.fi\/wp-content\/uploads\/2021\/03\/cropped-kuninkaanportti_logo_512.png","contentUrl":"https:\/\/www.kuninkaanportti.fi\/wp-content\/uploads\/2021\/03\/cropped-kuninkaanportti_logo_512.png","width":512,"height":512,"caption":"Kuninkaanportti Hartola"},"image":{"@id":"https:\/\/www.kuninkaanportti.fi\/#\/schema\/logo\/image\/"}}]}},"_links":{"self":[{"href":"https:\/\/www.kuninkaanportti.fi\/en\/wp-json\/wp\/v2\/pages\/47","targetHints":{"allow":["GET"]}}],"collection":[{"href":"https:\/\/www.kuninkaanportti.fi\/en\/wp-json\/wp\/v2\/pages"}],"about":[{"href":"https:\/\/www.kuninkaanportti.fi\/en\/wp-json\/wp\/v2\/types\/page"}],"author":[{"embeddable":true,"href":"https:\/\/www.kuninkaanportti.fi\/en\/wp-json\/wp\/v2\/users\/1"}],"replies":[{"embeddable":true,"href":"https:\/\/www.kuninkaanportti.fi\/en\/wp-json\/wp\/v2\/comments?post=47"}],"version-history":[{"count":86,"href":"https:\/\/www.kuninkaanportti.fi\/en\/wp-json\/wp\/v2\/pages\/47\/revisions"}],"predecessor-version":[{"id":5475,"href":"https:\/\/www.kuninkaanportti.fi\/en\/wp-json\/wp\/v2\/pages\/47\/revisions\/5475"}],"wp:featuredmedia":[{"embeddable":true,"href":"https:\/\/www.kuninkaanportti.fi\/en\/wp-json\/wp\/v2\/media\/4641"}],"wp:attachment":[{"href":"https:\/\/www.kuninkaanportti.fi\/en\/wp-json\/wp\/v2\/media?parent=47"}],"curies":[{"name":"wp","href":"https:\/\/api.w.org\/{rel}","templated":true}]}}