{"id":32,"date":"2021-03-24T13:10:14","date_gmt":"2021-03-24T11:10:14","guid":{"rendered":"https:\/\/www.kuninkaanportti.fi\/?page_id=32"},"modified":"2025-02-04T13:29:29","modified_gmt":"2025-02-04T11:29:29","slug":"yhteydenotto","status":"publish","type":"page","link":"https:\/\/www.kuninkaanportti.fi\/en\/yhteydenotto\/","title":{"rendered":"Contact us"},"content":{"rendered":"<div data-elementor-type=\"wp-page\" data-elementor-id=\"32\" class=\"elementor elementor-32\">\n\t\t\t\t\t\t<section class=\"elementor-section elementor-top-section elementor-element elementor-element-93e7e89 elementor-section-stretched elementor-section-boxed elementor-section-height-default elementor-section-height-default\" data-id=\"93e7e89\" data-element_type=\"section\" data-e-type=\"section\" data-settings=\"{&quot;stretch_section&quot;:&quot;section-stretched&quot;}\">\n\t\t\t\t\t\t<div class=\"elementor-container elementor-column-gap-default\">\n\t\t\t\t\t<div class=\"elementor-column elementor-col-25 elementor-top-column elementor-element elementor-element-1347138\" data-id=\"1347138\" data-element_type=\"column\" data-e-type=\"column\">\n\t\t\t<div class=\"elementor-widget-wrap elementor-element-populated\">\n\t\t\t\t\t\t<div class=\"elementor-element elementor-element-cd5efb6 elementor-widget elementor-widget-text-editor\" data-id=\"cd5efb6\" data-element_type=\"widget\" data-e-type=\"widget\" data-widget_type=\"text-editor.default\">\n\t\t\t\t<div class=\"elementor-widget-container\">\n\t\t\t\t\t\t\t\t\t<div class=\"elementor-element elementor-element-0c9dd2e elementor-widget elementor-widget-text-editor\" data-id=\"0c9dd2e\" data-element_type=\"widget\" data-widget_type=\"text-editor.default\"><div class=\"elementor-widget-container\"><div class=\"elementor-text-editor elementor-clearfix\"><blockquote><div>You can find us from <strong>Hartola<\/strong>, along the E4 road, from Lahti and Jyv\u00e4skyl\u00e4 along the Tainionvirta.<\/div><\/blockquote><div><\/div><blockquote><div>Come visit us or give us a call!<\/div><div>The whole staff welcomes you and greets you with a smile on their face.<\/div><\/blockquote><\/div><\/div><\/div>\t\t\t\t\t\t\t\t<\/div>\n\t\t\t\t<\/div>\n\t\t\t\t<div class=\"elementor-element elementor-element-94c206d e-grid-align-tablet-center elementor-shape-rounded elementor-grid-0 e-grid-align-center elementor-widget elementor-widget-social-icons\" data-id=\"94c206d\" data-element_type=\"widget\" data-e-type=\"widget\" data-widget_type=\"social-icons.default\">\n\t\t\t\t<div class=\"elementor-widget-container\">\n\t\t\t\t\t\t\t<div class=\"elementor-social-icons-wrapper elementor-grid\" role=\"list\">\n\t\t\t\t\t\t\t<span class=\"elementor-grid-item\" role=\"listitem\">\n\t\t\t\t\t<a class=\"elementor-icon elementor-social-icon elementor-social-icon-facebook elementor-repeater-item-fd2d74e\" href=\"https:\/\/www.facebook.com\/Kuninkaan-Portti-105370161603688\/\" target=\"_blank\">\n\t\t\t\t\t\t<span class=\"elementor-screen-only\">Facebook<\/span>\n\t\t\t\t\t\t<i aria-hidden=\"true\" class=\"fab fa-facebook\"><\/i>\t\t\t\t\t<\/a>\n\t\t\t\t<\/span>\n\t\t\t\t\t\t\t<span class=\"elementor-grid-item\" role=\"listitem\">\n\t\t\t\t\t<a class=\"elementor-icon elementor-social-icon elementor-social-icon-instagram elementor-repeater-item-88cc923\" href=\"https:\/\/www.instagram.com\/kuninkaanportti\/\" target=\"_blank\">\n\t\t\t\t\t\t<span class=\"elementor-screen-only\">Instagram<\/span>\n\t\t\t\t\t\t<i aria-hidden=\"true\" class=\"fab fa-instagram\"><\/i>\t\t\t\t\t<\/a>\n\t\t\t\t<\/span>\n\t\t\t\t\t<\/div>\n\t\t\t\t\t\t<\/div>\n\t\t\t\t<\/div>\n\t\t\t\t\t<\/div>\n\t\t<\/div>\n\t\t\t\t<div class=\"elementor-column elementor-col-50 elementor-top-column elementor-element elementor-element-11dfcd2\" data-id=\"11dfcd2\" data-element_type=\"column\" data-e-type=\"column\">\n\t\t\t<div class=\"elementor-widget-wrap elementor-element-populated\">\n\t\t\t\t\t<div class=\"elementor-background-overlay\"><\/div>\n\t\t\t\t\t\t<div class=\"elementor-element elementor-element-0867d03 elementor-widget elementor-widget-text-editor\" data-id=\"0867d03\" data-element_type=\"widget\" data-e-type=\"widget\" data-widget_type=\"text-editor.default\">\n\t\t\t\t<div class=\"elementor-widget-container\">\n\t\t\t\t\t\t\t\t\t<p><strong>Opening hours:<\/strong><br \/><strong>Mon-Sat<span>\u00a0<\/span><\/strong><span>6:30 - 22:00\u00a0<br \/><\/span><b>Sunday<span>\u00a0<\/span><\/b><span>8:00 \u2013 21:00<\/span><\/p><p>Private events can be arranged for longer hours.<\/p><p><a href=\"mailto:Kuninkaanportti@kuninkaanportti.fi\">Kuninkaanportti@kuninkaanportti.fi<\/a><\/p><p>Tel: <a href=\"tel:+358503552241\">+358 50 355 2241<\/a><\/p>\t\t\t\t\t\t\t\t<\/div>\n\t\t\t\t<\/div>\n\t\t\t\t<div class=\"elementor-element elementor-element-314b988 elementor-button-success elementor-align-center elementor-hidden-mobile elementor-widget elementor-widget-button\" data-id=\"314b988\" data-element_type=\"widget\" data-e-type=\"widget\" data-widget_type=\"button.default\">\n\t\t\t\t<div class=\"elementor-widget-container\">\n\t\t\t\t\t\t\t\t\t<div class=\"elementor-button-wrapper\">\n\t\t\t\t\t<a class=\"elementor-button elementor-button-link elementor-size-md\" href=\"https:\/\/4b6oah7zqm1.typeform.com\/to\/JxJtC54x\">\n\t\t\t\t\t\t<span class=\"elementor-button-content-wrapper\">\n\t\t\t\t\t\t\t\t\t<span class=\"elementor-button-text\">Offer request<\/span>\n\t\t\t\t\t<\/span>\n\t\t\t\t\t<\/a>\n\t\t\t\t<\/div>\n\t\t\t\t\t\t\t\t<\/div>\n\t\t\t\t<\/div>\n\t\t\t\t<div class=\"elementor-element elementor-element-6e61f82 elementor-button-success elementor-align-center elementor-hidden-mobile elementor-widget elementor-widget-button\" data-id=\"6e61f82\" data-element_type=\"widget\" data-e-type=\"widget\" data-widget_type=\"button.default\">\n\t\t\t\t<div class=\"elementor-widget-container\">\n\t\t\t\t\t\t\t\t\t<div class=\"elementor-button-wrapper\">\n\t\t\t\t\t<a class=\"elementor-button elementor-button-link elementor-size-md\" href=\"https:\/\/form.jotform.com\/220753645948365?target_id=go.taplause.com\/mLO-ALkyp\">\n\t\t\t\t\t\t<span class=\"elementor-button-content-wrapper\">\n\t\t\t\t\t\t\t\t\t<span class=\"elementor-button-text\">Feedback<\/span>\n\t\t\t\t\t<\/span>\n\t\t\t\t\t<\/a>\n\t\t\t\t<\/div>\n\t\t\t\t\t\t\t\t<\/div>\n\t\t\t\t<\/div>\n\t\t\t\t\t<\/div>\n\t\t<\/div>\n\t\t\t\t<div class=\"elementor-column elementor-col-25 elementor-top-column elementor-element elementor-element-0dd4401\" data-id=\"0dd4401\" data-element_type=\"column\" data-e-type=\"column\">\n\t\t\t<div class=\"elementor-widget-wrap elementor-element-populated\">\n\t\t\t\t\t\t<div class=\"elementor-element elementor-element-6f2b182 elementor-widget elementor-widget-image\" data-id=\"6f2b182\" data-element_type=\"widget\" data-e-type=\"widget\" data-widget_type=\"image.default\">\n\t\t\t\t<div class=\"elementor-widget-container\">\n\t\t\t\t\t\t\t\t\t\t\t\t<figure class=\"wp-caption\">\n\t\t\t\t\t\t\t\t\t\t<img fetchpriority=\"high\" decoding=\"async\" width=\"268\" height=\"285\" src=\"https:\/\/www.kuninkaanportti.fi\/wp-content\/uploads\/2021\/03\/lauri-1-1.jpg\" class=\"attachment-medium size-medium wp-image-325\" alt=\"\" \/>\t\t\t\t\t\t\t\t\t\t\t<figcaption class=\"widget-image-caption wp-caption-text\">Lauri Leskinen<\/figcaption>\n\t\t\t\t\t\t\t\t\t\t<\/figure>\n\t\t\t\t\t\t\t\t\t<\/div>\n\t\t\t\t<\/div>\n\t\t\t\t<div class=\"elementor-element elementor-element-85677b3 elementor-widget elementor-widget-text-editor\" data-id=\"85677b3\" data-element_type=\"widget\" data-e-type=\"widget\" data-widget_type=\"text-editor.default\">\n\t\t\t\t<div class=\"elementor-widget-container\">\n\t\t\t\t\t\t\t\t\t<p><span style=\"font-size: inherit;\"><a href=\"tel:+358405142847\">+358 40 514 2847<\/a><br \/><\/span><a href=\"mailto:Lauri.leskinen@kuninkaanportti.fi\"><span style=\"font-size: inherit;\">Lauri.leskinen@kuninkaanportti.fi<\/span><\/a><\/p>\t\t\t\t\t\t\t\t<\/div>\n\t\t\t\t<\/div>\n\t\t\t\t<div class=\"elementor-element elementor-element-a96d8bc elementor-widget elementor-widget-image\" data-id=\"a96d8bc\" data-element_type=\"widget\" data-e-type=\"widget\" data-widget_type=\"image.default\">\n\t\t\t\t<div class=\"elementor-widget-container\">\n\t\t\t\t\t\t\t\t\t\t\t\t<figure class=\"wp-caption\">\n\t\t\t\t\t\t\t\t\t\t<img decoding=\"async\" src=\"https:\/\/www.kuninkaanportti.fi\/wp-content\/uploads\/2025\/01\/FFXE8003-scaled.jpg\" title=\"\" alt=\"\" loading=\"lazy\" \/>\t\t\t\t\t\t\t\t\t\t\t<figcaption class=\"widget-image-caption wp-caption-text\">Minna Aroalho<\/figcaption>\n\t\t\t\t\t\t\t\t\t\t<\/figure>\n\t\t\t\t\t\t\t\t\t<\/div>\n\t\t\t\t<\/div>\n\t\t\t\t<div class=\"elementor-element elementor-element-13ca381 elementor-widget elementor-widget-text-editor\" data-id=\"13ca381\" data-element_type=\"widget\" data-e-type=\"widget\" data-widget_type=\"text-editor.default\">\n\t\t\t\t<div class=\"elementor-widget-container\">\n\t\t\t\t\t\t\t\t\t<p><span style=\"font-size: inherit;\"><span><a href=\"tel:+358505533126\">+358 50 553 3126<\/a><br \/><\/span><a href=\"mailto:Lauri.leskinen@kuninkaanportti.fi\"><span><\/span><\/a><\/span><a href=\"mailto:Minna.aroalho@kuninkaanportti.fi\">Minna.aroalho<span style=\"font-size: inherit;\">@kuninkaanportti.fi<\/span><\/a><\/p>\t\t\t\t\t\t\t\t<\/div>\n\t\t\t\t<\/div>\n\t\t\t\t\t<\/div>\n\t\t<\/div>\n\t\t\t\t\t<\/div>\n\t\t<\/section>\n\t\t\t\t<section class=\"elementor-section elementor-top-section elementor-element elementor-element-01a6047 elementor-section-full_width elementor-section-stretched elementor-section-height-default elementor-section-height-default\" data-id=\"01a6047\" data-element_type=\"section\" data-e-type=\"section\" data-settings=\"{&quot;stretch_section&quot;:&quot;section-stretched&quot;}\">\n\t\t\t\t\t\t<div class=\"elementor-container elementor-column-gap-default\">\n\t\t\t\t\t<div class=\"elementor-column elementor-col-100 elementor-top-column elementor-element elementor-element-ba7efe1\" data-id=\"ba7efe1\" data-element_type=\"column\" data-e-type=\"column\">\n\t\t\t<div class=\"elementor-widget-wrap elementor-element-populated\">\n\t\t\t\t\t\t<div class=\"elementor-element elementor-element-8cc1231 elementor-widget-divider--view-line_icon elementor-view-default elementor-widget-divider--element-align-center elementor-widget elementor-widget-divider\" data-id=\"8cc1231\" data-element_type=\"widget\" data-e-type=\"widget\" data-widget_type=\"divider.default\">\n\t\t\t\t<div class=\"elementor-widget-container\">\n\t\t\t\t\t\t\t<div class=\"elementor-divider\">\n\t\t\t<span class=\"elementor-divider-separator\">\n\t\t\t\t\t\t\t<div class=\"elementor-icon elementor-divider__element\">\n\t\t\t\t\t<i aria-hidden=\"true\" class=\"fas fa-crown\"><\/i><\/div>\n\t\t\t\t\t\t<\/span>\n\t\t<\/div>\n\t\t\t\t\t\t<\/div>\n\t\t\t\t<\/div>\n\t\t\t\t\t<\/div>\n\t\t<\/div>\n\t\t\t\t\t<\/div>\n\t\t<\/section>\n\t\t\t\t<\/div>","protected":false},"excerpt":{"rendered":"<p>L\u00f6yd\u00e4t meid\u00e4t Hartolasta, E4-tien varrelta, Lahden ja Jyv\u00e4skyl\u00e4n puolestav\u00e4list\u00e4 Tainionvirran varrelta. Tule k\u00e4ym\u00e4\u00e4n tai ota yhteytt\u00e4!Koko Portin henkil\u00f6kunta jo odottelee Sinua ja toivottaa tervetulleeksi! Facebook Instagram Aukioloajat:Ma-La\u00a06:30 \u2013 22:00\u00a0Su\u00a08:00 &#8211; 21:00 Yksityistilaisuudet sovittavissa tarvittaessa my\u00f6s pidemp\u00e4\u00e4n Kuninkaanportti@kuninkaanportti.fi Puh: +358 50 355 2241 Tarjouspyynt\u00f6 Palautelomake Lauri Leskinen +358 40 514 2847Lauri.leskinen@kuninkaanportti.fi [&hellip;]<\/p>\n","protected":false},"author":1,"featured_media":4828,"parent":0,"menu_order":0,"comment_status":"closed","ping_status":"closed","template":"","meta":{"footnotes":""},"class_list":["post-32","page","type-page","status-publish","has-post-thumbnail","hentry"],"yoast_head":"<!-- This site is optimized with the Yoast SEO plugin v24.8.1 - https:\/\/yoast.com\/wordpress\/plugins\/seo\/ -->\n<title>Ota meihin Kuninkaan Porttiin yhteytt\u00e4<\/title>\n<meta name=\"description\" content=\"T\u00e4\u00e4lt\u00e4 l\u00f6yd\u00e4t yhteystietoja mihin voit ottaa yhteytt\u00e4 askarruttaviin asioihin, esimerkiksi ruokailuun, tilauksiin tai ihan mihin vain.\" \/>\n<meta name=\"robots\" content=\"index, follow, max-snippet:-1, max-image-preview:large, max-video-preview:-1\" \/>\n<link rel=\"canonical\" href=\"https:\/\/www.kuninkaanportti.fi\/en\/yhteydenotto\/\" \/>\n<meta property=\"og:locale\" content=\"en_GB\" \/>\n<meta property=\"og:type\" content=\"article\" \/>\n<meta property=\"og:title\" content=\"Ota meihin Kuninkaan Porttiin yhteytt\u00e4\" \/>\n<meta property=\"og:description\" content=\"T\u00e4\u00e4lt\u00e4 l\u00f6yd\u00e4t yhteystietoja mihin voit ottaa yhteytt\u00e4 askarruttaviin asioihin, esimerkiksi ruokailuun, tilauksiin tai ihan mihin vain.\" \/>\n<meta property=\"og:url\" content=\"https:\/\/www.kuninkaanportti.fi\/en\/yhteydenotto\/\" \/>\n<meta property=\"og:site_name\" content=\"Kuninkaanportti Hartola\" \/>\n<meta property=\"article:modified_time\" content=\"2025-02-04T11:29:29+00:00\" \/>\n<meta property=\"og:image\" content=\"https:\/\/www.kuninkaanportti.fi\/wp-content\/uploads\/2025\/01\/DJI_0487-scaled.jpg\" \/>\n\t<meta property=\"og:image:width\" content=\"2560\" \/>\n\t<meta property=\"og:image:height\" content=\"1706\" \/>\n\t<meta property=\"og:image:type\" content=\"image\/jpeg\" \/>\n<meta name=\"twitter:card\" content=\"summary_large_image\" \/>\n<meta name=\"twitter:label1\" content=\"Estimated reading time\" \/>\n\t<meta name=\"twitter:data1\" content=\"1 minute\" \/>\n<script type=\"application\/ld+json\" class=\"yoast-schema-graph\">{\"@context\":\"https:\/\/schema.org\",\"@graph\":[{\"@type\":\"WebPage\",\"@id\":\"https:\/\/www.kuninkaanportti.fi\/yhteydenotto\/\",\"url\":\"https:\/\/www.kuninkaanportti.fi\/yhteydenotto\/\",\"name\":\"Ota meihin Kuninkaan Porttiin yhteytt\u00e4\",\"isPartOf\":{\"@id\":\"https:\/\/www.kuninkaanportti.fi\/#website\"},\"primaryImageOfPage\":{\"@id\":\"https:\/\/www.kuninkaanportti.fi\/yhteydenotto\/#primaryimage\"},\"image\":{\"@id\":\"https:\/\/www.kuninkaanportti.fi\/yhteydenotto\/#primaryimage\"},\"thumbnailUrl\":\"https:\/\/www.kuninkaanportti.fi\/wp-content\/uploads\/2025\/01\/DJI_0487-scaled.jpg\",\"datePublished\":\"2021-03-24T11:10:14+00:00\",\"dateModified\":\"2025-02-04T11:29:29+00:00\",\"description\":\"T\u00e4\u00e4lt\u00e4 l\u00f6yd\u00e4t yhteystietoja mihin voit ottaa yhteytt\u00e4 askarruttaviin asioihin, esimerkiksi ruokailuun, tilauksiin tai ihan mihin vain.\",\"breadcrumb\":{\"@id\":\"https:\/\/www.kuninkaanportti.fi\/yhteydenotto\/#breadcrumb\"},\"inLanguage\":\"en-GB\",\"potentialAction\":[{\"@type\":\"ReadAction\",\"target\":[\"https:\/\/www.kuninkaanportti.fi\/yhteydenotto\/\"]}]},{\"@type\":\"ImageObject\",\"inLanguage\":\"en-GB\",\"@id\":\"https:\/\/www.kuninkaanportti.fi\/yhteydenotto\/#primaryimage\",\"url\":\"https:\/\/www.kuninkaanportti.fi\/wp-content\/uploads\/2025\/01\/DJI_0487-scaled.jpg\",\"contentUrl\":\"https:\/\/www.kuninkaanportti.fi\/wp-content\/uploads\/2025\/01\/DJI_0487-scaled.jpg\",\"width\":2560,\"height\":1706},{\"@type\":\"BreadcrumbList\",\"@id\":\"https:\/\/www.kuninkaanportti.fi\/yhteydenotto\/#breadcrumb\",\"itemListElement\":[{\"@type\":\"ListItem\",\"position\":1,\"name\":\"Etusivu\",\"item\":\"https:\/\/www.kuninkaanportti.fi\/\"},{\"@type\":\"ListItem\",\"position\":2,\"name\":\"Yhteydenotto\"}]},{\"@type\":\"WebSite\",\"@id\":\"https:\/\/www.kuninkaanportti.fi\/#website\",\"url\":\"https:\/\/www.kuninkaanportti.fi\/\",\"name\":\"Kuninkaanportti Hartola\",\"description\":\"Lounasravintola &amp; kokous- ja juhlapalvelut\",\"publisher\":{\"@id\":\"https:\/\/www.kuninkaanportti.fi\/#organization\"},\"potentialAction\":[{\"@type\":\"SearchAction\",\"target\":{\"@type\":\"EntryPoint\",\"urlTemplate\":\"https:\/\/www.kuninkaanportti.fi\/?s={search_term_string}\"},\"query-input\":{\"@type\":\"PropertyValueSpecification\",\"valueRequired\":true,\"valueName\":\"search_term_string\"}}],\"inLanguage\":\"en-GB\"},{\"@type\":\"Organization\",\"@id\":\"https:\/\/www.kuninkaanportti.fi\/#organization\",\"name\":\"Kuninkaanportti Hartola\",\"url\":\"https:\/\/www.kuninkaanportti.fi\/\",\"logo\":{\"@type\":\"ImageObject\",\"inLanguage\":\"en-GB\",\"@id\":\"https:\/\/www.kuninkaanportti.fi\/#\/schema\/logo\/image\/\",\"url\":\"https:\/\/www.kuninkaanportti.fi\/wp-content\/uploads\/2021\/03\/cropped-kuninkaanportti_logo_512.png\",\"contentUrl\":\"https:\/\/www.kuninkaanportti.fi\/wp-content\/uploads\/2021\/03\/cropped-kuninkaanportti_logo_512.png\",\"width\":512,\"height\":512,\"caption\":\"Kuninkaanportti Hartola\"},\"image\":{\"@id\":\"https:\/\/www.kuninkaanportti.fi\/#\/schema\/logo\/image\/\"}}]}<\/script>\n<!-- \/ Yoast SEO plugin. -->","yoast_head_json":{"title":"Contact us at the King's Gate","description":"Here you'll find contact details where you can get in touch with any queries you may have, for example about meals, orders or anything else.","robots":{"index":"index","follow":"follow","max-snippet":"max-snippet:-1","max-image-preview":"max-image-preview:large","max-video-preview":"max-video-preview:-1"},"canonical":"https:\/\/www.kuninkaanportti.fi\/en\/yhteydenotto\/","og_locale":"en_GB","og_type":"article","og_title":"Ota meihin Kuninkaan Porttiin yhteytt\u00e4","og_description":"T\u00e4\u00e4lt\u00e4 l\u00f6yd\u00e4t yhteystietoja mihin voit ottaa yhteytt\u00e4 askarruttaviin asioihin, esimerkiksi ruokailuun, tilauksiin tai ihan mihin vain.","og_url":"https:\/\/www.kuninkaanportti.fi\/en\/yhteydenotto\/","og_site_name":"Kuninkaanportti Hartola","article_modified_time":"2025-02-04T11:29:29+00:00","og_image":[{"width":2560,"height":1706,"url":"https:\/\/www.kuninkaanportti.fi\/wp-content\/uploads\/2025\/01\/DJI_0487-scaled.jpg","type":"image\/jpeg"}],"twitter_card":"summary_large_image","twitter_misc":{"Estimated reading time":"1 minute"},"schema":{"@context":"https:\/\/schema.org","@graph":[{"@type":"WebPage","@id":"https:\/\/www.kuninkaanportti.fi\/yhteydenotto\/","url":"https:\/\/www.kuninkaanportti.fi\/yhteydenotto\/","name":"Contact us at the King's Gate","isPartOf":{"@id":"https:\/\/www.kuninkaanportti.fi\/#website"},"primaryImageOfPage":{"@id":"https:\/\/www.kuninkaanportti.fi\/yhteydenotto\/#primaryimage"},"image":{"@id":"https:\/\/www.kuninkaanportti.fi\/yhteydenotto\/#primaryimage"},"thumbnailUrl":"https:\/\/www.kuninkaanportti.fi\/wp-content\/uploads\/2025\/01\/DJI_0487-scaled.jpg","datePublished":"2021-03-24T11:10:14+00:00","dateModified":"2025-02-04T11:29:29+00:00","description":"Here you'll find contact details where you can get in touch with any queries you may have, for example about meals, orders or anything else.","breadcrumb":{"@id":"https:\/\/www.kuninkaanportti.fi\/yhteydenotto\/#breadcrumb"},"inLanguage":"en-GB","potentialAction":[{"@type":"ReadAction","target":["https:\/\/www.kuninkaanportti.fi\/yhteydenotto\/"]}]},{"@type":"ImageObject","inLanguage":"en-GB","@id":"https:\/\/www.kuninkaanportti.fi\/yhteydenotto\/#primaryimage","url":"https:\/\/www.kuninkaanportti.fi\/wp-content\/uploads\/2025\/01\/DJI_0487-scaled.jpg","contentUrl":"https:\/\/www.kuninkaanportti.fi\/wp-content\/uploads\/2025\/01\/DJI_0487-scaled.jpg","width":2560,"height":1706},{"@type":"BreadcrumbList","@id":"https:\/\/www.kuninkaanportti.fi\/yhteydenotto\/#breadcrumb","itemListElement":[{"@type":"ListItem","position":1,"name":"Etusivu","item":"https:\/\/www.kuninkaanportti.fi\/"},{"@type":"ListItem","position":2,"name":"Yhteydenotto"}]},{"@type":"WebSite","@id":"https:\/\/www.kuninkaanportti.fi\/#website","url":"https:\/\/www.kuninkaanportti.fi\/","name":"King's Gate Hartola","description":"Lunch restaurant &amp; meeting and banqueting services","publisher":{"@id":"https:\/\/www.kuninkaanportti.fi\/#organization"},"potentialAction":[{"@type":"SearchAction","target":{"@type":"EntryPoint","urlTemplate":"https:\/\/www.kuninkaanportti.fi\/?s={search_term_string}"},"query-input":{"@type":"PropertyValueSpecification","valueRequired":true,"valueName":"search_term_string"}}],"inLanguage":"en-GB"},{"@type":"Organization","@id":"https:\/\/www.kuninkaanportti.fi\/#organization","name":"King's Gate Hartola","url":"https:\/\/www.kuninkaanportti.fi\/","logo":{"@type":"ImageObject","inLanguage":"en-GB","@id":"https:\/\/www.kuninkaanportti.fi\/#\/schema\/logo\/image\/","url":"https:\/\/www.kuninkaanportti.fi\/wp-content\/uploads\/2021\/03\/cropped-kuninkaanportti_logo_512.png","contentUrl":"https:\/\/www.kuninkaanportti.fi\/wp-content\/uploads\/2021\/03\/cropped-kuninkaanportti_logo_512.png","width":512,"height":512,"caption":"Kuninkaanportti Hartola"},"image":{"@id":"https:\/\/www.kuninkaanportti.fi\/#\/schema\/logo\/image\/"}}]}},"_links":{"self":[{"href":"https:\/\/www.kuninkaanportti.fi\/en\/wp-json\/wp\/v2\/pages\/32","targetHints":{"allow":["GET"]}}],"collection":[{"href":"https:\/\/www.kuninkaanportti.fi\/en\/wp-json\/wp\/v2\/pages"}],"about":[{"href":"https:\/\/www.kuninkaanportti.fi\/en\/wp-json\/wp\/v2\/types\/page"}],"author":[{"embeddable":true,"href":"https:\/\/www.kuninkaanportti.fi\/en\/wp-json\/wp\/v2\/users\/1"}],"replies":[{"embeddable":true,"href":"https:\/\/www.kuninkaanportti.fi\/en\/wp-json\/wp\/v2\/comments?post=32"}],"version-history":[{"count":291,"href":"https:\/\/www.kuninkaanportti.fi\/en\/wp-json\/wp\/v2\/pages\/32\/revisions"}],"predecessor-version":[{"id":4921,"href":"https:\/\/www.kuninkaanportti.fi\/en\/wp-json\/wp\/v2\/pages\/32\/revisions\/4921"}],"wp:featuredmedia":[{"embeddable":true,"href":"https:\/\/www.kuninkaanportti.fi\/en\/wp-json\/wp\/v2\/media\/4828"}],"wp:attachment":[{"href":"https:\/\/www.kuninkaanportti.fi\/en\/wp-json\/wp\/v2\/media?parent=32"}],"curies":[{"name":"wp","href":"https:\/\/api.w.org\/{rel}","templated":true}]}}