{"id":2564,"date":"2022-05-23T08:02:58","date_gmt":"2022-05-23T05:02:58","guid":{"rendered":"https:\/\/www.kuninkaanportti.fi\/?page_id=2564"},"modified":"2025-10-21T06:52:45","modified_gmt":"2025-10-21T03:52:45","slug":"kalastusluvat","status":"publish","type":"page","link":"https:\/\/www.kuninkaanportti.fi\/en\/kalastusluvat\/","title":{"rendered":"Fishing permits"},"content":{"rendered":"<div data-elementor-type=\"wp-page\" data-elementor-id=\"2564\" class=\"elementor elementor-2564\">\n\t\t\t\t\t\t<section class=\"elementor-section elementor-top-section elementor-element elementor-element-53bdb1c2 elementor-section-full_width elementor-section-stretched elementor-section-height-default elementor-section-height-default\" data-id=\"53bdb1c2\" data-element_type=\"section\" data-e-type=\"section\" data-settings=\"{&quot;stretch_section&quot;:&quot;section-stretched&quot;}\">\n\t\t\t\t\t\t<div class=\"elementor-container elementor-column-gap-default\">\n\t\t\t\t\t<div class=\"elementor-column elementor-col-100 elementor-top-column elementor-element elementor-element-79dc16e2\" data-id=\"79dc16e2\" data-element_type=\"column\" data-e-type=\"column\">\n\t\t\t<div class=\"elementor-widget-wrap elementor-element-populated\">\n\t\t\t\t\t\t<section class=\"elementor-section elementor-inner-section elementor-element elementor-element-484e92d elementor-section-boxed elementor-section-height-default elementor-section-height-default\" data-id=\"484e92d\" data-element_type=\"section\" data-e-type=\"section\">\n\t\t\t\t\t\t<div class=\"elementor-container elementor-column-gap-default\">\n\t\t\t\t\t<div class=\"elementor-column elementor-col-50 elementor-inner-column elementor-element elementor-element-55ba002\" data-id=\"55ba002\" data-element_type=\"column\" data-e-type=\"column\">\n\t\t\t<div class=\"elementor-widget-wrap elementor-element-populated\">\n\t\t\t\t\t\t<div class=\"elementor-element elementor-element-404942b elementor-widget elementor-widget-heading\" data-id=\"404942b\" data-element_type=\"widget\" data-e-type=\"widget\" data-widget_type=\"heading.default\">\n\t\t\t\t<div class=\"elementor-widget-container\">\n\t\t\t\t\t<h2 class=\"elementor-heading-title elementor-size-default\">Fishing permits from King's Gate to Tainiovirra <\/h2>\t\t\t\t<\/div>\n\t\t\t\t<\/div>\n\t\t\t\t<div class=\"elementor-element elementor-element-6b2a84c elementor-widget elementor-widget-text-editor\" data-id=\"6b2a84c\" data-element_type=\"widget\" data-e-type=\"widget\" data-widget_type=\"text-editor.default\">\n\t\t\t\t<div class=\"elementor-widget-container\">\n\t\t\t\t\t\t\t\t\t<p><span>FISHING BAN UNTIL 30.11.2025<\/span><\/p><p><span>The fishing area is about seven kilometres long. It is divided into six different fishing areas, as there are a few protected areas on the river where fishing is prohibited.<br \/>The Tainion Stream is a calm stream of type that runs through a varied landscape. Each of the six fishing areas has a confluence or rapids that provide good opportunities for fishing in flowing water. The river is of medium size, ranging in width from about 10 to 40 metres.\u00a0<\/span><\/p><p><span style=\"font-size: inherit;\"><b>Natural stocks: lake trout, pike, perch, made.<\/b><br \/><\/span><span style=\"font-size: inherit;\">I<b>gutted stocks: lake trout, grayling, rainbow trout<\/b><br \/><\/span><span style=\"font-size: inherit;\">A restoration plan has been drawn up for the stream. The main catch and fishery is concentrated on trout.<\/span><\/p><p><span>Fishing can be carried out with both trolling and fly-fishing gear. Both are very suitable for fishing. When the water is low in mid-summer, fly fishing, especially surface fishing, is probably the most productive. The fishing season is April to August.<\/span><\/p>\t\t\t\t\t\t\t\t<\/div>\n\t\t\t\t<\/div>\n\t\t\t\t<div class=\"elementor-element elementor-element-ccd70b8 elementor-widget elementor-widget-text-editor\" data-id=\"ccd70b8\" data-element_type=\"widget\" data-e-type=\"widget\" data-widget_type=\"text-editor.default\">\n\t\t\t\t<div class=\"elementor-widget-container\">\n\t\t\t\t\t\t\t\t\t<p style=\"text-align: center;\"><b>Fishing licence prices:<\/b><\/p>\n<blockquote>\n<p><span style=\"font-size: inherit;\"><b>Annual permit: <\/b>120\u20ac<br><\/span><span style=\"font-size: inherit;\"><b>Weekly permit:<\/b> 50\u20ac (7 days)<br><b>A day licence:<\/b> 20\u20ac (24h)<br>under 15 years of age, half the price of the adult permit (for all permits)<br>under 12 years free of charge in the company of a licensed adult, subject to an adult catch quota<br><b>Catch quota 2 salmon\/day. Annual permits are valid for one calendar year.<\/b><\/span><\/p>\n<\/blockquote>\t\t\t\t\t\t\t\t<\/div>\n\t\t\t\t<\/div>\n\t\t\t\t\t<\/div>\n\t\t<\/div>\n\t\t\t\t<div class=\"elementor-column elementor-col-50 elementor-inner-column elementor-element elementor-element-3fabb24\" data-id=\"3fabb24\" data-element_type=\"column\" data-e-type=\"column\">\n\t\t\t<div class=\"elementor-widget-wrap elementor-element-populated\">\n\t\t\t\t\t\t<div class=\"elementor-element elementor-element-c715163 elementor-widget elementor-widget-text-editor\" data-id=\"c715163\" data-element_type=\"widget\" data-e-type=\"widget\" data-widget_type=\"text-editor.default\">\n\t\t\t\t<div class=\"elementor-widget-container\">\n\t\t\t\t\t\t\t\t\t<p><strong>Regional map of Tainiovirra<\/strong><\/p>\t\t\t\t\t\t\t\t<\/div>\n\t\t\t\t<\/div>\n\t\t\t\t<div class=\"elementor-element elementor-element-ae1cc39 elementor-widget elementor-widget-image\" data-id=\"ae1cc39\" data-element_type=\"widget\" data-e-type=\"widget\" data-widget_type=\"image.default\">\n\t\t\t\t<div class=\"elementor-widget-container\">\n\t\t\t\t\t\t\t\t\t\t\t\t\t\t\t\t<a href=\"https:\/\/www.kuninkaanportti.fi\/wp-content\/uploads\/2022\/05\/kalastuslupaalue.jpg\" data-elementor-open-lightbox=\"yes\" data-elementor-lightbox-title=\"kalastuslupaalue\" data-e-action-hash=\"#elementor-action%3Aaction%3Dlightbox%26settings%3DeyJpZCI6MjU3MCwidXJsIjoiaHR0cHM6XC9cL3d3dy5rdW5pbmthYW5wb3J0dGkuZmlcL3dwLWNvbnRlbnRcL3VwbG9hZHNcLzIwMjJcLzA1XC9rYWxhc3R1c2x1cGFhbHVlLmpwZyJ9\">\n\t\t\t\t\t\t\t<img fetchpriority=\"high\" decoding=\"async\" width=\"300\" height=\"212\" src=\"https:\/\/www.kuninkaanportti.fi\/wp-content\/uploads\/2022\/05\/kalastuslupaalue-300x212.jpg\" class=\"attachment-medium size-medium wp-image-2570\" alt=\"\" srcset=\"https:\/\/www.kuninkaanportti.fi\/wp-content\/uploads\/2022\/05\/kalastuslupaalue-300x212.jpg 300w, https:\/\/www.kuninkaanportti.fi\/wp-content\/uploads\/2022\/05\/kalastuslupaalue-1024x723.jpg 1024w, https:\/\/www.kuninkaanportti.fi\/wp-content\/uploads\/2022\/05\/kalastuslupaalue-768x542.jpg 768w, https:\/\/www.kuninkaanportti.fi\/wp-content\/uploads\/2022\/05\/kalastuslupaalue-18x12.jpg 18w, https:\/\/www.kuninkaanportti.fi\/wp-content\/uploads\/2022\/05\/kalastuslupaalue.jpg 1225w\" sizes=\"(max-width: 300px) 100vw, 300px\" \/>\t\t\t\t\t\t\t\t<\/a>\n\t\t\t\t\t\t\t\t\t\t\t\t\t\t\t<\/div>\n\t\t\t\t<\/div>\n\t\t\t\t<div class=\"elementor-element elementor-element-deedb07 elementor-widget-divider--view-line_icon elementor-view-default elementor-widget-divider--element-align-center elementor-widget elementor-widget-divider\" data-id=\"deedb07\" data-element_type=\"widget\" data-e-type=\"widget\" data-widget_type=\"divider.default\">\n\t\t\t\t<div class=\"elementor-widget-container\">\n\t\t\t\t\t\t\t<div class=\"elementor-divider\">\n\t\t\t<span class=\"elementor-divider-separator\">\n\t\t\t\t\t\t\t<div class=\"elementor-icon elementor-divider__element\">\n\t\t\t\t\t<i aria-hidden=\"true\" class=\"fas fa-crown\"><\/i><\/div>\n\t\t\t\t\t\t<\/span>\n\t\t<\/div>\n\t\t\t\t\t\t<\/div>\n\t\t\t\t<\/div>\n\t\t\t\t<div class=\"elementor-element elementor-element-caca9e5 elementor-widget elementor-widget-text-editor\" data-id=\"caca9e5\" data-element_type=\"widget\" data-e-type=\"widget\" data-widget_type=\"text-editor.default\">\n\t\t\t\t<div class=\"elementor-widget-container\">\n\t\t\t\t\t\t\t\t\t<p><strong>Fishing rules:<\/strong><\/p>\t\t\t\t\t\t\t\t<\/div>\n\t\t\t\t<\/div>\n\t\t\t\t<div class=\"elementor-element elementor-element-007910a elementor-widget elementor-widget-text-editor\" data-id=\"007910a\" data-element_type=\"widget\" data-e-type=\"widget\" data-widget_type=\"text-editor.default\">\n\t\t\t\t<div class=\"elementor-widget-container\">\n\t\t\t\t\t\t\t\t\t<p style=\"text-align: center;\">Minimum sizes for valuable fish:<br \/>Grayling 35 cm<br \/><span style=\"font-size: inherit;\">Lake salmon 60 cm<br \/><\/span><span style=\"font-size: inherit;\">Lake trout 50 cm<\/span><\/p>\t\t\t\t\t\t\t\t<\/div>\n\t\t\t\t<\/div>\n\t\t\t\t<div class=\"elementor-element elementor-element-7c6ed2c elementor-widget elementor-widget-image\" data-id=\"7c6ed2c\" data-element_type=\"widget\" data-e-type=\"widget\" data-widget_type=\"image.default\">\n\t\t\t\t<div class=\"elementor-widget-container\">\n\t\t\t\t\t\t\t\t\t\t\t\t\t\t\t\t<a href=\"https:\/\/www.kuninkaanportti.fi\/wp-content\/uploads\/2022\/05\/kalastussaannot.jpg\" data-elementor-open-lightbox=\"yes\" data-elementor-lightbox-title=\"kalastussaannot\" data-e-action-hash=\"#elementor-action%3Aaction%3Dlightbox%26settings%3DeyJpZCI6MjU3MSwidXJsIjoiaHR0cHM6XC9cL3d3dy5rdW5pbmthYW5wb3J0dGkuZmlcL3dwLWNvbnRlbnRcL3VwbG9hZHNcLzIwMjJcLzA1XC9rYWxhc3R1c3NhYW5ub3QuanBnIn0%3D\">\n\t\t\t\t\t\t\t<img decoding=\"async\" width=\"300\" height=\"211\" src=\"https:\/\/www.kuninkaanportti.fi\/wp-content\/uploads\/2022\/05\/kalastussaannot-300x211.jpg\" class=\"attachment-medium size-medium wp-image-2571\" alt=\"\" srcset=\"https:\/\/www.kuninkaanportti.fi\/wp-content\/uploads\/2022\/05\/kalastussaannot-300x211.jpg 300w, https:\/\/www.kuninkaanportti.fi\/wp-content\/uploads\/2022\/05\/kalastussaannot-1024x720.jpg 1024w, https:\/\/www.kuninkaanportti.fi\/wp-content\/uploads\/2022\/05\/kalastussaannot-768x540.jpg 768w, https:\/\/www.kuninkaanportti.fi\/wp-content\/uploads\/2022\/05\/kalastussaannot-18x12.jpg 18w, https:\/\/www.kuninkaanportti.fi\/wp-content\/uploads\/2022\/05\/kalastussaannot.jpg 1220w\" sizes=\"(max-width: 300px) 100vw, 300px\" \/>\t\t\t\t\t\t\t\t<\/a>\n\t\t\t\t\t\t\t\t\t\t\t\t\t\t\t<\/div>\n\t\t\t\t<\/div>\n\t\t\t\t<div class=\"elementor-element elementor-element-5d8589b elementor-widget-divider--view-line_icon elementor-view-default elementor-widget-divider--element-align-center elementor-widget elementor-widget-divider\" data-id=\"5d8589b\" data-element_type=\"widget\" data-e-type=\"widget\" data-widget_type=\"divider.default\">\n\t\t\t\t<div class=\"elementor-widget-container\">\n\t\t\t\t\t\t\t<div class=\"elementor-divider\">\n\t\t\t<span class=\"elementor-divider-separator\">\n\t\t\t\t\t\t\t<div class=\"elementor-icon elementor-divider__element\">\n\t\t\t\t\t<i aria-hidden=\"true\" class=\"fas fa-crown\"><\/i><\/div>\n\t\t\t\t\t\t<\/span>\n\t\t<\/div>\n\t\t\t\t\t\t<\/div>\n\t\t\t\t<\/div>\n\t\t\t\t<div class=\"elementor-element elementor-element-078c893 elementor-button-success elementor-align-center elementor-widget elementor-widget-button\" data-id=\"078c893\" data-element_type=\"widget\" data-e-type=\"widget\" data-widget_type=\"button.default\">\n\t\t\t\t<div class=\"elementor-widget-container\">\n\t\t\t\t\t\t\t\t\t<div class=\"elementor-button-wrapper\">\n\t\t\t\t\t<a class=\"elementor-button elementor-button-link elementor-size-md\" href=\"https:\/\/www.kuninkaanportti.fi\/wp-content\/uploads\/2022\/05\/tainionvirta.pdf\">\n\t\t\t\t\t\t<span class=\"elementor-button-content-wrapper\">\n\t\t\t\t\t\t<span class=\"elementor-button-icon\">\n\t\t\t\t<i aria-hidden=\"true\" class=\"far fa-file-pdf\"><\/i>\t\t\t<\/span>\n\t\t\t\t\t\t\t\t\t<span class=\"elementor-button-text\">Download the map and fishing rules PDF<\/span>\n\t\t\t\t\t<\/span>\n\t\t\t\t\t<\/a>\n\t\t\t\t<\/div>\n\t\t\t\t\t\t\t\t<\/div>\n\t\t\t\t<\/div>\n\t\t\t\t\t<\/div>\n\t\t<\/div>\n\t\t\t\t\t<\/div>\n\t\t<\/section>\n\t\t\t\t\t<\/div>\n\t\t<\/div>\n\t\t\t\t\t<\/div>\n\t\t<\/section>\n\t\t\t\t<section class=\"elementor-section elementor-top-section elementor-element elementor-element-752ca1b elementor-section-full_width elementor-section-height-default elementor-section-height-default\" data-id=\"752ca1b\" data-element_type=\"section\" data-e-type=\"section\">\n\t\t\t\t\t\t<div class=\"elementor-container elementor-column-gap-default\">\n\t\t\t\t\t<div class=\"elementor-column elementor-col-100 elementor-top-column elementor-element elementor-element-554f8c8\" data-id=\"554f8c8\" data-element_type=\"column\" data-e-type=\"column\">\n\t\t\t<div class=\"elementor-widget-wrap\">\n\t\t\t\t\t\t\t<\/div>\n\t\t<\/div>\n\t\t\t\t\t<\/div>\n\t\t<\/section>\n\t\t\t\t<\/div>","protected":false},"excerpt":{"rendered":"<p>Kalastusluvat Kuninkaanportilta Tainiovirralle KALASTUSKIELTO 30.11.2025 ASTI Kalastusalue on pituudeltaan noin seitsem\u00e4n kilometri\u00e4. Se on jaettu kuuteen eri kalastusalueeseen, sill\u00e4 virralle sijoittuu muutama rauhoitettu kohta jossa ei saa kalastaa.Tainionvirta on tyypilt\u00e4\u00e4n rauhallinen virta joka kulkee vaihtelevien maisemien halki. Kaikille kuudelle kalastusalueelle sijoittuu virran tiivistym\u00e4 tai koski, joissa on hyv\u00e4 harjoittaa virtaavan [&hellip;]<\/p>\n","protected":false},"author":1,"featured_media":2587,"parent":0,"menu_order":0,"comment_status":"closed","ping_status":"closed","template":"","meta":{"footnotes":""},"class_list":["post-2564","page","type-page","status-publish","has-post-thumbnail","hentry"],"yoast_head":"<!-- This site is optimized with the Yoast SEO plugin v24.8.1 - https:\/\/yoast.com\/wordpress\/plugins\/seo\/ -->\n<title>Kalastusluvat Tainionvirta - Osta meilt\u00e4 Kuninkaan Portilta<\/title>\n<meta name=\"description\" content=\"Hanki helposti Tainiovirran kalastusluvat Kuninkaanportilta Hartolasta. Samalla voit hankkia ev\u00e4\u00e4t kalastusretkellesi\" \/>\n<meta name=\"robots\" content=\"index, follow, max-snippet:-1, max-image-preview:large, max-video-preview:-1\" \/>\n<link rel=\"canonical\" href=\"https:\/\/www.kuninkaanportti.fi\/en\/kalastusluvat\/\" \/>\n<meta property=\"og:locale\" content=\"en_GB\" \/>\n<meta property=\"og:type\" content=\"article\" \/>\n<meta property=\"og:title\" content=\"Kalastusluvat Tainionvirta - Osta meilt\u00e4 Kuninkaan Portilta\" \/>\n<meta property=\"og:description\" content=\"Hanki helposti Tainiovirran kalastusluvat Kuninkaanportilta Hartolasta. Samalla voit hankkia ev\u00e4\u00e4t kalastusretkellesi\" \/>\n<meta property=\"og:url\" content=\"https:\/\/www.kuninkaanportti.fi\/en\/kalastusluvat\/\" \/>\n<meta property=\"og:site_name\" content=\"Kuninkaanportti Hartola\" \/>\n<meta property=\"article:modified_time\" content=\"2025-10-21T03:52:45+00:00\" \/>\n<meta property=\"og:image\" content=\"https:\/\/www.kuninkaanportti.fi\/wp-content\/uploads\/2022\/05\/kalastus-1.jpg\" \/>\n\t<meta property=\"og:image:width\" content=\"1241\" \/>\n\t<meta property=\"og:image:height\" content=\"448\" \/>\n\t<meta property=\"og:image:type\" content=\"image\/jpeg\" \/>\n<meta name=\"twitter:card\" content=\"summary_large_image\" \/>\n<meta name=\"twitter:label1\" content=\"Estimated reading time\" \/>\n\t<meta name=\"twitter:data1\" content=\"2 minutes\" \/>\n<script type=\"application\/ld+json\" class=\"yoast-schema-graph\">{\"@context\":\"https:\/\/schema.org\",\"@graph\":[{\"@type\":\"WebPage\",\"@id\":\"https:\/\/www.kuninkaanportti.fi\/kalastusluvat\/\",\"url\":\"https:\/\/www.kuninkaanportti.fi\/kalastusluvat\/\",\"name\":\"Kalastusluvat Tainionvirta - Osta meilt\u00e4 Kuninkaan Portilta\",\"isPartOf\":{\"@id\":\"https:\/\/www.kuninkaanportti.fi\/#website\"},\"primaryImageOfPage\":{\"@id\":\"https:\/\/www.kuninkaanportti.fi\/kalastusluvat\/#primaryimage\"},\"image\":{\"@id\":\"https:\/\/www.kuninkaanportti.fi\/kalastusluvat\/#primaryimage\"},\"thumbnailUrl\":\"https:\/\/www.kuninkaanportti.fi\/wp-content\/uploads\/2022\/05\/kalastus-1.jpg\",\"datePublished\":\"2022-05-23T05:02:58+00:00\",\"dateModified\":\"2025-10-21T03:52:45+00:00\",\"description\":\"Hanki helposti Tainiovirran kalastusluvat Kuninkaanportilta Hartolasta. Samalla voit hankkia ev\u00e4\u00e4t kalastusretkellesi\",\"breadcrumb\":{\"@id\":\"https:\/\/www.kuninkaanportti.fi\/kalastusluvat\/#breadcrumb\"},\"inLanguage\":\"en-GB\",\"potentialAction\":[{\"@type\":\"ReadAction\",\"target\":[\"https:\/\/www.kuninkaanportti.fi\/kalastusluvat\/\"]}]},{\"@type\":\"ImageObject\",\"inLanguage\":\"en-GB\",\"@id\":\"https:\/\/www.kuninkaanportti.fi\/kalastusluvat\/#primaryimage\",\"url\":\"https:\/\/www.kuninkaanportti.fi\/wp-content\/uploads\/2022\/05\/kalastus-1.jpg\",\"contentUrl\":\"https:\/\/www.kuninkaanportti.fi\/wp-content\/uploads\/2022\/05\/kalastus-1.jpg\",\"width\":1241,\"height\":448},{\"@type\":\"BreadcrumbList\",\"@id\":\"https:\/\/www.kuninkaanportti.fi\/kalastusluvat\/#breadcrumb\",\"itemListElement\":[{\"@type\":\"ListItem\",\"position\":1,\"name\":\"Etusivu\",\"item\":\"https:\/\/www.kuninkaanportti.fi\/\"},{\"@type\":\"ListItem\",\"position\":2,\"name\":\"Kalastusluvat\"}]},{\"@type\":\"WebSite\",\"@id\":\"https:\/\/www.kuninkaanportti.fi\/#website\",\"url\":\"https:\/\/www.kuninkaanportti.fi\/\",\"name\":\"Kuninkaanportti Hartola\",\"description\":\"Lounasravintola &amp; kokous- ja juhlapalvelut\",\"publisher\":{\"@id\":\"https:\/\/www.kuninkaanportti.fi\/#organization\"},\"potentialAction\":[{\"@type\":\"SearchAction\",\"target\":{\"@type\":\"EntryPoint\",\"urlTemplate\":\"https:\/\/www.kuninkaanportti.fi\/?s={search_term_string}\"},\"query-input\":{\"@type\":\"PropertyValueSpecification\",\"valueRequired\":true,\"valueName\":\"search_term_string\"}}],\"inLanguage\":\"en-GB\"},{\"@type\":\"Organization\",\"@id\":\"https:\/\/www.kuninkaanportti.fi\/#organization\",\"name\":\"Kuninkaanportti Hartola\",\"url\":\"https:\/\/www.kuninkaanportti.fi\/\",\"logo\":{\"@type\":\"ImageObject\",\"inLanguage\":\"en-GB\",\"@id\":\"https:\/\/www.kuninkaanportti.fi\/#\/schema\/logo\/image\/\",\"url\":\"https:\/\/www.kuninkaanportti.fi\/wp-content\/uploads\/2021\/03\/cropped-kuninkaanportti_logo_512.png\",\"contentUrl\":\"https:\/\/www.kuninkaanportti.fi\/wp-content\/uploads\/2021\/03\/cropped-kuninkaanportti_logo_512.png\",\"width\":512,\"height\":512,\"caption\":\"Kuninkaanportti Hartola\"},\"image\":{\"@id\":\"https:\/\/www.kuninkaanportti.fi\/#\/schema\/logo\/image\/\"}}]}<\/script>\n<!-- \/ Yoast SEO plugin. -->","yoast_head_json":{"title":"Fishing permits Tainionvirta - Buy now from King's Gate","description":"Get easy Tainiovirra fishing permits from King's Gate in Hartola. At the same time you can buy some snacks for your fishing trip","robots":{"index":"index","follow":"follow","max-snippet":"max-snippet:-1","max-image-preview":"max-image-preview:large","max-video-preview":"max-video-preview:-1"},"canonical":"https:\/\/www.kuninkaanportti.fi\/en\/kalastusluvat\/","og_locale":"en_GB","og_type":"article","og_title":"Kalastusluvat Tainionvirta - Osta meilt\u00e4 Kuninkaan Portilta","og_description":"Hanki helposti Tainiovirran kalastusluvat Kuninkaanportilta Hartolasta. Samalla voit hankkia ev\u00e4\u00e4t kalastusretkellesi","og_url":"https:\/\/www.kuninkaanportti.fi\/en\/kalastusluvat\/","og_site_name":"Kuninkaanportti Hartola","article_modified_time":"2025-10-21T03:52:45+00:00","og_image":[{"width":1241,"height":448,"url":"https:\/\/www.kuninkaanportti.fi\/wp-content\/uploads\/2022\/05\/kalastus-1.jpg","type":"image\/jpeg"}],"twitter_card":"summary_large_image","twitter_misc":{"Estimated reading time":"2 minutes"},"schema":{"@context":"https:\/\/schema.org","@graph":[{"@type":"WebPage","@id":"https:\/\/www.kuninkaanportti.fi\/kalastusluvat\/","url":"https:\/\/www.kuninkaanportti.fi\/kalastusluvat\/","name":"Fishing permits Tainionvirta - Buy now from King's Gate","isPartOf":{"@id":"https:\/\/www.kuninkaanportti.fi\/#website"},"primaryImageOfPage":{"@id":"https:\/\/www.kuninkaanportti.fi\/kalastusluvat\/#primaryimage"},"image":{"@id":"https:\/\/www.kuninkaanportti.fi\/kalastusluvat\/#primaryimage"},"thumbnailUrl":"https:\/\/www.kuninkaanportti.fi\/wp-content\/uploads\/2022\/05\/kalastus-1.jpg","datePublished":"2022-05-23T05:02:58+00:00","dateModified":"2025-10-21T03:52:45+00:00","description":"Get easy Tainiovirra fishing permits from King's Gate in Hartola. At the same time you can buy some snacks for your fishing trip","breadcrumb":{"@id":"https:\/\/www.kuninkaanportti.fi\/kalastusluvat\/#breadcrumb"},"inLanguage":"en-GB","potentialAction":[{"@type":"ReadAction","target":["https:\/\/www.kuninkaanportti.fi\/kalastusluvat\/"]}]},{"@type":"ImageObject","inLanguage":"en-GB","@id":"https:\/\/www.kuninkaanportti.fi\/kalastusluvat\/#primaryimage","url":"https:\/\/www.kuninkaanportti.fi\/wp-content\/uploads\/2022\/05\/kalastus-1.jpg","contentUrl":"https:\/\/www.kuninkaanportti.fi\/wp-content\/uploads\/2022\/05\/kalastus-1.jpg","width":1241,"height":448},{"@type":"BreadcrumbList","@id":"https:\/\/www.kuninkaanportti.fi\/kalastusluvat\/#breadcrumb","itemListElement":[{"@type":"ListItem","position":1,"name":"Etusivu","item":"https:\/\/www.kuninkaanportti.fi\/"},{"@type":"ListItem","position":2,"name":"Kalastusluvat"}]},{"@type":"WebSite","@id":"https:\/\/www.kuninkaanportti.fi\/#website","url":"https:\/\/www.kuninkaanportti.fi\/","name":"King's Gate Hartola","description":"Lunch restaurant &amp; meeting and banqueting services","publisher":{"@id":"https:\/\/www.kuninkaanportti.fi\/#organization"},"potentialAction":[{"@type":"SearchAction","target":{"@type":"EntryPoint","urlTemplate":"https:\/\/www.kuninkaanportti.fi\/?s={search_term_string}"},"query-input":{"@type":"PropertyValueSpecification","valueRequired":true,"valueName":"search_term_string"}}],"inLanguage":"en-GB"},{"@type":"Organization","@id":"https:\/\/www.kuninkaanportti.fi\/#organization","name":"King's Gate Hartola","url":"https:\/\/www.kuninkaanportti.fi\/","logo":{"@type":"ImageObject","inLanguage":"en-GB","@id":"https:\/\/www.kuninkaanportti.fi\/#\/schema\/logo\/image\/","url":"https:\/\/www.kuninkaanportti.fi\/wp-content\/uploads\/2021\/03\/cropped-kuninkaanportti_logo_512.png","contentUrl":"https:\/\/www.kuninkaanportti.fi\/wp-content\/uploads\/2021\/03\/cropped-kuninkaanportti_logo_512.png","width":512,"height":512,"caption":"Kuninkaanportti Hartola"},"image":{"@id":"https:\/\/www.kuninkaanportti.fi\/#\/schema\/logo\/image\/"}}]}},"_links":{"self":[{"href":"https:\/\/www.kuninkaanportti.fi\/en\/wp-json\/wp\/v2\/pages\/2564","targetHints":{"allow":["GET"]}}],"collection":[{"href":"https:\/\/www.kuninkaanportti.fi\/en\/wp-json\/wp\/v2\/pages"}],"about":[{"href":"https:\/\/www.kuninkaanportti.fi\/en\/wp-json\/wp\/v2\/types\/page"}],"author":[{"embeddable":true,"href":"https:\/\/www.kuninkaanportti.fi\/en\/wp-json\/wp\/v2\/users\/1"}],"replies":[{"embeddable":true,"href":"https:\/\/www.kuninkaanportti.fi\/en\/wp-json\/wp\/v2\/comments?post=2564"}],"version-history":[{"count":62,"href":"https:\/\/www.kuninkaanportti.fi\/en\/wp-json\/wp\/v2\/pages\/2564\/revisions"}],"predecessor-version":[{"id":5366,"href":"https:\/\/www.kuninkaanportti.fi\/en\/wp-json\/wp\/v2\/pages\/2564\/revisions\/5366"}],"wp:featuredmedia":[{"embeddable":true,"href":"https:\/\/www.kuninkaanportti.fi\/en\/wp-json\/wp\/v2\/media\/2587"}],"wp:attachment":[{"href":"https:\/\/www.kuninkaanportti.fi\/en\/wp-json\/wp\/v2\/media?parent=2564"}],"curies":[{"name":"wp","href":"https:\/\/api.w.org\/{rel}","templated":true}]}}