{"id":1235,"date":"2021-04-27T13:42:13","date_gmt":"2021-04-27T10:42:13","guid":{"rendered":"https:\/\/www.kuninkaanportti.fi\/?page_id=1235"},"modified":"2025-03-06T16:42:36","modified_gmt":"2025-03-06T14:42:36","slug":"juhlasali","status":"publish","type":"page","link":"https:\/\/www.kuninkaanportti.fi\/en\/juhlasali\/","title":{"rendered":"Ballroom"},"content":{"rendered":"<div data-elementor-type=\"wp-page\" data-elementor-id=\"1235\" class=\"elementor elementor-1235\">\n\t\t\t\t\t\t<section class=\"elementor-section elementor-top-section elementor-element elementor-element-ff44852 elementor-section-stretched elementor-section-boxed elementor-section-height-default elementor-section-height-default\" data-id=\"ff44852\" data-element_type=\"section\" data-e-type=\"section\" data-settings=\"{&quot;stretch_section&quot;:&quot;section-stretched&quot;}\">\n\t\t\t\t\t\t<div class=\"elementor-container elementor-column-gap-default\">\n\t\t\t\t\t<div class=\"elementor-column elementor-col-33 elementor-top-column elementor-element elementor-element-dba0538\" data-id=\"dba0538\" data-element_type=\"column\" data-e-type=\"column\">\n\t\t\t<div class=\"elementor-widget-wrap elementor-element-populated\">\n\t\t\t\t\t\t<div class=\"elementor-element elementor-element-6af7e89 elementor-widget elementor-widget-wp-widget-nav_menu\" data-id=\"6af7e89\" data-element_type=\"widget\" data-e-type=\"widget\" data-widget_type=\"wp-widget-nav_menu.default\">\n\t\t\t\t<div class=\"elementor-widget-container\">\n\t\t\t\t\t<h5>Introductions<\/h5><div class=\"menu-juhlapalvelut-container\"><ul id=\"menu-juhlapalvelut\" class=\"menu\"><li id=\"menu-item-993\" class=\"menu-item menu-item-type-custom menu-item-object-custom menu-item-993\"><a href=\"\/en\/sauna-ja-pesutilat\/\">Sauna and washroom<\/a><\/li>\n<li id=\"menu-item-994\" class=\"menu-item menu-item-type-custom menu-item-object-custom menu-item-994\"><a href=\"\/en\/takkakabinetti\/\">Cabinet<\/a><\/li>\n<li id=\"menu-item-995\" class=\"menu-item menu-item-type-custom menu-item-object-custom menu-item-995\"><a href=\"\/en\/juhlasali\/\">Ballroom<\/a><\/li>\n<\/ul><\/div>\t\t\t\t<\/div>\n\t\t\t\t<\/div>\n\t\t\t\t<div class=\"elementor-element elementor-element-e434377 elementor-widget elementor-widget-wp-widget-nav_menu\" data-id=\"e434377\" data-element_type=\"widget\" data-e-type=\"widget\" data-widget_type=\"wp-widget-nav_menu.default\">\n\t\t\t\t<div class=\"elementor-widget-container\">\n\t\t\t\t\t<h5>Printable menus<\/h5><div class=\"menu-tulostettavat-menut-container\"><ul id=\"menu-tulostettavat-menut\" class=\"menu\"><li id=\"menu-item-1808\" class=\"menu-item menu-item-type-custom menu-item-object-custom menu-item-1808\"><a href=\"https:\/\/www.kuninkaanportti.fi\/wp-content\/uploads\/2025\/03\/Portti-Tilausmenut-noutopoydasta.pdf\">Menu for parties<\/a><\/li>\n<li id=\"menu-item-1809\" class=\"menu-item menu-item-type-custom menu-item-object-custom menu-item-1809\"><a href=\"https:\/\/www.kuninkaanportti.fi\/wp-content\/uploads\/2025\/03\/Portti-Kokoustarjoilut.pdf\">Menu for meetings<\/a><\/li>\n<li id=\"menu-item-1810\" class=\"menu-item menu-item-type-custom menu-item-object-custom menu-item-1810\"><a href=\"https:\/\/www.kuninkaanportti.fi\/wp-content\/uploads\/2024\/04\/Portti-Saunamenut2024.pdf\">Menu for sauna evenings<\/a><\/li>\n<\/ul><\/div>\t\t\t\t<\/div>\n\t\t\t\t<\/div>\n\t\t\t\t\t<\/div>\n\t\t<\/div>\n\t\t\t\t<div class=\"elementor-column elementor-col-66 elementor-top-column elementor-element elementor-element-9b359c5\" data-id=\"9b359c5\" data-element_type=\"column\" data-e-type=\"column\">\n\t\t\t<div class=\"elementor-widget-wrap elementor-element-populated\">\n\t\t\t\t\t\t<div class=\"elementor-element elementor-element-14386fc elementor-widget elementor-widget-heading\" data-id=\"14386fc\" data-element_type=\"widget\" data-e-type=\"widget\" data-widget_type=\"heading.default\">\n\t\t\t\t<div class=\"elementor-widget-container\">\n\t\t\t\t\t<h2 class=\"elementor-heading-title elementor-size-default\">Ballroom<\/h2>\t\t\t\t<\/div>\n\t\t\t\t<\/div>\n\t\t\t\t<div class=\"elementor-element elementor-element-fa85a2e elementor-widget-divider--view-line_icon elementor-view-default elementor-widget-divider--element-align-center elementor-widget elementor-widget-divider\" data-id=\"fa85a2e\" data-element_type=\"widget\" data-e-type=\"widget\" data-widget_type=\"divider.default\">\n\t\t\t\t<div class=\"elementor-widget-container\">\n\t\t\t\t\t\t\t<div class=\"elementor-divider\">\n\t\t\t<span class=\"elementor-divider-separator\">\n\t\t\t\t\t\t\t<div class=\"elementor-icon elementor-divider__element\">\n\t\t\t\t\t<i aria-hidden=\"true\" class=\"fas fa-crown\"><\/i><\/div>\n\t\t\t\t\t\t<\/span>\n\t\t<\/div>\n\t\t\t\t\t\t<\/div>\n\t\t\t\t<\/div>\n\t\t\t\t<div class=\"elementor-element elementor-element-6ac02b0 elementor-widget elementor-widget-text-editor\" data-id=\"6ac02b0\" data-element_type=\"widget\" data-e-type=\"widget\" data-widget_type=\"text-editor.default\">\n\t\t\t\t<div class=\"elementor-widget-container\">\n\t\t\t\t\t\t\t\t\t<div><blockquote><p>Catering for 80 persons<\/p><p>AV-technology<\/p><p>Alcoholic beverages<\/p><p>Price 100\u20ac\/day or 30\u20ac\/h<\/p><\/blockquote><\/div>\t\t\t\t\t\t\t\t<\/div>\n\t\t\t\t<\/div>\n\t\t\t\t<div class=\"elementor-element elementor-element-c2f8207 elementor-widget elementor-widget-text-editor\" data-id=\"c2f8207\" data-element_type=\"widget\" data-e-type=\"widget\" data-widget_type=\"text-editor.default\">\n\t\t\t\t<div class=\"elementor-widget-container\">\n\t\t\t\t\t\t\t\t\t<p><a href=\"https:\/\/www.kuninkaanportti.fi\/en\/tilausmenut-noutopoydasta\/\"><strong>Options:<\/strong><\/a><\/p><p><a href=\"https:\/\/www.kuninkaanportti.fi\/en\/kokouspaketti-2\/\"><strong>Meeting packages<\/strong><\/a><\/p>\t\t\t\t\t\t\t\t<\/div>\n\t\t\t\t<\/div>\n\t\t\t\t<div class=\"elementor-element elementor-element-3b9ef02 elementor-widget elementor-widget-image\" data-id=\"3b9ef02\" data-element_type=\"widget\" data-e-type=\"widget\" data-settings=\"{&quot;_animation&quot;:&quot;none&quot;}\" data-widget_type=\"image.default\">\n\t\t\t\t<div class=\"elementor-widget-container\">\n\t\t\t\t\t\t\t\t\t\t\t\t\t\t\t<img fetchpriority=\"high\" decoding=\"async\" width=\"750\" height=\"299\" src=\"https:\/\/www.kuninkaanportti.fi\/wp-content\/uploads\/2021\/03\/Kuvakollaasi_isosali-1024x408.jpg\" class=\"attachment-large size-large wp-image-161\" alt=\"\" srcset=\"https:\/\/www.kuninkaanportti.fi\/wp-content\/uploads\/2021\/03\/Kuvakollaasi_isosali-1024x408.jpg 1024w, https:\/\/www.kuninkaanportti.fi\/wp-content\/uploads\/2021\/03\/Kuvakollaasi_isosali-300x120.jpg 300w, https:\/\/www.kuninkaanportti.fi\/wp-content\/uploads\/2021\/03\/Kuvakollaasi_isosali-768x306.jpg 768w, https:\/\/www.kuninkaanportti.fi\/wp-content\/uploads\/2021\/03\/Kuvakollaasi_isosali-1536x612.jpg 1536w, https:\/\/www.kuninkaanportti.fi\/wp-content\/uploads\/2021\/03\/Kuvakollaasi_isosali.jpg 1566w\" sizes=\"(max-width: 750px) 100vw, 750px\" \/>\t\t\t\t\t\t\t\t\t\t\t\t\t\t\t<\/div>\n\t\t\t\t<\/div>\n\t\t\t\t<div class=\"elementor-element elementor-element-1edb4a6 elementor-widget elementor-widget-image\" data-id=\"1edb4a6\" data-element_type=\"widget\" data-e-type=\"widget\" data-widget_type=\"image.default\">\n\t\t\t\t<div class=\"elementor-widget-container\">\n\t\t\t\t\t\t\t\t\t\t\t\t\t\t\t<img decoding=\"async\" width=\"750\" height=\"793\" src=\"https:\/\/www.kuninkaanportti.fi\/wp-content\/uploads\/2025\/01\/W0A2943-scaled-e1738152325141-768x812.jpg\" class=\"attachment-medium_large size-medium_large wp-image-4824\" alt=\"\" srcset=\"https:\/\/www.kuninkaanportti.fi\/wp-content\/uploads\/2025\/01\/W0A2943-scaled-e1738152325141-768x812.jpg 768w, https:\/\/www.kuninkaanportti.fi\/wp-content\/uploads\/2025\/01\/W0A2943-scaled-e1738152325141-284x300.jpg 284w, https:\/\/www.kuninkaanportti.fi\/wp-content\/uploads\/2025\/01\/W0A2943-scaled-e1738152325141-968x1024.jpg 968w, https:\/\/www.kuninkaanportti.fi\/wp-content\/uploads\/2025\/01\/W0A2943-scaled-e1738152325141-1453x1536.jpg 1453w, https:\/\/www.kuninkaanportti.fi\/wp-content\/uploads\/2025\/01\/W0A2943-scaled-e1738152325141-11x12.jpg 11w, https:\/\/www.kuninkaanportti.fi\/wp-content\/uploads\/2025\/01\/W0A2943-scaled-e1738152325141.jpg 1707w\" sizes=\"(max-width: 750px) 100vw, 750px\" \/>\t\t\t\t\t\t\t\t\t\t\t\t\t\t\t<\/div>\n\t\t\t\t<\/div>\n\t\t\t\t\t<\/div>\n\t\t<\/div>\n\t\t\t\t\t<\/div>\n\t\t<\/section>\n\t\t\t\t<section class=\"elementor-section elementor-top-section elementor-element elementor-element-5abaa09 elementor-section-boxed elementor-section-height-default elementor-section-height-default\" data-id=\"5abaa09\" data-element_type=\"section\" data-e-type=\"section\">\n\t\t\t\t\t\t<div class=\"elementor-container elementor-column-gap-default\">\n\t\t\t\t\t<div class=\"elementor-column elementor-col-100 elementor-top-column elementor-element elementor-element-590d2da\" data-id=\"590d2da\" data-element_type=\"column\" data-e-type=\"column\">\n\t\t\t<div class=\"elementor-widget-wrap elementor-element-populated\">\n\t\t\t\t\t\t<div class=\"elementor-element elementor-element-6b32bfa elementor-widget elementor-widget-button\" data-id=\"6b32bfa\" data-element_type=\"widget\" data-e-type=\"widget\" data-widget_type=\"button.default\">\n\t\t\t\t<div class=\"elementor-widget-container\">\n\t\t\t\t\t\t\t\t\t<div class=\"elementor-button-wrapper\">\n\t\t\t\t\t<a class=\"elementor-button elementor-button-link elementor-size-sm\" href=\"https:\/\/www.kuninkaanportti.fi\/en\/yhteydenotto\/\">\n\t\t\t\t\t\t<span class=\"elementor-button-content-wrapper\">\n\t\t\t\t\t\t\t\t\t<span class=\"elementor-button-text\">Request a quote here<\/span>\n\t\t\t\t\t<\/span>\n\t\t\t\t\t<\/a>\n\t\t\t\t<\/div>\n\t\t\t\t\t\t\t\t<\/div>\n\t\t\t\t<\/div>\n\t\t\t\t\t<\/div>\n\t\t<\/div>\n\t\t\t\t\t<\/div>\n\t\t<\/section>\n\t\t\t\t<\/div>","protected":false},"excerpt":{"rendered":"<p>Banquet hall Restaurant for 80 people AV technology A rights Price 100\u20ac\/day or 30\u20ac\/h Serving options for parties Meeting packages Request a quote here<\/p>","protected":false},"author":1,"featured_media":4818,"parent":0,"menu_order":0,"comment_status":"closed","ping_status":"closed","template":"","meta":{"footnotes":""},"class_list":["post-1235","page","type-page","status-publish","has-post-thumbnail","hentry"],"yoast_head":"<!-- This site is optimized with the Yoast SEO plugin v24.8.1 - https:\/\/yoast.com\/wordpress\/plugins\/seo\/ -->\n<title>Kuninkaan Portin alakerran juhlasalissa pid\u00e4t l\u00e4mminhenkiset juhlat<\/title>\n<meta name=\"description\" content=\"Tilausravintola 120 henkil\u00f6lle Tainionvirran upeassa maisemassa. Pid\u00e4 kokouksesi, juhlasi tai saunailtasi meill\u00e4 Kuninkaan Portilla.\" \/>\n<meta name=\"robots\" content=\"index, follow, max-snippet:-1, max-image-preview:large, max-video-preview:-1\" \/>\n<link rel=\"canonical\" href=\"https:\/\/www.kuninkaanportti.fi\/en\/juhlasali\/\" \/>\n<meta property=\"og:locale\" content=\"en_GB\" \/>\n<meta property=\"og:type\" content=\"article\" \/>\n<meta property=\"og:title\" content=\"Kuninkaan Portin alakerran juhlasalissa pid\u00e4t l\u00e4mminhenkiset juhlat\" \/>\n<meta property=\"og:description\" content=\"Tilausravintola 120 henkil\u00f6lle Tainionvirran upeassa maisemassa. Pid\u00e4 kokouksesi, juhlasi tai saunailtasi meill\u00e4 Kuninkaan Portilla.\" \/>\n<meta property=\"og:url\" content=\"https:\/\/www.kuninkaanportti.fi\/en\/juhlasali\/\" \/>\n<meta property=\"og:site_name\" content=\"Kuninkaanportti Hartola\" \/>\n<meta property=\"article:modified_time\" content=\"2025-03-06T14:42:36+00:00\" \/>\n<meta property=\"og:image\" content=\"https:\/\/www.kuninkaanportti.fi\/wp-content\/uploads\/2025\/01\/W0A2070-Edit-scaled-e1738063198950.jpg\" \/>\n\t<meta property=\"og:image:width\" content=\"2103\" \/>\n\t<meta property=\"og:image:height\" content=\"1126\" \/>\n\t<meta property=\"og:image:type\" content=\"image\/jpeg\" \/>\n<meta name=\"twitter:card\" content=\"summary_large_image\" \/>\n<meta name=\"twitter:label1\" content=\"Estimated reading time\" \/>\n\t<meta name=\"twitter:data1\" content=\"1 minute\" \/>\n<script type=\"application\/ld+json\" class=\"yoast-schema-graph\">{\"@context\":\"https:\/\/schema.org\",\"@graph\":[{\"@type\":\"WebPage\",\"@id\":\"https:\/\/www.kuninkaanportti.fi\/juhlasali\/\",\"url\":\"https:\/\/www.kuninkaanportti.fi\/juhlasali\/\",\"name\":\"Kuninkaan Portin alakerran juhlasalissa pid\u00e4t l\u00e4mminhenkiset juhlat\",\"isPartOf\":{\"@id\":\"https:\/\/www.kuninkaanportti.fi\/#website\"},\"primaryImageOfPage\":{\"@id\":\"https:\/\/www.kuninkaanportti.fi\/juhlasali\/#primaryimage\"},\"image\":{\"@id\":\"https:\/\/www.kuninkaanportti.fi\/juhlasali\/#primaryimage\"},\"thumbnailUrl\":\"https:\/\/www.kuninkaanportti.fi\/wp-content\/uploads\/2025\/01\/W0A2070-Edit-scaled-e1738063198950.jpg\",\"datePublished\":\"2021-04-27T10:42:13+00:00\",\"dateModified\":\"2025-03-06T14:42:36+00:00\",\"description\":\"Tilausravintola 120 henkil\u00f6lle Tainionvirran upeassa maisemassa. Pid\u00e4 kokouksesi, juhlasi tai saunailtasi meill\u00e4 Kuninkaan Portilla.\",\"breadcrumb\":{\"@id\":\"https:\/\/www.kuninkaanportti.fi\/juhlasali\/#breadcrumb\"},\"inLanguage\":\"en-GB\",\"potentialAction\":[{\"@type\":\"ReadAction\",\"target\":[\"https:\/\/www.kuninkaanportti.fi\/juhlasali\/\"]}]},{\"@type\":\"ImageObject\",\"inLanguage\":\"en-GB\",\"@id\":\"https:\/\/www.kuninkaanportti.fi\/juhlasali\/#primaryimage\",\"url\":\"https:\/\/www.kuninkaanportti.fi\/wp-content\/uploads\/2025\/01\/W0A2070-Edit-scaled-e1738063198950.jpg\",\"contentUrl\":\"https:\/\/www.kuninkaanportti.fi\/wp-content\/uploads\/2025\/01\/W0A2070-Edit-scaled-e1738063198950.jpg\",\"width\":2103,\"height\":1126},{\"@type\":\"BreadcrumbList\",\"@id\":\"https:\/\/www.kuninkaanportti.fi\/juhlasali\/#breadcrumb\",\"itemListElement\":[{\"@type\":\"ListItem\",\"position\":1,\"name\":\"Etusivu\",\"item\":\"https:\/\/www.kuninkaanportti.fi\/\"},{\"@type\":\"ListItem\",\"position\":2,\"name\":\"Juhlasali\"}]},{\"@type\":\"WebSite\",\"@id\":\"https:\/\/www.kuninkaanportti.fi\/#website\",\"url\":\"https:\/\/www.kuninkaanportti.fi\/\",\"name\":\"Kuninkaanportti Hartola\",\"description\":\"Lounasravintola &amp; kokous- ja juhlapalvelut\",\"publisher\":{\"@id\":\"https:\/\/www.kuninkaanportti.fi\/#organization\"},\"potentialAction\":[{\"@type\":\"SearchAction\",\"target\":{\"@type\":\"EntryPoint\",\"urlTemplate\":\"https:\/\/www.kuninkaanportti.fi\/?s={search_term_string}\"},\"query-input\":{\"@type\":\"PropertyValueSpecification\",\"valueRequired\":true,\"valueName\":\"search_term_string\"}}],\"inLanguage\":\"en-GB\"},{\"@type\":\"Organization\",\"@id\":\"https:\/\/www.kuninkaanportti.fi\/#organization\",\"name\":\"Kuninkaanportti Hartola\",\"url\":\"https:\/\/www.kuninkaanportti.fi\/\",\"logo\":{\"@type\":\"ImageObject\",\"inLanguage\":\"en-GB\",\"@id\":\"https:\/\/www.kuninkaanportti.fi\/#\/schema\/logo\/image\/\",\"url\":\"https:\/\/www.kuninkaanportti.fi\/wp-content\/uploads\/2021\/03\/cropped-kuninkaanportti_logo_512.png\",\"contentUrl\":\"https:\/\/www.kuninkaanportti.fi\/wp-content\/uploads\/2021\/03\/cropped-kuninkaanportti_logo_512.png\",\"width\":512,\"height\":512,\"caption\":\"Kuninkaanportti Hartola\"},\"image\":{\"@id\":\"https:\/\/www.kuninkaanportti.fi\/#\/schema\/logo\/image\/\"}}]}<\/script>\n<!-- \/ Yoast SEO plugin. -->","yoast_head_json":{"title":"The downstairs ballroom of the King's Gate will host a warm and friendly party","description":"Restaurant for 120 people in the beautiful landscape of Tainionvirta. Hold your meeting, party or sauna with us at the King's Gate.","robots":{"index":"index","follow":"follow","max-snippet":"max-snippet:-1","max-image-preview":"max-image-preview:large","max-video-preview":"max-video-preview:-1"},"canonical":"https:\/\/www.kuninkaanportti.fi\/en\/juhlasali\/","og_locale":"en_GB","og_type":"article","og_title":"Kuninkaan Portin alakerran juhlasalissa pid\u00e4t l\u00e4mminhenkiset juhlat","og_description":"Tilausravintola 120 henkil\u00f6lle Tainionvirran upeassa maisemassa. Pid\u00e4 kokouksesi, juhlasi tai saunailtasi meill\u00e4 Kuninkaan Portilla.","og_url":"https:\/\/www.kuninkaanportti.fi\/en\/juhlasali\/","og_site_name":"Kuninkaanportti Hartola","article_modified_time":"2025-03-06T14:42:36+00:00","og_image":[{"width":2103,"height":1126,"url":"https:\/\/www.kuninkaanportti.fi\/wp-content\/uploads\/2025\/01\/W0A2070-Edit-scaled-e1738063198950.jpg","type":"image\/jpeg"}],"twitter_card":"summary_large_image","twitter_misc":{"Estimated reading time":"1 minute"},"schema":{"@context":"https:\/\/schema.org","@graph":[{"@type":"WebPage","@id":"https:\/\/www.kuninkaanportti.fi\/juhlasali\/","url":"https:\/\/www.kuninkaanportti.fi\/juhlasali\/","name":"The downstairs ballroom of the King's Gate will host a warm and friendly party","isPartOf":{"@id":"https:\/\/www.kuninkaanportti.fi\/#website"},"primaryImageOfPage":{"@id":"https:\/\/www.kuninkaanportti.fi\/juhlasali\/#primaryimage"},"image":{"@id":"https:\/\/www.kuninkaanportti.fi\/juhlasali\/#primaryimage"},"thumbnailUrl":"https:\/\/www.kuninkaanportti.fi\/wp-content\/uploads\/2025\/01\/W0A2070-Edit-scaled-e1738063198950.jpg","datePublished":"2021-04-27T10:42:13+00:00","dateModified":"2025-03-06T14:42:36+00:00","description":"Restaurant for 120 people in the beautiful landscape of Tainionvirta. Hold your meeting, party or sauna with us at the King's Gate.","breadcrumb":{"@id":"https:\/\/www.kuninkaanportti.fi\/juhlasali\/#breadcrumb"},"inLanguage":"en-GB","potentialAction":[{"@type":"ReadAction","target":["https:\/\/www.kuninkaanportti.fi\/juhlasali\/"]}]},{"@type":"ImageObject","inLanguage":"en-GB","@id":"https:\/\/www.kuninkaanportti.fi\/juhlasali\/#primaryimage","url":"https:\/\/www.kuninkaanportti.fi\/wp-content\/uploads\/2025\/01\/W0A2070-Edit-scaled-e1738063198950.jpg","contentUrl":"https:\/\/www.kuninkaanportti.fi\/wp-content\/uploads\/2025\/01\/W0A2070-Edit-scaled-e1738063198950.jpg","width":2103,"height":1126},{"@type":"BreadcrumbList","@id":"https:\/\/www.kuninkaanportti.fi\/juhlasali\/#breadcrumb","itemListElement":[{"@type":"ListItem","position":1,"name":"Etusivu","item":"https:\/\/www.kuninkaanportti.fi\/"},{"@type":"ListItem","position":2,"name":"Juhlasali"}]},{"@type":"WebSite","@id":"https:\/\/www.kuninkaanportti.fi\/#website","url":"https:\/\/www.kuninkaanportti.fi\/","name":"King's Gate Hartola","description":"Lunch restaurant &amp; meeting and banqueting services","publisher":{"@id":"https:\/\/www.kuninkaanportti.fi\/#organization"},"potentialAction":[{"@type":"SearchAction","target":{"@type":"EntryPoint","urlTemplate":"https:\/\/www.kuninkaanportti.fi\/?s={search_term_string}"},"query-input":{"@type":"PropertyValueSpecification","valueRequired":true,"valueName":"search_term_string"}}],"inLanguage":"en-GB"},{"@type":"Organization","@id":"https:\/\/www.kuninkaanportti.fi\/#organization","name":"King's Gate Hartola","url":"https:\/\/www.kuninkaanportti.fi\/","logo":{"@type":"ImageObject","inLanguage":"en-GB","@id":"https:\/\/www.kuninkaanportti.fi\/#\/schema\/logo\/image\/","url":"https:\/\/www.kuninkaanportti.fi\/wp-content\/uploads\/2021\/03\/cropped-kuninkaanportti_logo_512.png","contentUrl":"https:\/\/www.kuninkaanportti.fi\/wp-content\/uploads\/2021\/03\/cropped-kuninkaanportti_logo_512.png","width":512,"height":512,"caption":"Kuninkaanportti Hartola"},"image":{"@id":"https:\/\/www.kuninkaanportti.fi\/#\/schema\/logo\/image\/"}}]}},"_links":{"self":[{"href":"https:\/\/www.kuninkaanportti.fi\/en\/wp-json\/wp\/v2\/pages\/1235","targetHints":{"allow":["GET"]}}],"collection":[{"href":"https:\/\/www.kuninkaanportti.fi\/en\/wp-json\/wp\/v2\/pages"}],"about":[{"href":"https:\/\/www.kuninkaanportti.fi\/en\/wp-json\/wp\/v2\/types\/page"}],"author":[{"embeddable":true,"href":"https:\/\/www.kuninkaanportti.fi\/en\/wp-json\/wp\/v2\/users\/1"}],"replies":[{"embeddable":true,"href":"https:\/\/www.kuninkaanportti.fi\/en\/wp-json\/wp\/v2\/comments?post=1235"}],"version-history":[{"count":44,"href":"https:\/\/www.kuninkaanportti.fi\/en\/wp-json\/wp\/v2\/pages\/1235\/revisions"}],"predecessor-version":[{"id":4997,"href":"https:\/\/www.kuninkaanportti.fi\/en\/wp-json\/wp\/v2\/pages\/1235\/revisions\/4997"}],"wp:featuredmedia":[{"embeddable":true,"href":"https:\/\/www.kuninkaanportti.fi\/en\/wp-json\/wp\/v2\/media\/4818"}],"wp:attachment":[{"href":"https:\/\/www.kuninkaanportti.fi\/en\/wp-json\/wp\/v2\/media?parent=1235"}],"curies":[{"name":"wp","href":"https:\/\/api.w.org\/{rel}","templated":true}]}}