{"id":1231,"date":"2021-04-27T13:41:34","date_gmt":"2021-04-27T10:41:34","guid":{"rendered":"https:\/\/www.kuninkaanportti.fi\/?page_id=1231"},"modified":"2025-03-06T14:14:17","modified_gmt":"2025-03-06T12:14:17","slug":"sauna-ja-pesutilat","status":"publish","type":"page","link":"https:\/\/www.kuninkaanportti.fi\/en\/sauna-ja-pesutilat\/","title":{"rendered":"Sauna and washroom"},"content":{"rendered":"<div data-elementor-type=\"wp-page\" data-elementor-id=\"1231\" class=\"elementor elementor-1231\">\n\t\t\t\t\t\t<section class=\"elementor-section elementor-top-section elementor-element elementor-element-a943bd8 elementor-section-stretched elementor-section-boxed elementor-section-height-default elementor-section-height-default\" data-id=\"a943bd8\" data-element_type=\"section\" data-e-type=\"section\" data-settings=\"{&quot;stretch_section&quot;:&quot;section-stretched&quot;}\">\n\t\t\t\t\t\t<div class=\"elementor-container elementor-column-gap-default\">\n\t\t\t\t\t<div class=\"elementor-column elementor-col-33 elementor-top-column elementor-element elementor-element-9769701\" data-id=\"9769701\" data-element_type=\"column\" data-e-type=\"column\">\n\t\t\t<div class=\"elementor-widget-wrap elementor-element-populated\">\n\t\t\t\t\t\t<div class=\"elementor-element elementor-element-4d7944e elementor-widget elementor-widget-wp-widget-nav_menu\" data-id=\"4d7944e\" data-element_type=\"widget\" data-e-type=\"widget\" data-widget_type=\"wp-widget-nav_menu.default\">\n\t\t\t\t<div class=\"elementor-widget-container\">\n\t\t\t\t\t<h5>Introductions<\/h5><div class=\"menu-juhlapalvelut-container\"><ul id=\"menu-juhlapalvelut\" class=\"menu\"><li id=\"menu-item-993\" class=\"menu-item menu-item-type-custom menu-item-object-custom menu-item-993\"><a href=\"\/en\/sauna-ja-pesutilat\/\">Sauna and washroom<\/a><\/li>\n<li id=\"menu-item-994\" class=\"menu-item menu-item-type-custom menu-item-object-custom menu-item-994\"><a href=\"\/en\/takkakabinetti\/\">Cabinet<\/a><\/li>\n<li id=\"menu-item-995\" class=\"menu-item menu-item-type-custom menu-item-object-custom menu-item-995\"><a href=\"\/en\/juhlasali\/\">Ballroom<\/a><\/li>\n<\/ul><\/div>\t\t\t\t<\/div>\n\t\t\t\t<\/div>\n\t\t\t\t<div class=\"elementor-element elementor-element-34ecc4d elementor-widget elementor-widget-wp-widget-nav_menu\" data-id=\"34ecc4d\" data-element_type=\"widget\" data-e-type=\"widget\" data-widget_type=\"wp-widget-nav_menu.default\">\n\t\t\t\t<div class=\"elementor-widget-container\">\n\t\t\t\t\t<h5>Printable menus<\/h5><div class=\"menu-tulostettavat-menut-container\"><ul id=\"menu-tulostettavat-menut\" class=\"menu\"><li id=\"menu-item-1808\" class=\"menu-item menu-item-type-custom menu-item-object-custom menu-item-1808\"><a href=\"https:\/\/www.kuninkaanportti.fi\/wp-content\/uploads\/2025\/03\/Portti-Tilausmenut-noutopoydasta.pdf\">Menu for parties<\/a><\/li>\n<li id=\"menu-item-1809\" class=\"menu-item menu-item-type-custom menu-item-object-custom menu-item-1809\"><a href=\"https:\/\/www.kuninkaanportti.fi\/wp-content\/uploads\/2025\/03\/Portti-Kokoustarjoilut.pdf\">Menu for meetings<\/a><\/li>\n<li id=\"menu-item-1810\" class=\"menu-item menu-item-type-custom menu-item-object-custom menu-item-1810\"><a href=\"https:\/\/www.kuninkaanportti.fi\/wp-content\/uploads\/2024\/04\/Portti-Saunamenut2024.pdf\">Menu for sauna evenings<\/a><\/li>\n<\/ul><\/div>\t\t\t\t<\/div>\n\t\t\t\t<\/div>\n\t\t\t\t\t<\/div>\n\t\t<\/div>\n\t\t\t\t<div class=\"elementor-column elementor-col-66 elementor-top-column elementor-element elementor-element-4d48c32\" data-id=\"4d48c32\" data-element_type=\"column\" data-e-type=\"column\">\n\t\t\t<div class=\"elementor-widget-wrap elementor-element-populated\">\n\t\t\t\t\t\t<div class=\"elementor-element elementor-element-e5c123c elementor-widget elementor-widget-heading\" data-id=\"e5c123c\" data-element_type=\"widget\" data-e-type=\"widget\" data-widget_type=\"heading.default\">\n\t\t\t\t<div class=\"elementor-widget-container\">\n\t\t\t\t\t<h2 class=\"elementor-heading-title elementor-size-default\">Sauna and washroom<\/h2>\t\t\t\t<\/div>\n\t\t\t\t<\/div>\n\t\t\t\t<div class=\"elementor-element elementor-element-a25b081 elementor-widget-divider--view-line_icon elementor-view-default elementor-widget-divider--element-align-center elementor-widget elementor-widget-divider\" data-id=\"a25b081\" data-element_type=\"widget\" data-e-type=\"widget\" data-widget_type=\"divider.default\">\n\t\t\t\t<div class=\"elementor-widget-container\">\n\t\t\t\t\t\t\t<div class=\"elementor-divider\">\n\t\t\t<span class=\"elementor-divider-separator\">\n\t\t\t\t\t\t\t<div class=\"elementor-icon elementor-divider__element\">\n\t\t\t\t\t<i aria-hidden=\"true\" class=\"fas fa-crown\"><\/i><\/div>\n\t\t\t\t\t\t<\/span>\n\t\t<\/div>\n\t\t\t\t\t\t<\/div>\n\t\t\t\t<\/div>\n\t\t\t\t<div class=\"elementor-element elementor-element-e36a3f4 elementor-widget elementor-widget-text-editor\" data-id=\"e36a3f4\" data-element_type=\"widget\" data-e-type=\"widget\" data-widget_type=\"text-editor.default\">\n\t\t\t\t<div class=\"elementor-widget-container\">\n\t\t\t\t\t\t\t\t\t<div><\/div><div><blockquote><p>Sauna for 10 persons<\/p><p>Jacuzzi for 8 persons<\/p><p>Price 120\u20ac \/ 2h. Extra hours 40\u20ac\/h (price includes Sauna, jacuzzi and towels)<\/p><\/blockquote><\/div>\t\t\t\t\t\t\t\t<\/div>\n\t\t\t\t<\/div>\n\t\t\t\t<div class=\"elementor-element elementor-element-2785e28 elementor-widget-divider--view-line_icon elementor-view-default elementor-widget-divider--element-align-center elementor-widget elementor-widget-divider\" data-id=\"2785e28\" data-element_type=\"widget\" data-e-type=\"widget\" data-widget_type=\"divider.default\">\n\t\t\t\t<div class=\"elementor-widget-container\">\n\t\t\t\t\t\t\t<div class=\"elementor-divider\">\n\t\t\t<span class=\"elementor-divider-separator\">\n\t\t\t\t\t\t\t<div class=\"elementor-icon elementor-divider__element\">\n\t\t\t\t\t<i aria-hidden=\"true\" class=\"fas fa-crown\"><\/i><\/div>\n\t\t\t\t\t\t<\/span>\n\t\t<\/div>\n\t\t\t\t\t\t<\/div>\n\t\t\t\t<\/div>\n\t\t\t\t<div class=\"elementor-element elementor-element-170bb1e elementor-widget elementor-widget-heading\" data-id=\"170bb1e\" data-element_type=\"widget\" data-e-type=\"widget\" data-widget_type=\"heading.default\">\n\t\t\t\t<div class=\"elementor-widget-container\">\n\t\t\t\t\t<h4 class=\"elementor-heading-title elementor-size-default\">Menu for Sauna\n\n<\/h4>\t\t\t\t<\/div>\n\t\t\t\t<\/div>\n\t\t\t\t<div class=\"elementor-element elementor-element-634a54c elementor-widget elementor-widget-text-editor\" data-id=\"634a54c\" data-element_type=\"widget\" data-e-type=\"widget\" data-widget_type=\"text-editor.default\">\n\t\t\t\t<div class=\"elementor-widget-container\">\n\t\t\t\t\t\t\t\t\t<p><em>The layout of the ground floor <a href=\"https:\/\/www.kuninkaanportti.fi\/en\/takkakabinetti\/\">Fireplace cabinet<\/a>in. Group size min. 10 persons.<\/em><\/p><p><em>All menus can be included with gluten free bread. All Sauna menus include: Drinks: Water, home brewed beer and catering with serving.\u00a0<\/em><\/p>\t\t\t\t\t\t\t\t<\/div>\n\t\t\t\t<\/div>\n\t\t\t\t<div class=\"elementor-element elementor-element-8ef7dae elementor-widget elementor-widget-text-editor\" data-id=\"8ef7dae\" data-element_type=\"widget\" data-e-type=\"widget\" data-widget_type=\"text-editor.default\">\n\t\t\t\t<div class=\"elementor-widget-container\">\n\t\t\t\t\t\t\t\t\t<p><strong>Saunamenu 1<\/strong><\/p><p>Green salad with house dressing (M,G)<br \/>Beetroot (M,G) Cucumber (M,G)<br \/>Salmon, vegetarian, chicken, ham, or kebab sauce (L,G) of your choice and taste.<br \/>House rolls, butter and cream cheese spread (L)<\/p><p><strong>20,90\u20ac\/person<\/strong><\/p>\t\t\t\t\t\t\t\t<\/div>\n\t\t\t\t<\/div>\n\t\t\t\t<div class=\"elementor-element elementor-element-56ea9a2 elementor-widget elementor-widget-text-editor\" data-id=\"56ea9a2\" data-element_type=\"widget\" data-e-type=\"widget\" data-widget_type=\"text-editor.default\">\n\t\t\t\t<div class=\"elementor-widget-container\">\n\t\t\t\t\t\t\t\t\t<p><strong>Sauna menu 2<\/strong><\/p><p>Green salad with house dressing (M,G)<br \/>Lime-Coleslaw salad (M,G)<br \/>Country potato salad (M,G)<br \/>BBQ sauerkraut and aioli (M,G)<br \/>Country sausage roll (L,G)<br \/>Roasted herb potatoes (M,G)<br \/>House rolls, butter and cream cheese spread (L,G)<\/p><p><strong>29,90\u20ac\/person<\/strong><\/p>\t\t\t\t\t\t\t\t<\/div>\n\t\t\t\t<\/div>\n\t\t\t\t<section class=\"elementor-section elementor-inner-section elementor-element elementor-element-e43799e elementor-section-boxed elementor-section-height-default elementor-section-height-default\" data-id=\"e43799e\" data-element_type=\"section\" data-e-type=\"section\">\n\t\t\t\t\t\t<div class=\"elementor-container elementor-column-gap-default\">\n\t\t\t\t\t<div class=\"elementor-column elementor-col-100 elementor-inner-column elementor-element elementor-element-6cabdea\" data-id=\"6cabdea\" data-element_type=\"column\" data-e-type=\"column\">\n\t\t\t<div class=\"elementor-widget-wrap\">\n\t\t\t\t\t\t\t<\/div>\n\t\t<\/div>\n\t\t\t\t\t<\/div>\n\t\t<\/section>\n\t\t\t\t<div class=\"elementor-element elementor-element-925e25c elementor-widget elementor-widget-image\" data-id=\"925e25c\" data-element_type=\"widget\" data-e-type=\"widget\" data-widget_type=\"image.default\">\n\t\t\t\t<div class=\"elementor-widget-container\">\n\t\t\t\t\t\t\t\t\t\t\t\t\t\t\t<img fetchpriority=\"high\" decoding=\"async\" width=\"750\" height=\"327\" src=\"https:\/\/www.kuninkaanportti.fi\/wp-content\/uploads\/2021\/03\/Kuvakollaasi_sauna-1024x447.jpg\" class=\"attachment-large size-large wp-image-162\" alt=\"\" srcset=\"https:\/\/www.kuninkaanportti.fi\/wp-content\/uploads\/2021\/03\/Kuvakollaasi_sauna-1024x447.jpg 1024w, https:\/\/www.kuninkaanportti.fi\/wp-content\/uploads\/2021\/03\/Kuvakollaasi_sauna-300x131.jpg 300w, https:\/\/www.kuninkaanportti.fi\/wp-content\/uploads\/2021\/03\/Kuvakollaasi_sauna-768x335.jpg 768w, https:\/\/www.kuninkaanportti.fi\/wp-content\/uploads\/2021\/03\/Kuvakollaasi_sauna.jpg 1427w\" sizes=\"(max-width: 750px) 100vw, 750px\" \/>\t\t\t\t\t\t\t\t\t\t\t\t\t\t\t<\/div>\n\t\t\t\t<\/div>\n\t\t\t\t<div class=\"elementor-element elementor-element-3232104 elementor-widget elementor-widget-image\" data-id=\"3232104\" data-element_type=\"widget\" data-e-type=\"widget\" data-widget_type=\"image.default\">\n\t\t\t\t<div class=\"elementor-widget-container\">\n\t\t\t\t\t\t\t\t\t\t\t\t\t\t\t<img decoding=\"async\" width=\"750\" height=\"323\" src=\"https:\/\/www.kuninkaanportti.fi\/wp-content\/uploads\/2021\/04\/Palju-e1738149792112.jpg\" class=\"attachment-large size-large wp-image-1264\" alt=\"\" srcset=\"https:\/\/www.kuninkaanportti.fi\/wp-content\/uploads\/2021\/04\/Palju-e1738149792112.jpg 800w, https:\/\/www.kuninkaanportti.fi\/wp-content\/uploads\/2021\/04\/Palju-e1738149792112-300x129.jpg 300w, https:\/\/www.kuninkaanportti.fi\/wp-content\/uploads\/2021\/04\/Palju-e1738149792112-768x331.jpg 768w, https:\/\/www.kuninkaanportti.fi\/wp-content\/uploads\/2021\/04\/Palju-e1738149792112-18x8.jpg 18w\" sizes=\"(max-width: 750px) 100vw, 750px\" \/>\t\t\t\t\t\t\t\t\t\t\t\t\t\t\t<\/div>\n\t\t\t\t<\/div>\n\t\t\t\t\t<\/div>\n\t\t<\/div>\n\t\t\t\t\t<\/div>\n\t\t<\/section>\n\t\t\t\t<\/div>","protected":false},"excerpt":{"rendered":"<p>Sauna- ja pesutilat Sauna 10 hl\u00f6 Jacucci (ulkoporeamme) 8 hl\u00f6 Hinta 120\u20ac \/ 2h. Lis\u00e4tunnit 40\u20ac\/h (hinta sis\u00e4lt\u00e4\u00e4 saunan,poreet,pyyhkeet) Saunamenut Kattaus alakerran takkakabinettiin. Ryhm\u00e4koko min. 10 henkil\u00f6\u00e4. Kaikkiin menuihin saatavilla gluteeniton leip\u00e4. Kaikki saunamenut sis\u00e4lt\u00e4v\u00e4t: ruokajuomat; vesi, kotikalja sek\u00e4 kattauksen ja tarjoilun.\u00a0 Saunamenu 1 Vihersalaattia ja talon salaatinkastiketta (M,G)Etikkapunajuuria (M,G) [&hellip;]<\/p>\n","protected":false},"author":1,"featured_media":1264,"parent":0,"menu_order":0,"comment_status":"closed","ping_status":"closed","template":"","meta":{"footnotes":""},"class_list":["post-1231","page","type-page","status-publish","has-post-thumbnail","hentry"],"yoast_head":"<!-- This site is optimized with the Yoast SEO plugin v24.8.1 - https:\/\/yoast.com\/wordpress\/plugins\/seo\/ -->\n<title>Kuninkaan Portin sauna -ja pesutilat, katso kuvat t\u00e4\u00e4lt\u00e4<\/title>\n<meta name=\"description\" content=\"Varaa viihtyis\u00e4 ulkoporeamme ja viet\u00e4 laatuaikaa yst\u00e4viesi tai perheesi kanssa Tainionvirran kupeessa. Voit varata vaikka heti!\" \/>\n<meta name=\"robots\" content=\"index, follow, max-snippet:-1, max-image-preview:large, max-video-preview:-1\" \/>\n<link rel=\"canonical\" href=\"https:\/\/www.kuninkaanportti.fi\/en\/sauna-ja-pesutilat\/\" \/>\n<meta property=\"og:locale\" content=\"en_GB\" \/>\n<meta property=\"og:type\" content=\"article\" \/>\n<meta property=\"og:title\" content=\"Kuninkaan Portin sauna -ja pesutilat, katso kuvat t\u00e4\u00e4lt\u00e4\" \/>\n<meta property=\"og:description\" content=\"Varaa viihtyis\u00e4 ulkoporeamme ja viet\u00e4 laatuaikaa yst\u00e4viesi tai perheesi kanssa Tainionvirran kupeessa. Voit varata vaikka heti!\" \/>\n<meta property=\"og:url\" content=\"https:\/\/www.kuninkaanportti.fi\/en\/sauna-ja-pesutilat\/\" \/>\n<meta property=\"og:site_name\" content=\"Kuninkaanportti Hartola\" \/>\n<meta property=\"article:modified_time\" content=\"2025-03-06T12:14:17+00:00\" \/>\n<meta property=\"og:image\" content=\"https:\/\/www.kuninkaanportti.fi\/wp-content\/uploads\/2021\/04\/Palju-e1738149792112.jpg\" \/>\n\t<meta property=\"og:image:width\" content=\"800\" \/>\n\t<meta property=\"og:image:height\" content=\"345\" \/>\n\t<meta property=\"og:image:type\" content=\"image\/jpeg\" \/>\n<meta name=\"twitter:card\" content=\"summary_large_image\" \/>\n<meta name=\"twitter:label1\" content=\"Estimated reading time\" \/>\n\t<meta name=\"twitter:data1\" content=\"2 minutes\" \/>\n<script type=\"application\/ld+json\" class=\"yoast-schema-graph\">{\"@context\":\"https:\/\/schema.org\",\"@graph\":[{\"@type\":\"WebPage\",\"@id\":\"https:\/\/www.kuninkaanportti.fi\/sauna-ja-pesutilat\/\",\"url\":\"https:\/\/www.kuninkaanportti.fi\/sauna-ja-pesutilat\/\",\"name\":\"Kuninkaan Portin sauna -ja pesutilat, katso kuvat t\u00e4\u00e4lt\u00e4\",\"isPartOf\":{\"@id\":\"https:\/\/www.kuninkaanportti.fi\/#website\"},\"primaryImageOfPage\":{\"@id\":\"https:\/\/www.kuninkaanportti.fi\/sauna-ja-pesutilat\/#primaryimage\"},\"image\":{\"@id\":\"https:\/\/www.kuninkaanportti.fi\/sauna-ja-pesutilat\/#primaryimage\"},\"thumbnailUrl\":\"https:\/\/www.kuninkaanportti.fi\/wp-content\/uploads\/2021\/04\/Palju-e1738149792112.jpg\",\"datePublished\":\"2021-04-27T10:41:34+00:00\",\"dateModified\":\"2025-03-06T12:14:17+00:00\",\"description\":\"Varaa viihtyis\u00e4 ulkoporeamme ja viet\u00e4 laatuaikaa yst\u00e4viesi tai perheesi kanssa Tainionvirran kupeessa. Voit varata vaikka heti!\",\"breadcrumb\":{\"@id\":\"https:\/\/www.kuninkaanportti.fi\/sauna-ja-pesutilat\/#breadcrumb\"},\"inLanguage\":\"en-GB\",\"potentialAction\":[{\"@type\":\"ReadAction\",\"target\":[\"https:\/\/www.kuninkaanportti.fi\/sauna-ja-pesutilat\/\"]}]},{\"@type\":\"ImageObject\",\"inLanguage\":\"en-GB\",\"@id\":\"https:\/\/www.kuninkaanportti.fi\/sauna-ja-pesutilat\/#primaryimage\",\"url\":\"https:\/\/www.kuninkaanportti.fi\/wp-content\/uploads\/2021\/04\/Palju-e1738149792112.jpg\",\"contentUrl\":\"https:\/\/www.kuninkaanportti.fi\/wp-content\/uploads\/2021\/04\/Palju-e1738149792112.jpg\",\"width\":800,\"height\":345},{\"@type\":\"BreadcrumbList\",\"@id\":\"https:\/\/www.kuninkaanportti.fi\/sauna-ja-pesutilat\/#breadcrumb\",\"itemListElement\":[{\"@type\":\"ListItem\",\"position\":1,\"name\":\"Etusivu\",\"item\":\"https:\/\/www.kuninkaanportti.fi\/\"},{\"@type\":\"ListItem\",\"position\":2,\"name\":\"Sauna- ja pesutilat\"}]},{\"@type\":\"WebSite\",\"@id\":\"https:\/\/www.kuninkaanportti.fi\/#website\",\"url\":\"https:\/\/www.kuninkaanportti.fi\/\",\"name\":\"Kuninkaanportti Hartola\",\"description\":\"Lounasravintola &amp; kokous- ja juhlapalvelut\",\"publisher\":{\"@id\":\"https:\/\/www.kuninkaanportti.fi\/#organization\"},\"potentialAction\":[{\"@type\":\"SearchAction\",\"target\":{\"@type\":\"EntryPoint\",\"urlTemplate\":\"https:\/\/www.kuninkaanportti.fi\/?s={search_term_string}\"},\"query-input\":{\"@type\":\"PropertyValueSpecification\",\"valueRequired\":true,\"valueName\":\"search_term_string\"}}],\"inLanguage\":\"en-GB\"},{\"@type\":\"Organization\",\"@id\":\"https:\/\/www.kuninkaanportti.fi\/#organization\",\"name\":\"Kuninkaanportti Hartola\",\"url\":\"https:\/\/www.kuninkaanportti.fi\/\",\"logo\":{\"@type\":\"ImageObject\",\"inLanguage\":\"en-GB\",\"@id\":\"https:\/\/www.kuninkaanportti.fi\/#\/schema\/logo\/image\/\",\"url\":\"https:\/\/www.kuninkaanportti.fi\/wp-content\/uploads\/2021\/03\/cropped-kuninkaanportti_logo_512.png\",\"contentUrl\":\"https:\/\/www.kuninkaanportti.fi\/wp-content\/uploads\/2021\/03\/cropped-kuninkaanportti_logo_512.png\",\"width\":512,\"height\":512,\"caption\":\"Kuninkaanportti Hartola\"},\"image\":{\"@id\":\"https:\/\/www.kuninkaanportti.fi\/#\/schema\/logo\/image\/\"}}]}<\/script>\n<!-- \/ Yoast SEO plugin. -->","yoast_head_json":{"title":"Sauna and washrooms at the King's Gate, see photos here","description":"Book our cosy outdoor terrace and spend quality time with your friends or family by the Tainionvirta. You can book now!","robots":{"index":"index","follow":"follow","max-snippet":"max-snippet:-1","max-image-preview":"max-image-preview:large","max-video-preview":"max-video-preview:-1"},"canonical":"https:\/\/www.kuninkaanportti.fi\/en\/sauna-ja-pesutilat\/","og_locale":"en_GB","og_type":"article","og_title":"Kuninkaan Portin sauna -ja pesutilat, katso kuvat t\u00e4\u00e4lt\u00e4","og_description":"Varaa viihtyis\u00e4 ulkoporeamme ja viet\u00e4 laatuaikaa yst\u00e4viesi tai perheesi kanssa Tainionvirran kupeessa. Voit varata vaikka heti!","og_url":"https:\/\/www.kuninkaanportti.fi\/en\/sauna-ja-pesutilat\/","og_site_name":"Kuninkaanportti Hartola","article_modified_time":"2025-03-06T12:14:17+00:00","og_image":[{"width":800,"height":345,"url":"https:\/\/www.kuninkaanportti.fi\/wp-content\/uploads\/2021\/04\/Palju-e1738149792112.jpg","type":"image\/jpeg"}],"twitter_card":"summary_large_image","twitter_misc":{"Estimated reading time":"2 minutes"},"schema":{"@context":"https:\/\/schema.org","@graph":[{"@type":"WebPage","@id":"https:\/\/www.kuninkaanportti.fi\/sauna-ja-pesutilat\/","url":"https:\/\/www.kuninkaanportti.fi\/sauna-ja-pesutilat\/","name":"Sauna and washrooms at the King's Gate, see photos here","isPartOf":{"@id":"https:\/\/www.kuninkaanportti.fi\/#website"},"primaryImageOfPage":{"@id":"https:\/\/www.kuninkaanportti.fi\/sauna-ja-pesutilat\/#primaryimage"},"image":{"@id":"https:\/\/www.kuninkaanportti.fi\/sauna-ja-pesutilat\/#primaryimage"},"thumbnailUrl":"https:\/\/www.kuninkaanportti.fi\/wp-content\/uploads\/2021\/04\/Palju-e1738149792112.jpg","datePublished":"2021-04-27T10:41:34+00:00","dateModified":"2025-03-06T12:14:17+00:00","description":"Book our cosy outdoor terrace and spend quality time with your friends or family by the Tainionvirta. You can book now!","breadcrumb":{"@id":"https:\/\/www.kuninkaanportti.fi\/sauna-ja-pesutilat\/#breadcrumb"},"inLanguage":"en-GB","potentialAction":[{"@type":"ReadAction","target":["https:\/\/www.kuninkaanportti.fi\/sauna-ja-pesutilat\/"]}]},{"@type":"ImageObject","inLanguage":"en-GB","@id":"https:\/\/www.kuninkaanportti.fi\/sauna-ja-pesutilat\/#primaryimage","url":"https:\/\/www.kuninkaanportti.fi\/wp-content\/uploads\/2021\/04\/Palju-e1738149792112.jpg","contentUrl":"https:\/\/www.kuninkaanportti.fi\/wp-content\/uploads\/2021\/04\/Palju-e1738149792112.jpg","width":800,"height":345},{"@type":"BreadcrumbList","@id":"https:\/\/www.kuninkaanportti.fi\/sauna-ja-pesutilat\/#breadcrumb","itemListElement":[{"@type":"ListItem","position":1,"name":"Etusivu","item":"https:\/\/www.kuninkaanportti.fi\/"},{"@type":"ListItem","position":2,"name":"Sauna- ja pesutilat"}]},{"@type":"WebSite","@id":"https:\/\/www.kuninkaanportti.fi\/#website","url":"https:\/\/www.kuninkaanportti.fi\/","name":"King's Gate Hartola","description":"Lunch restaurant &amp; meeting and banqueting services","publisher":{"@id":"https:\/\/www.kuninkaanportti.fi\/#organization"},"potentialAction":[{"@type":"SearchAction","target":{"@type":"EntryPoint","urlTemplate":"https:\/\/www.kuninkaanportti.fi\/?s={search_term_string}"},"query-input":{"@type":"PropertyValueSpecification","valueRequired":true,"valueName":"search_term_string"}}],"inLanguage":"en-GB"},{"@type":"Organization","@id":"https:\/\/www.kuninkaanportti.fi\/#organization","name":"King's Gate Hartola","url":"https:\/\/www.kuninkaanportti.fi\/","logo":{"@type":"ImageObject","inLanguage":"en-GB","@id":"https:\/\/www.kuninkaanportti.fi\/#\/schema\/logo\/image\/","url":"https:\/\/www.kuninkaanportti.fi\/wp-content\/uploads\/2021\/03\/cropped-kuninkaanportti_logo_512.png","contentUrl":"https:\/\/www.kuninkaanportti.fi\/wp-content\/uploads\/2021\/03\/cropped-kuninkaanportti_logo_512.png","width":512,"height":512,"caption":"Kuninkaanportti Hartola"},"image":{"@id":"https:\/\/www.kuninkaanportti.fi\/#\/schema\/logo\/image\/"}}]}},"_links":{"self":[{"href":"https:\/\/www.kuninkaanportti.fi\/en\/wp-json\/wp\/v2\/pages\/1231","targetHints":{"allow":["GET"]}}],"collection":[{"href":"https:\/\/www.kuninkaanportti.fi\/en\/wp-json\/wp\/v2\/pages"}],"about":[{"href":"https:\/\/www.kuninkaanportti.fi\/en\/wp-json\/wp\/v2\/types\/page"}],"author":[{"embeddable":true,"href":"https:\/\/www.kuninkaanportti.fi\/en\/wp-json\/wp\/v2\/users\/1"}],"replies":[{"embeddable":true,"href":"https:\/\/www.kuninkaanportti.fi\/en\/wp-json\/wp\/v2\/comments?post=1231"}],"version-history":[{"count":50,"href":"https:\/\/www.kuninkaanportti.fi\/en\/wp-json\/wp\/v2\/pages\/1231\/revisions"}],"predecessor-version":[{"id":4979,"href":"https:\/\/www.kuninkaanportti.fi\/en\/wp-json\/wp\/v2\/pages\/1231\/revisions\/4979"}],"wp:featuredmedia":[{"embeddable":true,"href":"https:\/\/www.kuninkaanportti.fi\/en\/wp-json\/wp\/v2\/media\/1264"}],"wp:attachment":[{"href":"https:\/\/www.kuninkaanportti.fi\/en\/wp-json\/wp\/v2\/media?parent=1231"}],"curies":[{"name":"wp","href":"https:\/\/api.w.org\/{rel}","templated":true}]}}